{"id":946,"date":"2023-05-06T21:31:05","date_gmt":"2023-05-06T18:31:05","guid":{"rendered":"https:\/\/www.eskamarket.com\/urun\/e475-pge-esters-polyglyceriques-dacides-gras-25-kg\/"},"modified":"2025-08-25T00:48:03","modified_gmt":"2025-08-24T21:48:03","slug":"e475-pge-esters-polyglyceriques-dacides-gras-25-kg","status":"publish","type":"product","link":"https:\/\/www.eskamarket.com\/fr\/urun\/e475-pge-esters-polyglyceriques-dacides-gras-25-kg\/","title":{"rendered":"E475 PGE Esters polyglyc\u00e9riques d&rsquo;acides gras &#8211; 25 KG"},"content":{"rendered":"<h1><strong>E475 PGE Esters polyglyc\u00e9riques d&rsquo;acides gras &#8211; 25 KG<\/strong><\/h1>\n<p>E475 PGE Polyglycerol Esters of Fatty Acids est un additif alimentaire polyvalent obtenu par est\u00e9rification du polyglyc\u00e9rol avec des acides gras d&rsquo;huiles v\u00e9g\u00e9tales. Cet \u00e9mulsifiant contient de l&rsquo;ester d&rsquo;acide gras total, des acides gras libres, du glyc\u00e9rol total et du glyc\u00e9rol libre. Il a une couleur jaune clair \u00e0 fonc\u00e9, un aspect solide cireux et se caract\u00e9rise par sa capacit\u00e9 \u00e0 se dissoudre dans l&rsquo;eau chaude.  <\/p>\n<hr>\n<h2><strong>E475 PGE Esters polyglyc\u00e9riques d&rsquo;acides gras Utilisations et avantages<\/strong><\/h2>\n<h3><strong>1. l&rsquo;\u00e9mulsification et la stabilisation :<\/strong><\/h3>\n<p>Le E475 forme des \u00e9mulsions stables en maintenant ensemble diff\u00e9rentes phases telles que l&rsquo;eau et l&rsquo;huile. Il assure une distribution homog\u00e8ne dans la margarine, les cr\u00e8mes, les sauces et autres produits \u00e0 base de mati\u00e8res grasses. Cela permet de maintenir la consistance et l&rsquo;homog\u00e9n\u00e9it\u00e9 souhait\u00e9es des produits.  <\/p>\n<h3><strong>2. l&rsquo;am\u00e9lioration de la texture et de la sensation en bouche :<\/strong><\/h3>\n<p>Il conf\u00e8re une texture lisse et homog\u00e8ne \u00e0 de nombreux produits, des produits de boulangerie aux confiseries. Il am\u00e9liore la structure de la mie dans des produits tels que les g\u00e2teaux, les cakes et les g\u00e9noises et donne au consommateur une sensation de douceur et de satisfaction en bouche. <\/p>\n<h3><strong>3. la pr\u00e9vention de l&rsquo;\u00e9crasement :<\/strong><\/h3>\n<p>Le E475 pr\u00e9serve la fra\u00eecheur des produits de boulangerie en retardant le rassissement. En interagissant avec les mol\u00e9cules d&rsquo;amidon, il r\u00e9duit la perte d&rsquo;humidit\u00e9 et prolonge la dur\u00e9e de conservation. Il s&rsquo;agit d&rsquo;un avantage consid\u00e9rable, en particulier pour les produits tels que le pain et les g\u00e2teaux.  <\/p>\n<h3><strong>4. prolonger la dur\u00e9e de conservation :<\/strong><\/h3>\n<p>Les propri\u00e9t\u00e9s conservatrices du E475 prolongent la dur\u00e9e de conservation des produits alimentaires en emp\u00eachant la croissance des micro-organismes et la perte d&rsquo;humidit\u00e9. Cette caract\u00e9ristique permet de r\u00e9aliser d&rsquo;importantes \u00e9conomies dans la production commerciale. <\/p>\n<h3><strong>5. la substitution des graisses et le contr\u00f4le des calories :<\/strong><\/h3>\n<p>Le E475 peut \u00eatre utilis\u00e9 comme substitut d&rsquo;huile dans certaines formulations. Il r\u00e9duit la teneur en mati\u00e8res grasses tout en maintenant la texture et la consistance des produits. C&rsquo;est une alternative id\u00e9ale pour les produits \u00e0 faible teneur en mati\u00e8res grasses ou en calories.  <\/p>\n<h3><strong>6) Fouetter et augmenter le volume :<\/strong><\/h3>\n<p>Dans la cr\u00e8me fouett\u00e9e, la cr\u00e8me glac\u00e9e et les produits similaires, il stabilise les bulles d&rsquo;air et augmente le volume pendant le fouettage. Cela contribue \u00e0 donner au produit une consistance l\u00e9g\u00e8re et onctueuse. <\/p>\n<h3><strong>7. d\u00e9veloppement des ar\u00f4mes et contr\u00f4le des ar\u00f4mes :<\/strong><\/h3>\n<p>Le E475 interagit avec les compos\u00e9s aromatiques, rendant les ar\u00f4mes plus prononc\u00e9s. Cela renforce la saveur, en particulier dans le chocolat, les bonbons et les produits de confiserie. <\/p>\n<hr>\n<h2><strong>Domaines d&rsquo;utilisation<\/strong><\/h2>\n<p>Le E475 est utilis\u00e9 dans de nombreux segments de l&rsquo;industrie alimentaire :<\/p>\n<ul>\n<li><strong>Produits de boulangerie :<\/strong> Il est utilis\u00e9 comme am\u00e9liorateur de texture et volumateur dans les g\u00e2teaux, les g\u00e2teaux, les g\u00e9noises et les pains.<\/li>\n<li><strong>Produits \u00e0 base de lait et de cr\u00e8me :<\/strong> Il sert d&rsquo;\u00e9paississant et de stabilisateur dans les cr\u00e8mes glac\u00e9es, les cr\u00e8mes \u00e0 caf\u00e9 et les desserts \u00e0 base de lait.<\/li>\n<li><strong>Confiserie<\/strong> Dans les produits \u00e0 base de sucre, il est pr\u00e9f\u00e9rable d&rsquo;obtenir une texture et une sensation en bouche homog\u00e8nes.<\/li>\n<li><strong>\u00c9mulsions de margarine et d&rsquo;huile :<\/strong> Stabilise le m\u00e9lange huile-eau dans les margarines, emp\u00eache la formation de mousse.<\/li>\n<li><strong>Desserts et glaces :<\/strong> Utilis\u00e9 pour obtenir une consistance cr\u00e9meuse et lisse.<\/li>\n<li><strong>Aliments di\u00e9t\u00e9tiques :<\/strong> Utilis\u00e9 dans la production de produits \u00e0 faible teneur en mati\u00e8res grasses ou en calories.<\/li>\n<li><strong>Produits pharmaceutiques et cosm\u00e9tiques :<\/strong> Il agit comme r\u00e9gulateur tissulaire et stabilisateur dans les pommades, les cr\u00e8mes et les cosm\u00e9tiques.<\/li>\n<\/ul>\n<p>Pour plus d&rsquo;informations sur le E475 et d&rsquo;autres types d&rsquo;\u00e9mulsifiants <a href=\"https:\/\/www.eskamarket.com\/fr\/urun-kategori\/boulangerie\/emulsifiants\/\" target=\"_new\" rel=\"noopener\"><strong>Notre cat\u00e9gorie Emulsifiants<\/strong><\/a> vous pouvez visiter<\/p>\n<hr>\n<h2><strong>Avantages techniques du E475<\/strong><\/h2>\n<h4><strong>Facilit\u00e9 de traitement et de p\u00e9trissage de la p\u00e2te :<\/strong><\/h4>\n<p>Il renforce le r\u00e9seau de gluten dans la p\u00e2te et cr\u00e9e une structure plus stable. Cela permet un p\u00e9trissage plus facile et une plus grande maniabilit\u00e9 dans les processus de boulangerie. <\/p>\n<h4><strong>Augmentation du volume :<\/strong><\/h4>\n<p>Il stabilise les gaz form\u00e9s dans la p\u00e2te pendant la fermentation, ce qui permet d&rsquo;obtenir des produits plus volumineux et plus l\u00e9gers.<\/p>\n<h4><strong>Effets retardateurs de rassissement :<\/strong><\/h4>\n<p>Il emp\u00eache le rassissement des produits de boulangerie et pr\u00e9serve la fra\u00eecheur des produits pendant longtemps.<\/p>\n<h4><strong>Des alternatives plus saines :<\/strong><\/h4>\n<p>En r\u00e9duisant la teneur en mati\u00e8res grasses, il \u00e9vite de compromettre la texture et la saveur dans la production de produits \u00e0 faible teneur en calories.<\/p>\n<hr>\n<h2><strong>Stockage et dur\u00e9e de conservation<\/strong><\/h2>\n<ul>\n<li><strong>Conditions de stockage :<\/strong> Il doit \u00eatre stock\u00e9 dans un environnement frais et sec, dans son emballage d&rsquo;origine.<\/li>\n<li><strong>Dur\u00e9e de conservation :<\/strong> Le produit conserve son efficacit\u00e9 pendant au moins 12 mois s&rsquo;il est conserv\u00e9 dans son emballage d&rsquo;origine.<\/li>\n<\/ul>\n<hr>\n<h3><strong>Sp\u00e9cifications de l&#8217;emballage<\/strong><\/h3>\n<ul>\n<li><strong>Conditionnement :<\/strong> disponible en seaux en plastique d&rsquo;une capacit\u00e9 de 25 kg.<\/li>\n<li><strong>Avantage de l&#8217;emballage :<\/strong> L&#8217;emballage herm\u00e9tique et durable pr\u00e9serve la qualit\u00e9 et la fra\u00eecheur du produit pendant longtemps.<\/li>\n<\/ul>\n<hr>\n<p>Le E475 (esters polyglyc\u00e9riques d&rsquo;acides gras) facilite les processus de production gr\u00e2ce \u00e0 ses avantages polyvalents dans l&rsquo;industrie alimentaire, tout en offrant aux consommateurs des produits de meilleure qualit\u00e9 et de longue dur\u00e9e. Gr\u00e2ce \u00e0 ses propri\u00e9t\u00e9s d&rsquo;\u00e9mulsification, d&rsquo;am\u00e9lioration de la texture, de protection contre le rassissement et d&rsquo;allongement de la dur\u00e9e de conservation, il est pr\u00e9f\u00e9r\u00e9 dans de nombreux domaines, des produits de boulangerie aux produits laitiers, des confiseries aux aliments di\u00e9t\u00e9tiques. C&rsquo;est \u00e9galement un ingr\u00e9dient indispensable pour d\u00e9velopper des produits \u00e0 faible teneur en calories et des alternatives alimentaires saines.  <\/p>\n<p>Ce produit offre une excellente solution aux fabricants de produits alimentaires et constitue un additif id\u00e9al pour des produits finaux de haute qualit\u00e9.<\/p>\n","protected":false},"excerpt":{"rendered":"<p>E475 PGE Esters polyglyc\u00e9riques d&rsquo;acides gras &#8211; 25 KG E475 PGE Polyglycerol Esters of Fatty Acids est un additif alimentaire polyvalent obtenu par est\u00e9rification du polyglyc\u00e9rol avec des acides gras d&rsquo;huiles v\u00e9g\u00e9tales. Cet \u00e9mulsifiant contient de l&rsquo;ester d&rsquo;acide gras total, des acides gras libres, du glyc\u00e9rol total et du glyc\u00e9rol libre. Il a une couleur [&#8230;]\n","protected":false},"featured_media":947,"comment_status":"open","ping_status":"closed","template":"","meta":{"_joinchat":[]},"product_brand":[],"product_cat":[61,62],"product_tag":[],"class_list":{"0":"post-946","1":"product","2":"type-product","3":"status-publish","4":"has-post-thumbnail","6":"product_cat-boulangerie","7":"product_cat-emulsifiants","9":"first","10":"instock","11":"taxable","12":"shipping-taxable","13":"purchasable","14":"product-type-simple"},"yoast_head":"<!-- This site is optimized with the Yoast SEO plugin v27.3 - https:\/\/yoast.com\/product\/yoast-seo-wordpress\/ -->\n<title>E475 PGE Esters polyglyc\u00e9riques d&#039;acides gras - 25 KG - eskamarket<\/title>\n<meta name=\"description\" content=\"E475 PGE Esters polyglyc\u00e9riques d&#039;acides gras \u00c9mulsifiant id\u00e9al pour la boulangerie, les produits laitiers et la confiserie ; am\u00e9liore la texture, le volume et la dur\u00e9e de conservation.\" \/>\n<meta name=\"robots\" content=\"index, follow, max-snippet:-1, max-image-preview:large, max-video-preview:-1\" \/>\n<link rel=\"canonical\" href=\"https:\/\/www.eskamarket.com\/fr\/urun\/e475-pge-esters-polyglyceriques-dacides-gras-25-kg\/\" \/>\n<meta property=\"og:locale\" content=\"fr_FR\" \/>\n<meta property=\"og:type\" content=\"article\" \/>\n<meta property=\"og:title\" content=\"E475 PGE Esters polyglyc\u00e9riques d&#039;acides gras - 25 KG - eskamarket\" \/>\n<meta property=\"og:description\" content=\"E475 PGE Esters polyglyc\u00e9riques d&#039;acides gras \u00c9mulsifiant id\u00e9al pour la boulangerie, les produits laitiers et la confiserie ; am\u00e9liore la texture, le volume et la dur\u00e9e de conservation.\" \/>\n<meta property=\"og:url\" content=\"https:\/\/www.eskamarket.com\/fr\/urun\/e475-pge-esters-polyglyceriques-dacides-gras-25-kg\/\" \/>\n<meta property=\"og:site_name\" content=\"eskamarket\" \/>\n<meta property=\"article:modified_time\" content=\"2025-08-24T21:48:03+00:00\" \/>\n<meta property=\"og:image\" content=\"https:\/\/www.eskamarket.com\/wp-content\/uploads\/2023\/05\/PGE-E475-Yag-Asitlerinin-Poligliserol-Esterleri.jpg\" \/>\n\t<meta property=\"og:image:width\" content=\"1920\" \/>\n\t<meta property=\"og:image:height\" content=\"1440\" \/>\n\t<meta property=\"og:image:type\" content=\"image\/jpeg\" \/>\n<meta name=\"twitter:card\" content=\"summary_large_image\" \/>\n<meta name=\"twitter:label1\" content=\"Dur\u00e9e de lecture estim\u00e9e\" \/>\n\t<meta name=\"twitter:data1\" content=\"5 minutes\" \/>\n<script type=\"application\/ld+json\" class=\"yoast-schema-graph\">{\"@context\":\"https:\\\/\\\/schema.org\",\"@graph\":[{\"@type\":\"WebPage\",\"@id\":\"https:\\\/\\\/www.eskamarket.com\\\/fr\\\/urun\\\/e475-pge-esters-polyglyceriques-dacides-gras-25-kg\\\/\",\"url\":\"https:\\\/\\\/www.eskamarket.com\\\/fr\\\/urun\\\/e475-pge-esters-polyglyceriques-dacides-gras-25-kg\\\/\",\"name\":\"E475 PGE Esters polyglyc\u00e9riques d'acides gras - 25 KG - eskamarket\",\"isPartOf\":{\"@id\":\"https:\\\/\\\/www.eskamarket.com\\\/fr\\\/#website\"},\"primaryImageOfPage\":{\"@id\":\"https:\\\/\\\/www.eskamarket.com\\\/fr\\\/urun\\\/e475-pge-esters-polyglyceriques-dacides-gras-25-kg\\\/#primaryimage\"},\"image\":{\"@id\":\"https:\\\/\\\/www.eskamarket.com\\\/fr\\\/urun\\\/e475-pge-esters-polyglyceriques-dacides-gras-25-kg\\\/#primaryimage\"},\"thumbnailUrl\":\"https:\\\/\\\/www.eskamarket.com\\\/wp-content\\\/uploads\\\/2023\\\/05\\\/PGE-E475-Yag-Asitlerinin-Poligliserol-Esterleri.jpg\",\"datePublished\":\"2023-05-06T18:31:05+00:00\",\"dateModified\":\"2025-08-24T21:48:03+00:00\",\"description\":\"E475 PGE Esters polyglyc\u00e9riques d'acides gras \u00c9mulsifiant id\u00e9al pour la boulangerie, les produits laitiers et la confiserie ; am\u00e9liore la texture, le volume et la dur\u00e9e de conservation.\",\"breadcrumb\":{\"@id\":\"https:\\\/\\\/www.eskamarket.com\\\/fr\\\/urun\\\/e475-pge-esters-polyglyceriques-dacides-gras-25-kg\\\/#breadcrumb\"},\"inLanguage\":\"fr-FR\",\"potentialAction\":[{\"@type\":\"ReadAction\",\"target\":[\"https:\\\/\\\/www.eskamarket.com\\\/fr\\\/urun\\\/e475-pge-esters-polyglyceriques-dacides-gras-25-kg\\\/\"]}]},{\"@type\":\"ImageObject\",\"inLanguage\":\"fr-FR\",\"@id\":\"https:\\\/\\\/www.eskamarket.com\\\/fr\\\/urun\\\/e475-pge-esters-polyglyceriques-dacides-gras-25-kg\\\/#primaryimage\",\"url\":\"https:\\\/\\\/www.eskamarket.com\\\/wp-content\\\/uploads\\\/2023\\\/05\\\/PGE-E475-Yag-Asitlerinin-Poligliserol-Esterleri.jpg\",\"contentUrl\":\"https:\\\/\\\/www.eskamarket.com\\\/wp-content\\\/uploads\\\/2023\\\/05\\\/PGE-E475-Yag-Asitlerinin-Poligliserol-Esterleri.jpg\",\"width\":1920,\"height\":1440,\"caption\":\"PGE E475 Ya\u011f Asitlerinin Poligliserol Esterleri\"},{\"@type\":\"BreadcrumbList\",\"@id\":\"https:\\\/\\\/www.eskamarket.com\\\/fr\\\/urun\\\/e475-pge-esters-polyglyceriques-dacides-gras-25-kg\\\/#breadcrumb\",\"itemListElement\":[{\"@type\":\"ListItem\",\"position\":1,\"name\":\"Anasayfa\",\"item\":\"https:\\\/\\\/www.eskamarket.com\\\/fr\\\/page-daccueil\\\/\"},{\"@type\":\"ListItem\",\"position\":2,\"name\":\"Boutique\",\"item\":\"https:\\\/\\\/www.eskamarket.com\\\/boutique\\\/\"},{\"@type\":\"ListItem\",\"position\":3,\"name\":\"E475 PGE Esters polyglyc\u00e9riques d&rsquo;acides gras &#8211; 25 KG\"}]},{\"@type\":\"WebSite\",\"@id\":\"https:\\\/\\\/www.eskamarket.com\\\/fr\\\/#website\",\"url\":\"https:\\\/\\\/www.eskamarket.com\\\/fr\\\/\",\"name\":\"eskamarket\",\"description\":\"Katk\u0131 Maddeleri ve Hammaddeler\",\"potentialAction\":[{\"@type\":\"SearchAction\",\"target\":{\"@type\":\"EntryPoint\",\"urlTemplate\":\"https:\\\/\\\/www.eskamarket.com\\\/fr\\\/?s={search_term_string}\"},\"query-input\":{\"@type\":\"PropertyValueSpecification\",\"valueRequired\":true,\"valueName\":\"search_term_string\"}}],\"inLanguage\":\"fr-FR\"}]}<\/script>\n<!-- \/ Yoast SEO plugin. -->","yoast_head_json":{"title":"E475 PGE Esters polyglyc\u00e9riques d'acides gras - 25 KG - eskamarket","description":"E475 PGE Esters polyglyc\u00e9riques d'acides gras \u00c9mulsifiant id\u00e9al pour la boulangerie, les produits laitiers et la confiserie ; am\u00e9liore la texture, le volume et la dur\u00e9e de conservation.","robots":{"index":"index","follow":"follow","max-snippet":"max-snippet:-1","max-image-preview":"max-image-preview:large","max-video-preview":"max-video-preview:-1"},"canonical":"https:\/\/www.eskamarket.com\/fr\/urun\/e475-pge-esters-polyglyceriques-dacides-gras-25-kg\/","og_locale":"fr_FR","og_type":"article","og_title":"E475 PGE Esters polyglyc\u00e9riques d'acides gras - 25 KG - eskamarket","og_description":"E475 PGE Esters polyglyc\u00e9riques d'acides gras \u00c9mulsifiant id\u00e9al pour la boulangerie, les produits laitiers et la confiserie ; am\u00e9liore la texture, le volume et la dur\u00e9e de conservation.","og_url":"https:\/\/www.eskamarket.com\/fr\/urun\/e475-pge-esters-polyglyceriques-dacides-gras-25-kg\/","og_site_name":"eskamarket","article_modified_time":"2025-08-24T21:48:03+00:00","og_image":[{"width":1920,"height":1440,"url":"https:\/\/www.eskamarket.com\/wp-content\/uploads\/2023\/05\/PGE-E475-Yag-Asitlerinin-Poligliserol-Esterleri.jpg","type":"image\/jpeg"}],"twitter_card":"summary_large_image","twitter_misc":{"Dur\u00e9e de lecture estim\u00e9e":"5 minutes"},"schema":{"@context":"https:\/\/schema.org","@graph":[{"@type":"WebPage","@id":"https:\/\/www.eskamarket.com\/fr\/urun\/e475-pge-esters-polyglyceriques-dacides-gras-25-kg\/","url":"https:\/\/www.eskamarket.com\/fr\/urun\/e475-pge-esters-polyglyceriques-dacides-gras-25-kg\/","name":"E475 PGE Esters polyglyc\u00e9riques d'acides gras - 25 KG - eskamarket","isPartOf":{"@id":"https:\/\/www.eskamarket.com\/fr\/#website"},"primaryImageOfPage":{"@id":"https:\/\/www.eskamarket.com\/fr\/urun\/e475-pge-esters-polyglyceriques-dacides-gras-25-kg\/#primaryimage"},"image":{"@id":"https:\/\/www.eskamarket.com\/fr\/urun\/e475-pge-esters-polyglyceriques-dacides-gras-25-kg\/#primaryimage"},"thumbnailUrl":"https:\/\/www.eskamarket.com\/wp-content\/uploads\/2023\/05\/PGE-E475-Yag-Asitlerinin-Poligliserol-Esterleri.jpg","datePublished":"2023-05-06T18:31:05+00:00","dateModified":"2025-08-24T21:48:03+00:00","description":"E475 PGE Esters polyglyc\u00e9riques d'acides gras \u00c9mulsifiant id\u00e9al pour la boulangerie, les produits laitiers et la confiserie ; am\u00e9liore la texture, le volume et la dur\u00e9e de conservation.","breadcrumb":{"@id":"https:\/\/www.eskamarket.com\/fr\/urun\/e475-pge-esters-polyglyceriques-dacides-gras-25-kg\/#breadcrumb"},"inLanguage":"fr-FR","potentialAction":[{"@type":"ReadAction","target":["https:\/\/www.eskamarket.com\/fr\/urun\/e475-pge-esters-polyglyceriques-dacides-gras-25-kg\/"]}]},{"@type":"ImageObject","inLanguage":"fr-FR","@id":"https:\/\/www.eskamarket.com\/fr\/urun\/e475-pge-esters-polyglyceriques-dacides-gras-25-kg\/#primaryimage","url":"https:\/\/www.eskamarket.com\/wp-content\/uploads\/2023\/05\/PGE-E475-Yag-Asitlerinin-Poligliserol-Esterleri.jpg","contentUrl":"https:\/\/www.eskamarket.com\/wp-content\/uploads\/2023\/05\/PGE-E475-Yag-Asitlerinin-Poligliserol-Esterleri.jpg","width":1920,"height":1440,"caption":"PGE E475 Ya\u011f Asitlerinin Poligliserol Esterleri"},{"@type":"BreadcrumbList","@id":"https:\/\/www.eskamarket.com\/fr\/urun\/e475-pge-esters-polyglyceriques-dacides-gras-25-kg\/#breadcrumb","itemListElement":[{"@type":"ListItem","position":1,"name":"Anasayfa","item":"https:\/\/www.eskamarket.com\/fr\/page-daccueil\/"},{"@type":"ListItem","position":2,"name":"Boutique","item":"https:\/\/www.eskamarket.com\/boutique\/"},{"@type":"ListItem","position":3,"name":"E475 PGE Esters polyglyc\u00e9riques d&rsquo;acides gras &#8211; 25 KG"}]},{"@type":"WebSite","@id":"https:\/\/www.eskamarket.com\/fr\/#website","url":"https:\/\/www.eskamarket.com\/fr\/","name":"eskamarket","description":"Katk\u0131 Maddeleri ve Hammaddeler","potentialAction":[{"@type":"SearchAction","target":{"@type":"EntryPoint","urlTemplate":"https:\/\/www.eskamarket.com\/fr\/?s={search_term_string}"},"query-input":{"@type":"PropertyValueSpecification","valueRequired":true,"valueName":"search_term_string"}}],"inLanguage":"fr-FR"}]}},"_links":{"self":[{"href":"https:\/\/www.eskamarket.com\/fr\/wp-json\/wp\/v2\/product\/946","targetHints":{"allow":["GET"]}}],"collection":[{"href":"https:\/\/www.eskamarket.com\/fr\/wp-json\/wp\/v2\/product"}],"about":[{"href":"https:\/\/www.eskamarket.com\/fr\/wp-json\/wp\/v2\/types\/product"}],"replies":[{"embeddable":true,"href":"https:\/\/www.eskamarket.com\/fr\/wp-json\/wp\/v2\/comments?post=946"}],"wp:featuredmedia":[{"embeddable":true,"href":"https:\/\/www.eskamarket.com\/fr\/wp-json\/wp\/v2\/media\/947"}],"wp:attachment":[{"href":"https:\/\/www.eskamarket.com\/fr\/wp-json\/wp\/v2\/media?parent=946"}],"wp:term":[{"taxonomy":"product_brand","embeddable":true,"href":"https:\/\/www.eskamarket.com\/fr\/wp-json\/wp\/v2\/product_brand?post=946"},{"taxonomy":"product_cat","embeddable":true,"href":"https:\/\/www.eskamarket.com\/fr\/wp-json\/wp\/v2\/product_cat?post=946"},{"taxonomy":"product_tag","embeddable":true,"href":"https:\/\/www.eskamarket.com\/fr\/wp-json\/wp\/v2\/product_tag?post=946"}],"curies":[{"name":"wp","href":"https:\/\/api.w.org\/{rel}","templated":true}]}}