{"id":925,"date":"2023-05-06T20:50:35","date_gmt":"2023-05-06T17:50:35","guid":{"rendered":"https:\/\/www.eskamarket.com\/urun\/enzyme-hemicellulase-fongique-25-kg\/"},"modified":"2025-08-25T11:50:51","modified_gmt":"2025-08-25T08:50:51","slug":"enzyme-hemicellulase-fongique-25-kg","status":"publish","type":"product","link":"https:\/\/www.eskamarket.com\/fr\/urun\/enzyme-hemicellulase-fongique-25-kg\/","title":{"rendered":"Enzyme H\u00e9micellulase Fongique 20 KG"},"content":{"rendered":"<h1><strong>Enzyme H\u00e9micellulase Fongique 20 KG<\/strong><\/h1>\n<p><b>NOM DU PRODUIT : Enzyme h\u00e9micellulase fongique<\/b><\/p>\n<p><span style=\"font-weight: 400;\"><strong>CLASSE :<\/strong> Enzyme<\/span><\/p>\n<p><span style=\"font-weight: 400;\"><strong>DESCRIPTION ET CONTENU :<\/strong> L&rsquo;h\u00e9micellulase fongique est une enzyme d&rsquo;origine fongique qui est sp\u00e9cifiquement charg\u00e9e de d\u00e9composer les glucides complexes appel\u00e9s h\u00e9micellulose que l&rsquo;on trouve dans les parois cellulaires des plantes.<\/span><\/p>\n<p><span style=\"font-weight: 400;\">L&rsquo;h\u00e9micellulose est un composant important des parois cellulaires des plantes et se trouve avec d&rsquo;autres composants tels que la cellulose et la lignine. Les enzymes h\u00e9micellulases d\u00e9composent ces structures complexes, ce qui leur permet d&rsquo;\u00eatre dissoutes en unit\u00e9s de sucre individuelles. <\/span><\/p>\n<p><span style=\"font-weight: 400;\"><strong>APPARENCE<\/strong> Substance de couleur jaune clair \u00e0 jaune fonc\u00e9<\/span><\/p>\n<p><span style=\"font-weight: 400;\"><strong>SOLUBILIT\u00c9 :<\/strong> Soluble dans l&rsquo;eau.<\/span><\/p>\n<p><span style=\"font-weight: 400;\"><strong>Emballage :<\/strong> Bo\u00eete en carton de 20 kg<\/span><\/p>\n<p>&nbsp;<\/p>\n<p><strong>L&rsquo;enzyme h\u00e9micellulase fongique et son importance dans la production de pain<\/strong><\/p>\n<p><span style=\"font-weight: 400;\">L&rsquo;enzyme h\u00e9micellulase fongique joue un r\u00f4le important dans la production de pain, notamment en termes d&rsquo;am\u00e9lioration de la maniabilit\u00e9 de la p\u00e2te, d&rsquo;augmentation de la capacit\u00e9 d&rsquo;absorption de l&rsquo;eau et d&rsquo;am\u00e9lioration de la qualit\u00e9 du pain. Cet article met l&rsquo;accent sur les diff\u00e9rents effets de l&rsquo;h\u00e9micellulase fongique dans la production de pain et sur les m\u00e9thodes de dosage correctes. <\/span><\/p>\n<p><strong>Propri\u00e9t\u00e9s de l&rsquo;h\u00e9micellulase fongique :<\/strong><\/p>\n<p><span style=\"font-weight: 400;\">L&rsquo;enzyme h\u00e9micellulase fongique interagit entre le gluten et l&rsquo;eau, augmentant ainsi l&rsquo;\u00e9lasticit\u00e9 de la p\u00e2te. Cette propri\u00e9t\u00e9 permet un meilleur traitement de la p\u00e2te et contribue \u00e0 l&rsquo;obtention des caract\u00e9ristiques texturales souhait\u00e9es dans le produit final. Elle am\u00e9liore \u00e9galement la qualit\u00e9 du pain en augmentant la capacit\u00e9 de r\u00e9tention d&rsquo;eau de la p\u00e2te.  <\/span><\/p>\n<p><strong>Effets sur le pain :<\/strong><\/p>\n<p><span style=\"font-weight: 400;\"><strong>Humidit\u00e9 de surface et maniabilit\u00e9 :<\/strong> L&rsquo;h\u00e9micellulase fongique augmente la teneur en eau de la surface de la p\u00e2te, ce qui permet une croissance plus confortable et am\u00e9liore la maniabilit\u00e9 de la p\u00e2te. Le processus de production du pain s&rsquo;en trouve optimis\u00e9. <\/span><\/p>\n<p><span style=\"font-weight: 400;\"><strong>R\u00e9tention du gaz et volume :<\/strong> Il augmente le volume du pain en veillant \u00e0 ce que le gaz form\u00e9 pendant la cuisson soit retenu dans la p\u00e2te. Ainsi, le pain a un aspect plus moelleux et plus voyant. <\/span><\/p>\n<p><span style=\"font-weight: 400;\"><strong>Structure de la cro\u00fbte et des pores :<\/strong> L&rsquo;h\u00e9micellulase fongique rend la cro\u00fbte du pain fine et croustillante. Elle am\u00e9liore \u00e9galement la qualit\u00e9 du pain en r\u00e9gulant la structure interne des pores. <\/span><\/p>\n<p><span style=\"font-weight: 400;\"><strong>Facilit\u00e9 de coupe et moelleux int\u00e9rieur :<\/strong> L&rsquo;h\u00e9micellulase fongique pr\u00e9sente dans le pain permet une coupe plus lisse lors du tranchage et rend le pain plus moelleux \u00e0 l&rsquo;int\u00e9rieur. Cela r\u00e9pond aux normes de qualit\u00e9 que les consommateurs attendent du pain. <\/span><\/p>\n<p><strong>Dosage :<\/strong><\/p>\n<p><span style=\"font-weight: 400;\">Le dosage correct de l&rsquo;h\u00e9micellulase fongique est g\u00e9n\u00e9ralement recommand\u00e9 entre 0,5 et 2,0 g par 50 kg de farine. Toutefois, le taux d&rsquo;utilisation dans des applications sp\u00e9cifiques doit \u00eatre d\u00e9termin\u00e9 par des tests. Il est important de d\u00e9terminer le dosage optimal car chaque producteur a des caract\u00e9ristiques de p\u00e2te, un type de farine et des processus de production diff\u00e9rents.  <\/span><\/p>\n<p><span style=\"font-weight: 400;\">L&rsquo;enzyme h\u00e9micellulase fongique est un \u00e9l\u00e9ment important de la production de pain. Cette enzyme a une s\u00e9rie d&rsquo;effets positifs depuis le traitement de la p\u00e2te jusqu&rsquo;au processus de cuisson, contribuant ainsi \u00e0 la production d&rsquo;un pain de qualit\u00e9 et savoureux. Un dosage correct permet d&rsquo;obtenir les propri\u00e9t\u00e9s souhait\u00e9es lors de la production et de r\u00e9pondre aux attentes du consommateur.  <\/span><\/p>\n<p><span style=\"font-weight: 400;\"><strong>Caract\u00e9ristiques fonctionnelles :<\/strong><\/span><\/p>\n<p><span style=\"font-weight: 400;\">  L&rsquo;h\u00e9micellulose poss\u00e8de des propri\u00e9t\u00e9s fonctionnelles uniques, notamment la capacit\u00e9 de former des gels et d&rsquo;am\u00e9liorer la viscosit\u00e9. Dans l&rsquo;industrie de la meunerie, ces propri\u00e9t\u00e9s peuvent \u00eatre utiles pour modifier la texture et les propri\u00e9t\u00e9s rh\u00e9ologiques de la p\u00e2te ou d&rsquo;autres produits meuniers. <\/span><\/p>\n<p><span style=\"font-weight: 400;\"><strong>Absorption de l&rsquo;eau :<\/strong> L&rsquo;h\u00e9micellulose a la capacit\u00e9 d&rsquo;absorber l&rsquo;eau, ce qui peut \u00eatre utile dans les formulations o\u00f9 la r\u00e9tention d&rsquo;eau est importante. Cette propri\u00e9t\u00e9 peut contribuer \u00e0 une meilleure r\u00e9tention de l&rsquo;humidit\u00e9 dans les produits broy\u00e9s. <\/span><\/p>\n<p><span style=\"font-weight: 400;\"><strong>Am\u00e9lioration de la texture :<\/strong> L&rsquo;h\u00e9micellulose peut contribuer \u00e0 la texture g\u00e9n\u00e9rale et \u00e0 la sensation en bouche des produits moulus. Elle peut potentiellement am\u00e9liorer le moelleux, la m\u00e2che ou d&rsquo;autres caract\u00e9ristiques texturales des produits cuits au four. <\/span><\/p>\n<p><span style=\"font-weight: 400;\"><strong>Repos de la p\u00e2te<\/strong> Dans la production de produits de boulangerie, y compris le pain et les p\u00e2tisseries, certains ingr\u00e9dients sont utilis\u00e9s pour \u00e9paissir la p\u00e2te. L&rsquo;h\u00e9micellulose peut \u00eatre consid\u00e9r\u00e9e comme un ingr\u00e9dient naturel ayant des propri\u00e9t\u00e9s d&rsquo;assouplissement de la p\u00e2te. <\/span><\/p>\n<p><span style=\"font-weight: 400;\"><strong>Am\u00e9lioration de la valeur nutritionnelle :<\/strong> Selon la source et la composition, l&rsquo;h\u00e9micellulose peut contenir des fibres alimentaires. Si l&rsquo;h\u00e9micellulose fongique est utilis\u00e9e dans l&rsquo;industrie meuni\u00e8re, elle peut contribuer \u00e0 la teneur en fibres alimentaires des produits finaux. <\/span><\/p>\n<p><span style=\"font-weight: 400;\"><strong>Formulations sans gluten :<\/strong> Pour les produits sans gluten, des ingr\u00e9dients alternatifs sont souvent recherch\u00e9s pour imiter la structure et les propri\u00e9t\u00e9s du gluten. L&rsquo;h\u00e9micellulose, avec ses propri\u00e9t\u00e9s de g\u00e9lification et d&rsquo;absorption de l&rsquo;eau, peut \u00eatre envisag\u00e9e dans de telles formulations. <\/span><\/p>\n<p><span style=\"font-weight: 400;\">Il est important de noter que les applications sp\u00e9cifiques et les avantages de l&rsquo;h\u00e9micellulose des champignons dans l&rsquo;industrie de la meunerie d\u00e9pendront des propri\u00e9t\u00e9s de l&rsquo;h\u00e9micellulose produite par les champignons et des exigences sp\u00e9cifiques des produits fabriqu\u00e9s. La recherche et le d\u00e9veloppement dans ce domaine sont en cours et les applications industrielles peuvent \u00e9voluer avec le temps. <\/span><\/p>\n<p><span style=\"font-weight: 400;\">Pour obtenir les informations les plus r\u00e9centes et les plus d\u00e9taill\u00e9es sur l&rsquo;utilisation de l&rsquo;h\u00e9micellulose fongique dans l&rsquo;industrie de la minoterie, il est recommand\u00e9 de consulter la litt\u00e9rature scientifique la plus r\u00e9cente, les publications de l&rsquo;industrie ou de contacter des experts dans ce domaine.<\/span><\/p>\n","protected":false},"excerpt":{"rendered":"<p>Enzyme H\u00e9micellulase Fongique 20 KG NOM DU PRODUIT : Enzyme h\u00e9micellulase fongique CLASSE : Enzyme DESCRIPTION ET CONTENU : L&rsquo;h\u00e9micellulase fongique est une enzyme d&rsquo;origine fongique qui est sp\u00e9cifiquement charg\u00e9e de d\u00e9composer les glucides complexes appel\u00e9s h\u00e9micellulose que l&rsquo;on trouve dans les parois cellulaires des plantes. L&rsquo;h\u00e9micellulose est un composant important des parois cellulaires des [&#8230;]\n","protected":false},"featured_media":927,"comment_status":"open","ping_status":"closed","template":"","meta":{"_joinchat":[]},"product_brand":[],"product_cat":[61,70],"product_tag":[],"class_list":{"0":"post-925","1":"product","2":"type-product","3":"status-publish","4":"has-post-thumbnail","6":"product_cat-boulangerie","7":"product_cat-enzymes-de-boulangerie","9":"first","10":"instock","11":"taxable","12":"shipping-taxable","13":"purchasable","14":"product-type-simple"},"yoast_head":"<!-- This site is optimized with the Yoast SEO plugin v27.3 - https:\/\/yoast.com\/product\/yoast-seo-wordpress\/ -->\n<title>Enzyme H\u00e9micellulase Fongique 20 KG - eskamarket<\/title>\n<meta name=\"robots\" content=\"index, follow, max-snippet:-1, max-image-preview:large, max-video-preview:-1\" \/>\n<link rel=\"canonical\" href=\"https:\/\/www.eskamarket.com\/fr\/urun\/enzyme-hemicellulase-fongique-25-kg\/\" \/>\n<meta property=\"og:locale\" content=\"fr_FR\" \/>\n<meta property=\"og:type\" content=\"article\" \/>\n<meta property=\"og:title\" content=\"Enzyme H\u00e9micellulase Fongique 20 KG - eskamarket\" \/>\n<meta property=\"og:description\" content=\"Enzyme H\u00e9micellulase Fongique 20 KG NOM DU PRODUIT : Enzyme h\u00e9micellulase fongique CLASSE : Enzyme DESCRIPTION ET CONTENU : L&rsquo;h\u00e9micellulase fongique est une enzyme d&rsquo;origine fongique qui est sp\u00e9cifiquement charg\u00e9e de d\u00e9composer les glucides complexes appel\u00e9s h\u00e9micellulose que l&rsquo;on trouve dans les parois cellulaires des plantes. L&rsquo;h\u00e9micellulose est un composant important des parois cellulaires des [...]\" \/>\n<meta property=\"og:url\" content=\"https:\/\/www.eskamarket.com\/fr\/urun\/enzyme-hemicellulase-fongique-25-kg\/\" \/>\n<meta property=\"og:site_name\" content=\"eskamarket\" \/>\n<meta property=\"article:modified_time\" content=\"2025-08-25T08:50:51+00:00\" \/>\n<meta property=\"og:image\" content=\"https:\/\/www.eskamarket.com\/wp-content\/uploads\/2023\/05\/Fungal-Hemiselulaz-Enzimi.jpg\" \/>\n\t<meta property=\"og:image:width\" content=\"1920\" \/>\n\t<meta property=\"og:image:height\" content=\"1440\" \/>\n\t<meta property=\"og:image:type\" content=\"image\/jpeg\" \/>\n<meta name=\"twitter:card\" content=\"summary_large_image\" \/>\n<meta name=\"twitter:label1\" content=\"Dur\u00e9e de lecture estim\u00e9e\" \/>\n\t<meta name=\"twitter:data1\" content=\"5 minutes\" \/>\n<script type=\"application\/ld+json\" class=\"yoast-schema-graph\">{\"@context\":\"https:\\\/\\\/schema.org\",\"@graph\":[{\"@type\":\"WebPage\",\"@id\":\"https:\\\/\\\/www.eskamarket.com\\\/fr\\\/urun\\\/enzyme-hemicellulase-fongique-25-kg\\\/\",\"url\":\"https:\\\/\\\/www.eskamarket.com\\\/fr\\\/urun\\\/enzyme-hemicellulase-fongique-25-kg\\\/\",\"name\":\"Enzyme H\u00e9micellulase Fongique 20 KG - eskamarket\",\"isPartOf\":{\"@id\":\"https:\\\/\\\/www.eskamarket.com\\\/fr\\\/#website\"},\"primaryImageOfPage\":{\"@id\":\"https:\\\/\\\/www.eskamarket.com\\\/fr\\\/urun\\\/enzyme-hemicellulase-fongique-25-kg\\\/#primaryimage\"},\"image\":{\"@id\":\"https:\\\/\\\/www.eskamarket.com\\\/fr\\\/urun\\\/enzyme-hemicellulase-fongique-25-kg\\\/#primaryimage\"},\"thumbnailUrl\":\"https:\\\/\\\/www.eskamarket.com\\\/wp-content\\\/uploads\\\/2023\\\/05\\\/Fungal-Hemiselulaz-Enzimi.jpg\",\"datePublished\":\"2023-05-06T17:50:35+00:00\",\"dateModified\":\"2025-08-25T08:50:51+00:00\",\"breadcrumb\":{\"@id\":\"https:\\\/\\\/www.eskamarket.com\\\/fr\\\/urun\\\/enzyme-hemicellulase-fongique-25-kg\\\/#breadcrumb\"},\"inLanguage\":\"fr-FR\",\"potentialAction\":[{\"@type\":\"ReadAction\",\"target\":[\"https:\\\/\\\/www.eskamarket.com\\\/fr\\\/urun\\\/enzyme-hemicellulase-fongique-25-kg\\\/\"]}]},{\"@type\":\"ImageObject\",\"inLanguage\":\"fr-FR\",\"@id\":\"https:\\\/\\\/www.eskamarket.com\\\/fr\\\/urun\\\/enzyme-hemicellulase-fongique-25-kg\\\/#primaryimage\",\"url\":\"https:\\\/\\\/www.eskamarket.com\\\/wp-content\\\/uploads\\\/2023\\\/05\\\/Fungal-Hemiselulaz-Enzimi.jpg\",\"contentUrl\":\"https:\\\/\\\/www.eskamarket.com\\\/wp-content\\\/uploads\\\/2023\\\/05\\\/Fungal-Hemiselulaz-Enzimi.jpg\",\"width\":1920,\"height\":1440,\"caption\":\"Fungal Hemisel\u00fclaz Enzimi\"},{\"@type\":\"BreadcrumbList\",\"@id\":\"https:\\\/\\\/www.eskamarket.com\\\/fr\\\/urun\\\/enzyme-hemicellulase-fongique-25-kg\\\/#breadcrumb\",\"itemListElement\":[{\"@type\":\"ListItem\",\"position\":1,\"name\":\"Anasayfa\",\"item\":\"https:\\\/\\\/www.eskamarket.com\\\/fr\\\/page-daccueil\\\/\"},{\"@type\":\"ListItem\",\"position\":2,\"name\":\"Boutique\",\"item\":\"https:\\\/\\\/www.eskamarket.com\\\/boutique\\\/\"},{\"@type\":\"ListItem\",\"position\":3,\"name\":\"Enzyme H\u00e9micellulase Fongique 20 KG\"}]},{\"@type\":\"WebSite\",\"@id\":\"https:\\\/\\\/www.eskamarket.com\\\/fr\\\/#website\",\"url\":\"https:\\\/\\\/www.eskamarket.com\\\/fr\\\/\",\"name\":\"eskamarket\",\"description\":\"Katk\u0131 Maddeleri ve Hammaddeler\",\"potentialAction\":[{\"@type\":\"SearchAction\",\"target\":{\"@type\":\"EntryPoint\",\"urlTemplate\":\"https:\\\/\\\/www.eskamarket.com\\\/fr\\\/?s={search_term_string}\"},\"query-input\":{\"@type\":\"PropertyValueSpecification\",\"valueRequired\":true,\"valueName\":\"search_term_string\"}}],\"inLanguage\":\"fr-FR\"}]}<\/script>\n<!-- \/ Yoast SEO plugin. -->","yoast_head_json":{"title":"Enzyme H\u00e9micellulase Fongique 20 KG - eskamarket","robots":{"index":"index","follow":"follow","max-snippet":"max-snippet:-1","max-image-preview":"max-image-preview:large","max-video-preview":"max-video-preview:-1"},"canonical":"https:\/\/www.eskamarket.com\/fr\/urun\/enzyme-hemicellulase-fongique-25-kg\/","og_locale":"fr_FR","og_type":"article","og_title":"Enzyme H\u00e9micellulase Fongique 20 KG - eskamarket","og_description":"Enzyme H\u00e9micellulase Fongique 20 KG NOM DU PRODUIT : Enzyme h\u00e9micellulase fongique CLASSE : Enzyme DESCRIPTION ET CONTENU : L&rsquo;h\u00e9micellulase fongique est une enzyme d&rsquo;origine fongique qui est sp\u00e9cifiquement charg\u00e9e de d\u00e9composer les glucides complexes appel\u00e9s h\u00e9micellulose que l&rsquo;on trouve dans les parois cellulaires des plantes. L&rsquo;h\u00e9micellulose est un composant important des parois cellulaires des [...]","og_url":"https:\/\/www.eskamarket.com\/fr\/urun\/enzyme-hemicellulase-fongique-25-kg\/","og_site_name":"eskamarket","article_modified_time":"2025-08-25T08:50:51+00:00","og_image":[{"width":1920,"height":1440,"url":"https:\/\/www.eskamarket.com\/wp-content\/uploads\/2023\/05\/Fungal-Hemiselulaz-Enzimi.jpg","type":"image\/jpeg"}],"twitter_card":"summary_large_image","twitter_misc":{"Dur\u00e9e de lecture estim\u00e9e":"5 minutes"},"schema":{"@context":"https:\/\/schema.org","@graph":[{"@type":"WebPage","@id":"https:\/\/www.eskamarket.com\/fr\/urun\/enzyme-hemicellulase-fongique-25-kg\/","url":"https:\/\/www.eskamarket.com\/fr\/urun\/enzyme-hemicellulase-fongique-25-kg\/","name":"Enzyme H\u00e9micellulase Fongique 20 KG - eskamarket","isPartOf":{"@id":"https:\/\/www.eskamarket.com\/fr\/#website"},"primaryImageOfPage":{"@id":"https:\/\/www.eskamarket.com\/fr\/urun\/enzyme-hemicellulase-fongique-25-kg\/#primaryimage"},"image":{"@id":"https:\/\/www.eskamarket.com\/fr\/urun\/enzyme-hemicellulase-fongique-25-kg\/#primaryimage"},"thumbnailUrl":"https:\/\/www.eskamarket.com\/wp-content\/uploads\/2023\/05\/Fungal-Hemiselulaz-Enzimi.jpg","datePublished":"2023-05-06T17:50:35+00:00","dateModified":"2025-08-25T08:50:51+00:00","breadcrumb":{"@id":"https:\/\/www.eskamarket.com\/fr\/urun\/enzyme-hemicellulase-fongique-25-kg\/#breadcrumb"},"inLanguage":"fr-FR","potentialAction":[{"@type":"ReadAction","target":["https:\/\/www.eskamarket.com\/fr\/urun\/enzyme-hemicellulase-fongique-25-kg\/"]}]},{"@type":"ImageObject","inLanguage":"fr-FR","@id":"https:\/\/www.eskamarket.com\/fr\/urun\/enzyme-hemicellulase-fongique-25-kg\/#primaryimage","url":"https:\/\/www.eskamarket.com\/wp-content\/uploads\/2023\/05\/Fungal-Hemiselulaz-Enzimi.jpg","contentUrl":"https:\/\/www.eskamarket.com\/wp-content\/uploads\/2023\/05\/Fungal-Hemiselulaz-Enzimi.jpg","width":1920,"height":1440,"caption":"Fungal Hemisel\u00fclaz Enzimi"},{"@type":"BreadcrumbList","@id":"https:\/\/www.eskamarket.com\/fr\/urun\/enzyme-hemicellulase-fongique-25-kg\/#breadcrumb","itemListElement":[{"@type":"ListItem","position":1,"name":"Anasayfa","item":"https:\/\/www.eskamarket.com\/fr\/page-daccueil\/"},{"@type":"ListItem","position":2,"name":"Boutique","item":"https:\/\/www.eskamarket.com\/boutique\/"},{"@type":"ListItem","position":3,"name":"Enzyme H\u00e9micellulase Fongique 20 KG"}]},{"@type":"WebSite","@id":"https:\/\/www.eskamarket.com\/fr\/#website","url":"https:\/\/www.eskamarket.com\/fr\/","name":"eskamarket","description":"Katk\u0131 Maddeleri ve Hammaddeler","potentialAction":[{"@type":"SearchAction","target":{"@type":"EntryPoint","urlTemplate":"https:\/\/www.eskamarket.com\/fr\/?s={search_term_string}"},"query-input":{"@type":"PropertyValueSpecification","valueRequired":true,"valueName":"search_term_string"}}],"inLanguage":"fr-FR"}]}},"_links":{"self":[{"href":"https:\/\/www.eskamarket.com\/fr\/wp-json\/wp\/v2\/product\/925","targetHints":{"allow":["GET"]}}],"collection":[{"href":"https:\/\/www.eskamarket.com\/fr\/wp-json\/wp\/v2\/product"}],"about":[{"href":"https:\/\/www.eskamarket.com\/fr\/wp-json\/wp\/v2\/types\/product"}],"replies":[{"embeddable":true,"href":"https:\/\/www.eskamarket.com\/fr\/wp-json\/wp\/v2\/comments?post=925"}],"wp:featuredmedia":[{"embeddable":true,"href":"https:\/\/www.eskamarket.com\/fr\/wp-json\/wp\/v2\/media\/927"}],"wp:attachment":[{"href":"https:\/\/www.eskamarket.com\/fr\/wp-json\/wp\/v2\/media?parent=925"}],"wp:term":[{"taxonomy":"product_brand","embeddable":true,"href":"https:\/\/www.eskamarket.com\/fr\/wp-json\/wp\/v2\/product_brand?post=925"},{"taxonomy":"product_cat","embeddable":true,"href":"https:\/\/www.eskamarket.com\/fr\/wp-json\/wp\/v2\/product_cat?post=925"},{"taxonomy":"product_tag","embeddable":true,"href":"https:\/\/www.eskamarket.com\/fr\/wp-json\/wp\/v2\/product_tag?post=925"}],"curies":[{"name":"wp","href":"https:\/\/api.w.org\/{rel}","templated":true}]}}