{"id":903,"date":"2023-05-06T20:46:28","date_gmt":"2023-05-06T17:46:28","guid":{"rendered":"https:\/\/www.eskamarket.com\/urun\/poudre-de-pate-de-seigle-au-levain-25-kg\/"},"modified":"2025-08-25T11:54:22","modified_gmt":"2025-08-25T08:54:22","slug":"poudre-de-pate-de-seigle-au-levain-25-kg","status":"publish","type":"product","link":"https:\/\/www.eskamarket.com\/fr\/urun\/poudre-de-pate-de-seigle-au-levain-25-kg\/","title":{"rendered":"Poudre de p\u00e2te de seigle au levain 25 KG"},"content":{"rendered":"<h1><strong>Poudre de seigle Levain<\/strong><\/h1>\n<p>Le levain de seigle en poudre est un produit qui allie la saveur traditionnelle et authentique du seigle \u00e0 la boulangerie moderne. Ce levain en poudre obtenu \u00e0 partir de p\u00e2te de seigle naturelle rehausse la saveur, am\u00e9liore la structure interne et prolonge la dur\u00e9e de conservation de nombreux produits de boulangerie, en particulier le pain. Pr\u00e9sent\u00e9 dans des bo\u00eetes en carton de 25 kg, le produit facilite les processus de boulangerie gr\u00e2ce \u00e0 son utilisation pratique.  <\/p>\n<hr>\n<h2>Contenu<\/h2>\n<ul>\n<li>Poudre de pulpe de seigle aigre s\u00e9ch\u00e9e<\/li>\n<\/ul>\n<p>Naturel et sans additif, cet ingr\u00e9dient sp\u00e9cial est id\u00e9al pour des produits de boulangerie sains et savoureux.<\/p>\n<hr>\n<h2><strong>Suggestion d&rsquo;utilisation<\/strong><\/h2>\n<p>1-3% par 100 kg de farine est appliqu\u00e9 en m\u00e9langeant directement \u00e0 la farine. Cette proportion permet au produit d&rsquo;augmenter l&rsquo;intensit\u00e9 de la saveur et la stabilit\u00e9 de la p\u00e2te en fonction des besoins. Il est pr\u00e9f\u00e9r\u00e9 par les boulangers professionnels en raison de sa facilit\u00e9 d&rsquo;utilisation et de ses performances \u00e9lev\u00e9es.  <\/p>\n<hr>\n<h2><strong>Avantages<\/strong><\/h2>\n<ol>\n<li><strong>Renforce la saveur :<\/strong> La saveur naturelle du seigle aigre donne \u00e0 votre pain un go\u00fbt unique.<\/li>\n<li><strong>Am\u00e9lioration de la texture :<\/strong> il cr\u00e9e une structure homog\u00e8ne des pores et garantit que les pains ont une structure int\u00e9rieure souple et charnue.<\/li>\n<li><strong>Retarde le rassissement :<\/strong> Il prolonge la dur\u00e9e de conservation en maintenant l&rsquo;\u00e9quilibre de l&rsquo;humidit\u00e9 de la p\u00e2te.<\/li>\n<li><strong>Facilit\u00e9 d&rsquo;utilisation :<\/strong> Sa forme de poudre facilite le m\u00e9lange du produit avec la farine et acc\u00e9l\u00e8re les processus de production.<\/li>\n<li><strong>Flexibilit\u00e9 :<\/strong> Peut \u00eatre utilis\u00e9 dans divers produits de boulangerie ; montre des performances \u00e9lev\u00e9es dans des produits tels que le pain, la baguette, le pain de mie.<\/li>\n<\/ol>\n<hr>\n<h2><strong>Conditions de stockage<\/strong><\/h2>\n<p>Pour une meilleure performance, conserver le produit dans un endroit frais, sec et inodore. Il est recommand\u00e9 de le conserver \u00e0 l&rsquo;abri de l&rsquo;humidit\u00e9 et des temp\u00e9ratures \u00e9lev\u00e9es. <\/p>\n<hr>\n<h2><strong>Avertissement sur les allerg\u00e8nes<\/strong><\/h2>\n<p>Ce produit contient du gluten. Il peut \u00e9galement contenir des traces de soja et de produits laitiers. Il est recommand\u00e9 aux personnes allergiques de l&rsquo;utiliser avec pr\u00e9caution.  <\/p>\n<hr>\n<h2><strong>Domaines d&rsquo;utilisation<\/strong><\/h2>\n<p>Il est particuli\u00e8rement appr\u00e9ci\u00e9 dans les pains de seigle, les pains multic\u00e9r\u00e9ales, les baguettes, les pains de mie et d&rsquo;autres produits de boulangerie de qualit\u00e9 sup\u00e9rieure. Le seigle naturel fait la diff\u00e9rence dans vos produits gr\u00e2ce \u00e0 sa saveur et \u00e0 sa texture. <\/p>\n<p>Pour plus de types de levain et de produits de boulangerie professionnels, vous pouvez visiter <a href=\"https:\/\/www.eskamarket.com\/fr\/urun-kategori\/boulangerie\/condiments-pour-pate-a-pain\/\" target=\"_new\" rel=\"noopener\">notre cat\u00e9gorie levain.<\/a> <\/p>\n","protected":false},"excerpt":{"rendered":"<p>Poudre de seigle Levain Le levain de seigle en poudre est un produit qui allie la saveur traditionnelle et authentique du seigle \u00e0 la boulangerie moderne. Ce levain en poudre obtenu \u00e0 partir de p\u00e2te de seigle naturelle rehausse la saveur, am\u00e9liore la structure interne et prolonge la dur\u00e9e de conservation de nombreux produits de [&#8230;]\n","protected":false},"featured_media":905,"comment_status":"open","ping_status":"closed","template":"","meta":{"_joinchat":[]},"product_brand":[],"product_cat":[61,69],"product_tag":[],"class_list":{"0":"post-903","1":"product","2":"type-product","3":"status-publish","4":"has-post-thumbnail","6":"product_cat-boulangerie","7":"product_cat-condiments-pour-pate-a-pain","9":"first","10":"instock","11":"taxable","12":"shipping-taxable","13":"purchasable","14":"product-type-simple"},"yoast_head":"<!-- This site is optimized with the Yoast SEO plugin v27.3 - https:\/\/yoast.com\/product\/yoast-seo-wordpress\/ -->\n<title>Poudre de p\u00e2te de seigle au levain 25 KG - eskamarket<\/title>\n<meta name=\"description\" content=\"Le levain de seigle en poudre apporte la saveur naturelle du seigle aux pains. Il am\u00e9liore la structure interne, prolonge la dur\u00e9e de conservation et facilite l&#039;utilisation.\" \/>\n<meta name=\"robots\" content=\"index, follow, max-snippet:-1, max-image-preview:large, max-video-preview:-1\" \/>\n<link rel=\"canonical\" href=\"https:\/\/www.eskamarket.com\/fr\/urun\/poudre-de-pate-de-seigle-au-levain-25-kg\/\" \/>\n<meta property=\"og:locale\" content=\"fr_FR\" \/>\n<meta property=\"og:type\" content=\"article\" \/>\n<meta property=\"og:title\" content=\"Poudre de p\u00e2te de seigle au levain 25 KG - eskamarket\" \/>\n<meta property=\"og:description\" content=\"Le levain de seigle en poudre apporte la saveur naturelle du seigle aux pains. Il am\u00e9liore la structure interne, prolonge la dur\u00e9e de conservation et facilite l&#039;utilisation.\" \/>\n<meta property=\"og:url\" content=\"https:\/\/www.eskamarket.com\/fr\/urun\/poudre-de-pate-de-seigle-au-levain-25-kg\/\" \/>\n<meta property=\"og:site_name\" content=\"eskamarket\" \/>\n<meta property=\"article:modified_time\" content=\"2025-08-25T08:54:22+00:00\" \/>\n<meta property=\"og:image\" content=\"https:\/\/www.eskamarket.com\/wp-content\/uploads\/2023\/05\/Toz-Cavdar-Hamur-Eksisi.jpg\" \/>\n\t<meta property=\"og:image:width\" content=\"1920\" \/>\n\t<meta property=\"og:image:height\" content=\"1440\" \/>\n\t<meta property=\"og:image:type\" content=\"image\/jpeg\" \/>\n<meta name=\"twitter:card\" content=\"summary_large_image\" \/>\n<meta name=\"twitter:label1\" content=\"Dur\u00e9e de lecture estim\u00e9e\" \/>\n\t<meta name=\"twitter:data1\" content=\"2 minutes\" \/>\n<script type=\"application\/ld+json\" class=\"yoast-schema-graph\">{\"@context\":\"https:\\\/\\\/schema.org\",\"@graph\":[{\"@type\":\"WebPage\",\"@id\":\"https:\\\/\\\/www.eskamarket.com\\\/fr\\\/urun\\\/poudre-de-pate-de-seigle-au-levain-25-kg\\\/\",\"url\":\"https:\\\/\\\/www.eskamarket.com\\\/fr\\\/urun\\\/poudre-de-pate-de-seigle-au-levain-25-kg\\\/\",\"name\":\"Poudre de p\u00e2te de seigle au levain 25 KG - eskamarket\",\"isPartOf\":{\"@id\":\"https:\\\/\\\/www.eskamarket.com\\\/fr\\\/#website\"},\"primaryImageOfPage\":{\"@id\":\"https:\\\/\\\/www.eskamarket.com\\\/fr\\\/urun\\\/poudre-de-pate-de-seigle-au-levain-25-kg\\\/#primaryimage\"},\"image\":{\"@id\":\"https:\\\/\\\/www.eskamarket.com\\\/fr\\\/urun\\\/poudre-de-pate-de-seigle-au-levain-25-kg\\\/#primaryimage\"},\"thumbnailUrl\":\"https:\\\/\\\/www.eskamarket.com\\\/wp-content\\\/uploads\\\/2023\\\/05\\\/Toz-Cavdar-Hamur-Eksisi.jpg\",\"datePublished\":\"2023-05-06T17:46:28+00:00\",\"dateModified\":\"2025-08-25T08:54:22+00:00\",\"description\":\"Le levain de seigle en poudre apporte la saveur naturelle du seigle aux pains. Il am\u00e9liore la structure interne, prolonge la dur\u00e9e de conservation et facilite l'utilisation.\",\"breadcrumb\":{\"@id\":\"https:\\\/\\\/www.eskamarket.com\\\/fr\\\/urun\\\/poudre-de-pate-de-seigle-au-levain-25-kg\\\/#breadcrumb\"},\"inLanguage\":\"fr-FR\",\"potentialAction\":[{\"@type\":\"ReadAction\",\"target\":[\"https:\\\/\\\/www.eskamarket.com\\\/fr\\\/urun\\\/poudre-de-pate-de-seigle-au-levain-25-kg\\\/\"]}]},{\"@type\":\"ImageObject\",\"inLanguage\":\"fr-FR\",\"@id\":\"https:\\\/\\\/www.eskamarket.com\\\/fr\\\/urun\\\/poudre-de-pate-de-seigle-au-levain-25-kg\\\/#primaryimage\",\"url\":\"https:\\\/\\\/www.eskamarket.com\\\/wp-content\\\/uploads\\\/2023\\\/05\\\/Toz-Cavdar-Hamur-Eksisi.jpg\",\"contentUrl\":\"https:\\\/\\\/www.eskamarket.com\\\/wp-content\\\/uploads\\\/2023\\\/05\\\/Toz-Cavdar-Hamur-Eksisi.jpg\",\"width\":1920,\"height\":1440,\"caption\":\"Toz \u00c7avdar Hamur Ek\u015fisi\"},{\"@type\":\"BreadcrumbList\",\"@id\":\"https:\\\/\\\/www.eskamarket.com\\\/fr\\\/urun\\\/poudre-de-pate-de-seigle-au-levain-25-kg\\\/#breadcrumb\",\"itemListElement\":[{\"@type\":\"ListItem\",\"position\":1,\"name\":\"Anasayfa\",\"item\":\"https:\\\/\\\/www.eskamarket.com\\\/fr\\\/page-daccueil\\\/\"},{\"@type\":\"ListItem\",\"position\":2,\"name\":\"Boutique\",\"item\":\"https:\\\/\\\/www.eskamarket.com\\\/boutique\\\/\"},{\"@type\":\"ListItem\",\"position\":3,\"name\":\"Poudre de p\u00e2te de seigle au levain 25 KG\"}]},{\"@type\":\"WebSite\",\"@id\":\"https:\\\/\\\/www.eskamarket.com\\\/fr\\\/#website\",\"url\":\"https:\\\/\\\/www.eskamarket.com\\\/fr\\\/\",\"name\":\"eskamarket\",\"description\":\"Katk\u0131 Maddeleri ve Hammaddeler\",\"potentialAction\":[{\"@type\":\"SearchAction\",\"target\":{\"@type\":\"EntryPoint\",\"urlTemplate\":\"https:\\\/\\\/www.eskamarket.com\\\/fr\\\/?s={search_term_string}\"},\"query-input\":{\"@type\":\"PropertyValueSpecification\",\"valueRequired\":true,\"valueName\":\"search_term_string\"}}],\"inLanguage\":\"fr-FR\"}]}<\/script>\n<!-- \/ Yoast SEO plugin. -->","yoast_head_json":{"title":"Poudre de p\u00e2te de seigle au levain 25 KG - eskamarket","description":"Le levain de seigle en poudre apporte la saveur naturelle du seigle aux pains. Il am\u00e9liore la structure interne, prolonge la dur\u00e9e de conservation et facilite l'utilisation.","robots":{"index":"index","follow":"follow","max-snippet":"max-snippet:-1","max-image-preview":"max-image-preview:large","max-video-preview":"max-video-preview:-1"},"canonical":"https:\/\/www.eskamarket.com\/fr\/urun\/poudre-de-pate-de-seigle-au-levain-25-kg\/","og_locale":"fr_FR","og_type":"article","og_title":"Poudre de p\u00e2te de seigle au levain 25 KG - eskamarket","og_description":"Le levain de seigle en poudre apporte la saveur naturelle du seigle aux pains. Il am\u00e9liore la structure interne, prolonge la dur\u00e9e de conservation et facilite l'utilisation.","og_url":"https:\/\/www.eskamarket.com\/fr\/urun\/poudre-de-pate-de-seigle-au-levain-25-kg\/","og_site_name":"eskamarket","article_modified_time":"2025-08-25T08:54:22+00:00","og_image":[{"width":1920,"height":1440,"url":"https:\/\/www.eskamarket.com\/wp-content\/uploads\/2023\/05\/Toz-Cavdar-Hamur-Eksisi.jpg","type":"image\/jpeg"}],"twitter_card":"summary_large_image","twitter_misc":{"Dur\u00e9e de lecture estim\u00e9e":"2 minutes"},"schema":{"@context":"https:\/\/schema.org","@graph":[{"@type":"WebPage","@id":"https:\/\/www.eskamarket.com\/fr\/urun\/poudre-de-pate-de-seigle-au-levain-25-kg\/","url":"https:\/\/www.eskamarket.com\/fr\/urun\/poudre-de-pate-de-seigle-au-levain-25-kg\/","name":"Poudre de p\u00e2te de seigle au levain 25 KG - eskamarket","isPartOf":{"@id":"https:\/\/www.eskamarket.com\/fr\/#website"},"primaryImageOfPage":{"@id":"https:\/\/www.eskamarket.com\/fr\/urun\/poudre-de-pate-de-seigle-au-levain-25-kg\/#primaryimage"},"image":{"@id":"https:\/\/www.eskamarket.com\/fr\/urun\/poudre-de-pate-de-seigle-au-levain-25-kg\/#primaryimage"},"thumbnailUrl":"https:\/\/www.eskamarket.com\/wp-content\/uploads\/2023\/05\/Toz-Cavdar-Hamur-Eksisi.jpg","datePublished":"2023-05-06T17:46:28+00:00","dateModified":"2025-08-25T08:54:22+00:00","description":"Le levain de seigle en poudre apporte la saveur naturelle du seigle aux pains. Il am\u00e9liore la structure interne, prolonge la dur\u00e9e de conservation et facilite l'utilisation.","breadcrumb":{"@id":"https:\/\/www.eskamarket.com\/fr\/urun\/poudre-de-pate-de-seigle-au-levain-25-kg\/#breadcrumb"},"inLanguage":"fr-FR","potentialAction":[{"@type":"ReadAction","target":["https:\/\/www.eskamarket.com\/fr\/urun\/poudre-de-pate-de-seigle-au-levain-25-kg\/"]}]},{"@type":"ImageObject","inLanguage":"fr-FR","@id":"https:\/\/www.eskamarket.com\/fr\/urun\/poudre-de-pate-de-seigle-au-levain-25-kg\/#primaryimage","url":"https:\/\/www.eskamarket.com\/wp-content\/uploads\/2023\/05\/Toz-Cavdar-Hamur-Eksisi.jpg","contentUrl":"https:\/\/www.eskamarket.com\/wp-content\/uploads\/2023\/05\/Toz-Cavdar-Hamur-Eksisi.jpg","width":1920,"height":1440,"caption":"Toz \u00c7avdar Hamur Ek\u015fisi"},{"@type":"BreadcrumbList","@id":"https:\/\/www.eskamarket.com\/fr\/urun\/poudre-de-pate-de-seigle-au-levain-25-kg\/#breadcrumb","itemListElement":[{"@type":"ListItem","position":1,"name":"Anasayfa","item":"https:\/\/www.eskamarket.com\/fr\/page-daccueil\/"},{"@type":"ListItem","position":2,"name":"Boutique","item":"https:\/\/www.eskamarket.com\/boutique\/"},{"@type":"ListItem","position":3,"name":"Poudre de p\u00e2te de seigle au levain 25 KG"}]},{"@type":"WebSite","@id":"https:\/\/www.eskamarket.com\/fr\/#website","url":"https:\/\/www.eskamarket.com\/fr\/","name":"eskamarket","description":"Katk\u0131 Maddeleri ve Hammaddeler","potentialAction":[{"@type":"SearchAction","target":{"@type":"EntryPoint","urlTemplate":"https:\/\/www.eskamarket.com\/fr\/?s={search_term_string}"},"query-input":{"@type":"PropertyValueSpecification","valueRequired":true,"valueName":"search_term_string"}}],"inLanguage":"fr-FR"}]}},"_links":{"self":[{"href":"https:\/\/www.eskamarket.com\/fr\/wp-json\/wp\/v2\/product\/903","targetHints":{"allow":["GET"]}}],"collection":[{"href":"https:\/\/www.eskamarket.com\/fr\/wp-json\/wp\/v2\/product"}],"about":[{"href":"https:\/\/www.eskamarket.com\/fr\/wp-json\/wp\/v2\/types\/product"}],"replies":[{"embeddable":true,"href":"https:\/\/www.eskamarket.com\/fr\/wp-json\/wp\/v2\/comments?post=903"}],"wp:featuredmedia":[{"embeddable":true,"href":"https:\/\/www.eskamarket.com\/fr\/wp-json\/wp\/v2\/media\/905"}],"wp:attachment":[{"href":"https:\/\/www.eskamarket.com\/fr\/wp-json\/wp\/v2\/media?parent=903"}],"wp:term":[{"taxonomy":"product_brand","embeddable":true,"href":"https:\/\/www.eskamarket.com\/fr\/wp-json\/wp\/v2\/product_brand?post=903"},{"taxonomy":"product_cat","embeddable":true,"href":"https:\/\/www.eskamarket.com\/fr\/wp-json\/wp\/v2\/product_cat?post=903"},{"taxonomy":"product_tag","embeddable":true,"href":"https:\/\/www.eskamarket.com\/fr\/wp-json\/wp\/v2\/product_tag?post=903"}],"curies":[{"name":"wp","href":"https:\/\/api.w.org\/{rel}","templated":true}]}}