{"id":902,"date":"2023-05-06T20:41:59","date_gmt":"2023-05-06T17:41:59","guid":{"rendered":"https:\/\/www.eskamarket.com\/urun\/vital-gluten-substitute-replacer-enzyme-mix-25-kg\/"},"modified":"2025-09-04T15:48:32","modified_gmt":"2025-09-04T12:48:32","slug":"vital-gluten-substitute-replacer-enzyme-mix-25-kg","status":"publish","type":"product","link":"https:\/\/www.eskamarket.com\/fr\/urun\/vital-gluten-substitute-replacer-enzyme-mix-25-kg\/","title":{"rendered":"Vital Gluten Substitute (Replacer) Enzyme Mix 25 KG"},"content":{"rendered":"<h1><strong>Vital Gluten Substitute (Replacer) Enzyme Mix 25 KG<\/strong><\/h1>\n<p>Le m\u00e9lange enzymatique Vital Gluten Substitute (Replacer) est un produit \u00e0 base de plantes et d&rsquo;enzymes con\u00e7u pour remplacer le gluten de bl\u00e9. Il offre des avantages en termes de co\u00fbts et de logistique tout en remplissant les fonctions du gluten dans les produits de boulangerie. Il s&rsquo;agit d&rsquo;une solution id\u00e9ale pour am\u00e9liorer la qualit\u00e9 des p\u00e2tisseries et optimiser la productivit\u00e9, en particulier dans le secteur de la boulangerie.  <\/p>\n<p><strong>Aspect<\/strong> Poudre de couleur blanche et cr\u00e9meuse<br \/>\n<strong>Ingr\u00e9dients :<\/strong> Fibre v\u00e9g\u00e9tale, gomme de guar, enzyme, farine, carbonates, phosphate.<br \/>\n<strong>Type d&#8217;emballage :<\/strong> Bo\u00eete en carton de 25 kg<\/p>\n<hr>\n<h2><strong>Vital Gluten Substitute (Replacer) Enzyme Mix Avantages<\/strong><\/h2>\n<h3><strong>1. am\u00e9liore la qualit\u00e9 de la p\u00e2te<\/strong><\/h3>\n<ul>\n<li><strong>Augmente la capacit\u00e9 d&rsquo;absorption de l&rsquo;eau :<\/strong> Permet \u00e0 la p\u00e2te de retenir davantage d&rsquo;eau, ce qui contribue \u00e0 maintenir le produit humide et moelleux.<\/li>\n<li><strong>Optimise la stabilit\u00e9 :<\/strong> Il augmente la stabilit\u00e9 de la p\u00e2te pendant le p\u00e9trissage et la fermentation et facilite sa transformation.<\/li>\n<\/ul>\n<h3><strong>2. am\u00e9liore la qualit\u00e9 du produit final<\/strong><\/h3>\n<ul>\n<li><strong>Meilleure structure interne :<\/strong> Am\u00e9liore la texture du pain, des g\u00e2teaux et autres produits de boulangerie en cr\u00e9ant une structure interne poreuse et homog\u00e8ne.<\/li>\n<li><strong>Retarde le rassissement :<\/strong> Il prolonge la dur\u00e9e de conservation du produit et veille \u00e0 ce qu&rsquo;il conserve sa fra\u00eecheur plus longtemps.<\/li>\n<\/ul>\n<h3><strong>3. avantages de la logistique et de l&rsquo;utilisation<\/strong><\/h3>\n<ul>\n<li><strong>Faible quantit\u00e9 d&rsquo;utilisation :<\/strong> Par rapport au gluten de bl\u00e9, il offre la possibilit\u00e9 d&rsquo;obtenir les m\u00eames performances avec une quantit\u00e9 moindre de produit, avec un niveau d&rsquo;utilisation de 1\/10.<\/li>\n<li><strong>Rentable :<\/strong> R\u00e9duit les co\u00fbts de stockage et de transport, permet une utilisation efficace.<\/li>\n<\/ul>\n<hr>\n<h2><strong>Domaines d&rsquo;utilisation<\/strong><\/h2>\n<h3><strong>Produits de boulangerie et boulangerie<\/strong><\/h3>\n<ul>\n<li><strong>Pain<\/strong> Donne un volume plus important et une structure plus souple.<\/li>\n<li><strong>P\u00e2te \u00e0 pizza et pain de mie :<\/strong> Am\u00e9liore l&rsquo;\u00e9lasticit\u00e9 et facilite le processus de fa\u00e7onnage.<\/li>\n<li><strong>G\u00e2teaux et biscuits :<\/strong> Permet d&rsquo;obtenir une texture homog\u00e8ne et lisse.<\/li>\n<\/ul>\n<h3><strong>Produits surgel\u00e9s et semi-cuits<\/strong><\/h3>\n<ul>\n<li><strong>Pains surgel\u00e9s :<\/strong> Pr\u00e9serve la structure du produit apr\u00e8s la cong\u00e9lation.<\/li>\n<li><strong>Produits semi-cuits :<\/strong> Donne du volume et de la fra\u00eecheur apr\u00e8s la cuisson.<\/li>\n<\/ul>\n<h3><strong>Utilisation industrielle<\/strong><\/h3>\n<ul>\n<li><strong>M\u00e9langes de farines :<\/strong> Peut \u00eatre utilis\u00e9 dans la production de farine standardis\u00e9e.<\/li>\n<li><strong>En-cas<\/strong> Am\u00e9liore la structure interne et la saveur des biscuits et des crackers.<\/li>\n<\/ul>\n<hr>\n<h2><strong>Avantages de l&rsquo;utilisation du substitut de gluten vital<\/strong><\/h2>\n<ul>\n<li><strong>Contenu naturel et \u00e0 base de plantes :<\/strong> Aucun additif artificiel.<\/li>\n<li><strong>Utilisation polyvalente :<\/strong> Une large gamme d&rsquo;applications allant des produits de boulangerie aux produits congel\u00e9s.<\/li>\n<li><strong>Solution \u00e9conomique :<\/strong> Offre des performances \u00e9lev\u00e9es avec une quantit\u00e9 moindre de produit.<\/li>\n<\/ul>\n<hr>\n<p>Visitez <a href=\"https:\/\/www.eskamarket.com\/fr\/urun-kategori\/boulangerie\/matieres-premieres\/\" target=\"_new\" rel=\"noopener\">notre cat\u00e9gorie \u00ab\u00a0mati\u00e8res premi\u00e8res\u00a0\u00bb<\/a> pour d\u00e9couvrir nos autres additifs pour produits de boulangerie.<\/p>\n","protected":false},"excerpt":{"rendered":"<p>Vital Gluten Substitute (Replacer) Enzyme Mix 25 KG Le m\u00e9lange enzymatique Vital Gluten Substitute (Replacer) est un produit \u00e0 base de plantes et d&rsquo;enzymes con\u00e7u pour remplacer le gluten de bl\u00e9. Il offre des avantages en termes de co\u00fbts et de logistique tout en remplissant les fonctions du gluten dans les produits de boulangerie. Il [&#8230;]\n","protected":false},"featured_media":904,"comment_status":"open","ping_status":"closed","template":"","meta":{"_joinchat":[]},"product_brand":[],"product_cat":[61,65],"product_tag":[],"class_list":{"0":"post-902","1":"product","2":"type-product","3":"status-publish","4":"has-post-thumbnail","6":"product_cat-boulangerie","7":"product_cat-matieres-premieres","9":"first","10":"instock","11":"taxable","12":"shipping-taxable","13":"purchasable","14":"product-type-simple"},"yoast_head":"<!-- This site is optimized with the Yoast SEO plugin v27.3 - https:\/\/yoast.com\/product\/yoast-seo-wordpress\/ -->\n<title>Vital Gluten Substitute (Replacer) Enzyme Mix 25 KG - eskamarket<\/title>\n<meta name=\"description\" content=\"Le m\u00e9lange enzymatique de remplacement du gluten vital am\u00e9liore la stabilit\u00e9 de la p\u00e2te, retarde le rassissement et apporte les avantages du gluten de mani\u00e8re \u00e9conomique.\" \/>\n<meta name=\"robots\" content=\"index, follow, max-snippet:-1, max-image-preview:large, max-video-preview:-1\" \/>\n<link rel=\"canonical\" href=\"https:\/\/www.eskamarket.com\/fr\/urun\/vital-gluten-substitute-replacer-enzyme-mix-25-kg\/\" \/>\n<meta property=\"og:locale\" content=\"fr_FR\" \/>\n<meta property=\"og:type\" content=\"article\" \/>\n<meta property=\"og:title\" content=\"Vital Gluten Substitute (Replacer) Enzyme Mix 25 KG - eskamarket\" \/>\n<meta property=\"og:description\" content=\"Le m\u00e9lange enzymatique de remplacement du gluten vital am\u00e9liore la stabilit\u00e9 de la p\u00e2te, retarde le rassissement et apporte les avantages du gluten de mani\u00e8re \u00e9conomique.\" \/>\n<meta property=\"og:url\" content=\"https:\/\/www.eskamarket.com\/fr\/urun\/vital-gluten-substitute-replacer-enzyme-mix-25-kg\/\" \/>\n<meta property=\"og:site_name\" content=\"eskamarket\" \/>\n<meta property=\"article:modified_time\" content=\"2025-09-04T12:48:32+00:00\" \/>\n<meta property=\"og:image\" content=\"https:\/\/www.eskamarket.com\/wp-content\/uploads\/2023\/05\/Vital-Gluten-Ikame-Replacer-Enzim-Miksi.jpg\" \/>\n\t<meta property=\"og:image:width\" content=\"1920\" \/>\n\t<meta property=\"og:image:height\" content=\"1440\" \/>\n\t<meta property=\"og:image:type\" content=\"image\/jpeg\" \/>\n<meta name=\"twitter:card\" content=\"summary_large_image\" \/>\n<meta name=\"twitter:label1\" content=\"Dur\u00e9e de lecture estim\u00e9e\" \/>\n\t<meta name=\"twitter:data1\" content=\"2 minutes\" \/>\n<script type=\"application\/ld+json\" class=\"yoast-schema-graph\">{\"@context\":\"https:\\\/\\\/schema.org\",\"@graph\":[{\"@type\":\"WebPage\",\"@id\":\"https:\\\/\\\/www.eskamarket.com\\\/fr\\\/urun\\\/vital-gluten-substitute-replacer-enzyme-mix-25-kg\\\/\",\"url\":\"https:\\\/\\\/www.eskamarket.com\\\/fr\\\/urun\\\/vital-gluten-substitute-replacer-enzyme-mix-25-kg\\\/\",\"name\":\"Vital Gluten Substitute (Replacer) Enzyme Mix 25 KG - eskamarket\",\"isPartOf\":{\"@id\":\"https:\\\/\\\/www.eskamarket.com\\\/fr\\\/#website\"},\"primaryImageOfPage\":{\"@id\":\"https:\\\/\\\/www.eskamarket.com\\\/fr\\\/urun\\\/vital-gluten-substitute-replacer-enzyme-mix-25-kg\\\/#primaryimage\"},\"image\":{\"@id\":\"https:\\\/\\\/www.eskamarket.com\\\/fr\\\/urun\\\/vital-gluten-substitute-replacer-enzyme-mix-25-kg\\\/#primaryimage\"},\"thumbnailUrl\":\"https:\\\/\\\/www.eskamarket.com\\\/wp-content\\\/uploads\\\/2023\\\/05\\\/Vital-Gluten-Ikame-Replacer-Enzim-Miksi.jpg\",\"datePublished\":\"2023-05-06T17:41:59+00:00\",\"dateModified\":\"2025-09-04T12:48:32+00:00\",\"description\":\"Le m\u00e9lange enzymatique de remplacement du gluten vital am\u00e9liore la stabilit\u00e9 de la p\u00e2te, retarde le rassissement et apporte les avantages du gluten de mani\u00e8re \u00e9conomique.\",\"breadcrumb\":{\"@id\":\"https:\\\/\\\/www.eskamarket.com\\\/fr\\\/urun\\\/vital-gluten-substitute-replacer-enzyme-mix-25-kg\\\/#breadcrumb\"},\"inLanguage\":\"fr-FR\",\"potentialAction\":[{\"@type\":\"ReadAction\",\"target\":[\"https:\\\/\\\/www.eskamarket.com\\\/fr\\\/urun\\\/vital-gluten-substitute-replacer-enzyme-mix-25-kg\\\/\"]}]},{\"@type\":\"ImageObject\",\"inLanguage\":\"fr-FR\",\"@id\":\"https:\\\/\\\/www.eskamarket.com\\\/fr\\\/urun\\\/vital-gluten-substitute-replacer-enzyme-mix-25-kg\\\/#primaryimage\",\"url\":\"https:\\\/\\\/www.eskamarket.com\\\/wp-content\\\/uploads\\\/2023\\\/05\\\/Vital-Gluten-Ikame-Replacer-Enzim-Miksi.jpg\",\"contentUrl\":\"https:\\\/\\\/www.eskamarket.com\\\/wp-content\\\/uploads\\\/2023\\\/05\\\/Vital-Gluten-Ikame-Replacer-Enzim-Miksi.jpg\",\"width\":1920,\"height\":1440,\"caption\":\"Vital Gluten \u0130kame (Replacer) Enzim Miksi\"},{\"@type\":\"BreadcrumbList\",\"@id\":\"https:\\\/\\\/www.eskamarket.com\\\/fr\\\/urun\\\/vital-gluten-substitute-replacer-enzyme-mix-25-kg\\\/#breadcrumb\",\"itemListElement\":[{\"@type\":\"ListItem\",\"position\":1,\"name\":\"Anasayfa\",\"item\":\"https:\\\/\\\/www.eskamarket.com\\\/fr\\\/page-daccueil\\\/\"},{\"@type\":\"ListItem\",\"position\":2,\"name\":\"Boutique\",\"item\":\"https:\\\/\\\/www.eskamarket.com\\\/boutique\\\/\"},{\"@type\":\"ListItem\",\"position\":3,\"name\":\"Vital Gluten Substitute (Replacer) Enzyme Mix 25 KG\"}]},{\"@type\":\"WebSite\",\"@id\":\"https:\\\/\\\/www.eskamarket.com\\\/fr\\\/#website\",\"url\":\"https:\\\/\\\/www.eskamarket.com\\\/fr\\\/\",\"name\":\"eskamarket\",\"description\":\"Katk\u0131 Maddeleri ve Hammaddeler\",\"potentialAction\":[{\"@type\":\"SearchAction\",\"target\":{\"@type\":\"EntryPoint\",\"urlTemplate\":\"https:\\\/\\\/www.eskamarket.com\\\/fr\\\/?s={search_term_string}\"},\"query-input\":{\"@type\":\"PropertyValueSpecification\",\"valueRequired\":true,\"valueName\":\"search_term_string\"}}],\"inLanguage\":\"fr-FR\"}]}<\/script>\n<!-- \/ Yoast SEO plugin. -->","yoast_head_json":{"title":"Vital Gluten Substitute (Replacer) Enzyme Mix 25 KG - eskamarket","description":"Le m\u00e9lange enzymatique de remplacement du gluten vital am\u00e9liore la stabilit\u00e9 de la p\u00e2te, retarde le rassissement et apporte les avantages du gluten de mani\u00e8re \u00e9conomique.","robots":{"index":"index","follow":"follow","max-snippet":"max-snippet:-1","max-image-preview":"max-image-preview:large","max-video-preview":"max-video-preview:-1"},"canonical":"https:\/\/www.eskamarket.com\/fr\/urun\/vital-gluten-substitute-replacer-enzyme-mix-25-kg\/","og_locale":"fr_FR","og_type":"article","og_title":"Vital Gluten Substitute (Replacer) Enzyme Mix 25 KG - eskamarket","og_description":"Le m\u00e9lange enzymatique de remplacement du gluten vital am\u00e9liore la stabilit\u00e9 de la p\u00e2te, retarde le rassissement et apporte les avantages du gluten de mani\u00e8re \u00e9conomique.","og_url":"https:\/\/www.eskamarket.com\/fr\/urun\/vital-gluten-substitute-replacer-enzyme-mix-25-kg\/","og_site_name":"eskamarket","article_modified_time":"2025-09-04T12:48:32+00:00","og_image":[{"width":1920,"height":1440,"url":"https:\/\/www.eskamarket.com\/wp-content\/uploads\/2023\/05\/Vital-Gluten-Ikame-Replacer-Enzim-Miksi.jpg","type":"image\/jpeg"}],"twitter_card":"summary_large_image","twitter_misc":{"Dur\u00e9e de lecture estim\u00e9e":"2 minutes"},"schema":{"@context":"https:\/\/schema.org","@graph":[{"@type":"WebPage","@id":"https:\/\/www.eskamarket.com\/fr\/urun\/vital-gluten-substitute-replacer-enzyme-mix-25-kg\/","url":"https:\/\/www.eskamarket.com\/fr\/urun\/vital-gluten-substitute-replacer-enzyme-mix-25-kg\/","name":"Vital Gluten Substitute (Replacer) Enzyme Mix 25 KG - eskamarket","isPartOf":{"@id":"https:\/\/www.eskamarket.com\/fr\/#website"},"primaryImageOfPage":{"@id":"https:\/\/www.eskamarket.com\/fr\/urun\/vital-gluten-substitute-replacer-enzyme-mix-25-kg\/#primaryimage"},"image":{"@id":"https:\/\/www.eskamarket.com\/fr\/urun\/vital-gluten-substitute-replacer-enzyme-mix-25-kg\/#primaryimage"},"thumbnailUrl":"https:\/\/www.eskamarket.com\/wp-content\/uploads\/2023\/05\/Vital-Gluten-Ikame-Replacer-Enzim-Miksi.jpg","datePublished":"2023-05-06T17:41:59+00:00","dateModified":"2025-09-04T12:48:32+00:00","description":"Le m\u00e9lange enzymatique de remplacement du gluten vital am\u00e9liore la stabilit\u00e9 de la p\u00e2te, retarde le rassissement et apporte les avantages du gluten de mani\u00e8re \u00e9conomique.","breadcrumb":{"@id":"https:\/\/www.eskamarket.com\/fr\/urun\/vital-gluten-substitute-replacer-enzyme-mix-25-kg\/#breadcrumb"},"inLanguage":"fr-FR","potentialAction":[{"@type":"ReadAction","target":["https:\/\/www.eskamarket.com\/fr\/urun\/vital-gluten-substitute-replacer-enzyme-mix-25-kg\/"]}]},{"@type":"ImageObject","inLanguage":"fr-FR","@id":"https:\/\/www.eskamarket.com\/fr\/urun\/vital-gluten-substitute-replacer-enzyme-mix-25-kg\/#primaryimage","url":"https:\/\/www.eskamarket.com\/wp-content\/uploads\/2023\/05\/Vital-Gluten-Ikame-Replacer-Enzim-Miksi.jpg","contentUrl":"https:\/\/www.eskamarket.com\/wp-content\/uploads\/2023\/05\/Vital-Gluten-Ikame-Replacer-Enzim-Miksi.jpg","width":1920,"height":1440,"caption":"Vital Gluten \u0130kame (Replacer) Enzim Miksi"},{"@type":"BreadcrumbList","@id":"https:\/\/www.eskamarket.com\/fr\/urun\/vital-gluten-substitute-replacer-enzyme-mix-25-kg\/#breadcrumb","itemListElement":[{"@type":"ListItem","position":1,"name":"Anasayfa","item":"https:\/\/www.eskamarket.com\/fr\/page-daccueil\/"},{"@type":"ListItem","position":2,"name":"Boutique","item":"https:\/\/www.eskamarket.com\/boutique\/"},{"@type":"ListItem","position":3,"name":"Vital Gluten Substitute (Replacer) Enzyme Mix 25 KG"}]},{"@type":"WebSite","@id":"https:\/\/www.eskamarket.com\/fr\/#website","url":"https:\/\/www.eskamarket.com\/fr\/","name":"eskamarket","description":"Katk\u0131 Maddeleri ve Hammaddeler","potentialAction":[{"@type":"SearchAction","target":{"@type":"EntryPoint","urlTemplate":"https:\/\/www.eskamarket.com\/fr\/?s={search_term_string}"},"query-input":{"@type":"PropertyValueSpecification","valueRequired":true,"valueName":"search_term_string"}}],"inLanguage":"fr-FR"}]}},"_links":{"self":[{"href":"https:\/\/www.eskamarket.com\/fr\/wp-json\/wp\/v2\/product\/902","targetHints":{"allow":["GET"]}}],"collection":[{"href":"https:\/\/www.eskamarket.com\/fr\/wp-json\/wp\/v2\/product"}],"about":[{"href":"https:\/\/www.eskamarket.com\/fr\/wp-json\/wp\/v2\/types\/product"}],"replies":[{"embeddable":true,"href":"https:\/\/www.eskamarket.com\/fr\/wp-json\/wp\/v2\/comments?post=902"}],"wp:featuredmedia":[{"embeddable":true,"href":"https:\/\/www.eskamarket.com\/fr\/wp-json\/wp\/v2\/media\/904"}],"wp:attachment":[{"href":"https:\/\/www.eskamarket.com\/fr\/wp-json\/wp\/v2\/media?parent=902"}],"wp:term":[{"taxonomy":"product_brand","embeddable":true,"href":"https:\/\/www.eskamarket.com\/fr\/wp-json\/wp\/v2\/product_brand?post=902"},{"taxonomy":"product_cat","embeddable":true,"href":"https:\/\/www.eskamarket.com\/fr\/wp-json\/wp\/v2\/product_cat?post=902"},{"taxonomy":"product_tag","embeddable":true,"href":"https:\/\/www.eskamarket.com\/fr\/wp-json\/wp\/v2\/product_tag?post=902"}],"curies":[{"name":"wp","href":"https:\/\/api.w.org\/{rel}","templated":true}]}}