{"id":874,"date":"2023-06-10T17:27:04","date_gmt":"2023-06-10T14:27:04","guid":{"rendered":"https:\/\/www.eskamarket.com\/urun\/revelateur-pour-pate-a-pizza-fine-et-epaisse-adapte-aux-procedes-surgeles-25-kg\/"},"modified":"2025-08-22T21:45:25","modified_gmt":"2025-08-22T18:45:25","slug":"revelateur-pour-pate-a-pizza-fine-et-epaisse-adapte-aux-procedes-surgeles-25-kg","status":"publish","type":"product","link":"https:\/\/www.eskamarket.com\/fr\/urun\/revelateur-pour-pate-a-pizza-fine-et-epaisse-adapte-aux-procedes-surgeles-25-kg\/","title":{"rendered":"Am\u00e9liorant pour P\u00e2tes \u00e0 Pizza Fines et \u00c9paisses (Convient aux Proc\u00e9d\u00e9s Surgel\u00e9s) 20 KG"},"content":{"rendered":"<h1><strong>Am\u00e9liorant pour P\u00e2tes \u00e0 Pizza Fines et \u00c9paisses (Convient aux Proc\u00e9d\u00e9s Surgel\u00e9s) 20 KG<\/strong><\/h1>\n<p><strong>Developer for Thin and Thick Pizza Doughs<\/strong> est un produit sp\u00e9cialement formul\u00e9 pour les entreprises industrielles et semi-industrielles. Il est con\u00e7u pour garantir la qualit\u00e9 et l&rsquo;efficacit\u00e9 de la production de bases de pizzas surgel\u00e9es et fra\u00eeches. Le produit offre des performances sup\u00e9rieures pour les p\u00e2tes \u00e0 pizza minces et \u00e9paisses et \u00e9limine la diff\u00e9rence de qualit\u00e9 entre les p\u00e2tes surgel\u00e9es et les p\u00e2tes fra\u00eeches.  <\/p>\n<hr>\n<h2><strong>Caract\u00e9ristiques du produit<\/strong><\/h2>\n<ul>\n<li><strong>Aspect<\/strong> Cristallin, blanc poudreux.<\/li>\n<li><strong>Quantit\u00e9 \u00e0 utiliser :<\/strong> 1 \u00e0 3 % du poids total de la p\u00e2te doivent \u00eatre utilis\u00e9s.<\/li>\n<li><strong>Forme d\u2019emballage : <\/strong>pr\u00e9sent\u00e9 en cartons de 20 kg.<\/li>\n<\/ul>\n<hr>\n<h2><strong>Domaines d&rsquo;utilisation et avantages<\/strong><\/h2>\n<p><strong>L&rsquo;am\u00e9liorateur pour p\u00e2te \u00e0 pizza fine et \u00e9paisse<\/strong> a \u00e9t\u00e9 d\u00e9velopp\u00e9 pour r\u00e9soudre de nombreuses difficult\u00e9s rencontr\u00e9es dans la production de p\u00e2te \u00e0 pizza et pour am\u00e9liorer la qualit\u00e9 du produit final. Voici les avantages qu&rsquo;offre ce produit : <\/p>\n<h4><strong>1. \u00e9quilibre parfait entre la p\u00e2te surgel\u00e9e et la p\u00e2te fra\u00eeche<\/strong><\/h4>\n<ul>\n<li><strong>Stabilit\u00e9 des p\u00e2tes congel\u00e9es :<\/strong> Il emp\u00eache la perte de volume lors de la d\u00e9cong\u00e9lation des p\u00e2tes congel\u00e9es et prot\u00e8ge la structure de la p\u00e2te.<\/li>\n<li><strong>Saveur et qualit\u00e9 :<\/strong> Il \u00e9limine la diff\u00e9rence de qualit\u00e9 et de saveur entre les p\u00e2tes congel\u00e9es et fra\u00eeches et offre d&rsquo;excellents r\u00e9sultats.<\/li>\n<\/ul>\n<h4><strong>2. facilit\u00e9 de traitement de la p\u00e2te<\/strong><\/h4>\n<ul>\n<li><strong>Compatible avec la qualit\u00e9 de la farine :<\/strong> Permet d&rsquo;\u00e9taler facilement la p\u00e2te, m\u00eame avec des farines fortes, et facilite le processus d&rsquo;\u00e9talement de la p\u00e2te.<\/li>\n<li><strong>Maniabilit\u00e9 :<\/strong> Augmente l&rsquo;\u00e9lasticit\u00e9 de la p\u00e2te, r\u00e9duit le risque de d\u00e9chirure et facilite le processus de production.<\/li>\n<\/ul>\n<h4><strong>3. la qualit\u00e9 du produit final<\/strong><\/h4>\n<ul>\n<li><strong>Cro\u00fbte et structure interne :<\/strong> Permet d&rsquo;obtenir une structure homog\u00e8ne et un aspect attrayant de la cro\u00fbte de la pizza finale. Favorise la texture interne souhait\u00e9e de la p\u00e2te \u00e0 pizza. <\/li>\n<li><strong>Volume :<\/strong> Maintient le volume de la p\u00e2te pendant la cuisson, ce qui permet \u00e0 la pizza d&rsquo;avoir une structure d\u00e9licieuse et l\u00e9g\u00e8re.<\/li>\n<\/ul>\n<hr>\n<h2><strong>D\u00e9veloppeur pour p\u00e2te \u00e0 pizza fine et \u00e9paisse <\/strong><strong>Comment l&rsquo;utiliser ?<\/strong><\/h2>\n<ul>\n<li><strong>Mode d&#8217;emploi :<\/strong><br \/>\nLe produit doit \u00eatre utilis\u00e9 \u00e0 raison de 1-3% du poids total de la p\u00e2te. Il est ajout\u00e9 directement au m\u00e9lange de p\u00e2te \u00e0 pizza et s&rsquo;int\u00e8gre facilement. <\/li>\n<li><strong>Conditions de stockage :<\/strong><br \/>\nLe produit doit \u00eatre stock\u00e9 dans un environnement frais et sec. Il ne doit pas \u00eatre expos\u00e9 \u00e0 la lumi\u00e8re directe du soleil et doit \u00eatre conserv\u00e9 \u00e0 l&rsquo;abri de l&rsquo;air apr\u00e8s ouverture de l&#8217;emballage. <\/li>\n<\/ul>\n<hr>\n<h2><strong>Avantages technologiques<\/strong><\/h2>\n<ol>\n<li><strong>Convient aux processus de cong\u00e9lation :<\/strong>\n<ul>\n<li>Il emp\u00eache la perte de volume des p\u00e2tes congel\u00e9es avant la cuisson et \u00e9limine la diff\u00e9rence de qualit\u00e9 entre les p\u00e2tes fra\u00eeches et les p\u00e2tes congel\u00e9es.<\/li>\n<\/ul>\n<\/li>\n<li><strong>P\u00e2te Caract\u00e9ristique relaxante :<\/strong>\n<ul>\n<li>Il facilite le traitement de la p\u00e2te, m\u00eame lorsque l&rsquo;on travaille avec des farines fortes.<\/li>\n<\/ul>\n<\/li>\n<li><strong>Des r\u00e9sultats remarquables :<\/strong>\n<ul>\n<li>Il garantit l&rsquo;homog\u00e9n\u00e9it\u00e9 et l&rsquo;excellente qualit\u00e9 de la cro\u00fbte et de la structure interne de la pizza finale.<\/li>\n<\/ul>\n<\/li>\n<\/ol>\n<hr>\n<h3><strong>Des solutions parfaites pour la production de pizzas<\/strong><\/h3>\n<p><strong>Thin and Thick Pizza Dough Enhancer<\/strong> est un produit qui offre des performances sup\u00e9rieures pour les pizzas \u00e0 base fine ou \u00e9paisse. Tout en optimisant votre processus de production, il vous permet d&rsquo;offrir des pizzas de qualit\u00e9 et d\u00e9licieuses aux consommateurs. Il augmente l&rsquo;efficacit\u00e9 de votre production en offrant une solution efficace aux difficult\u00e9s rencontr\u00e9es notamment dans la production de p\u00e2te congel\u00e9e.  <\/p>\n<p>Pour d&rsquo;autres produits d&rsquo;am\u00e9lioration du pain <strong><a href=\"https:\/\/www.eskamarket.com\/fr\/urun-kategori\/boulangerie\/developpeurs-de-pain\/\" target=\"_new\" rel=\"noopener\">Cat\u00e9gorie D\u00e9veloppeurs de pain<\/a><\/strong> vous pouvez visiter<\/p>\n","protected":false},"excerpt":{"rendered":"<p>Am\u00e9liorant pour P\u00e2tes \u00e0 Pizza Fines et \u00c9paisses (Convient aux Proc\u00e9d\u00e9s Surgel\u00e9s) 20 KG Developer for Thin and Thick Pizza Doughs est un produit sp\u00e9cialement formul\u00e9 pour les entreprises industrielles et semi-industrielles. Il est con\u00e7u pour garantir la qualit\u00e9 et l&rsquo;efficacit\u00e9 de la production de bases de pizzas surgel\u00e9es et fra\u00eeches. Le produit offre des [&#8230;]\n","protected":false},"featured_media":876,"comment_status":"open","ping_status":"closed","template":"","meta":{"_joinchat":[]},"product_brand":[],"product_cat":[61,63],"product_tag":[],"class_list":{"0":"post-874","1":"product","2":"type-product","3":"status-publish","4":"has-post-thumbnail","6":"product_cat-boulangerie","7":"product_cat-developpeurs-de-pain","9":"first","10":"instock","11":"taxable","12":"shipping-taxable","13":"purchasable","14":"product-type-simple"},"_links":{"self":[{"href":"https:\/\/www.eskamarket.com\/fr\/wp-json\/wp\/v2\/product\/874","targetHints":{"allow":["GET"]}}],"collection":[{"href":"https:\/\/www.eskamarket.com\/fr\/wp-json\/wp\/v2\/product"}],"about":[{"href":"https:\/\/www.eskamarket.com\/fr\/wp-json\/wp\/v2\/types\/product"}],"replies":[{"embeddable":true,"href":"https:\/\/www.eskamarket.com\/fr\/wp-json\/wp\/v2\/comments?post=874"}],"wp:featuredmedia":[{"embeddable":true,"href":"https:\/\/www.eskamarket.com\/fr\/wp-json\/wp\/v2\/media\/876"}],"wp:attachment":[{"href":"https:\/\/www.eskamarket.com\/fr\/wp-json\/wp\/v2\/media?parent=874"}],"wp:term":[{"taxonomy":"product_brand","embeddable":true,"href":"https:\/\/www.eskamarket.com\/fr\/wp-json\/wp\/v2\/product_brand?post=874"},{"taxonomy":"product_cat","embeddable":true,"href":"https:\/\/www.eskamarket.com\/fr\/wp-json\/wp\/v2\/product_cat?post=874"},{"taxonomy":"product_tag","embeddable":true,"href":"https:\/\/www.eskamarket.com\/fr\/wp-json\/wp\/v2\/product_tag?post=874"}],"curies":[{"name":"wp","href":"https:\/\/api.w.org\/{rel}","templated":true}]}}