{"id":871,"date":"2023-05-06T22:03:14","date_gmt":"2023-05-06T19:03:14","guid":{"rendered":"https:\/\/www.eskamarket.com\/urun\/ameliorant-pour-pain-lavash-25-kg\/"},"modified":"2025-08-25T00:27:36","modified_gmt":"2025-08-24T21:27:36","slug":"ameliorant-pour-pain-lavash-25-kg","status":"publish","type":"product","link":"https:\/\/www.eskamarket.com\/fr\/urun\/ameliorant-pour-pain-lavash-25-kg\/","title":{"rendered":"Am\u00e9liorant pour Pain Lavash 20 KG"},"content":{"rendered":"<h1><strong>Am\u00e9liorant pour Pain Lavash 20 KG<\/strong><\/h1>\n<p><strong>Lavash Bread Enhancer<\/strong> est sp\u00e9cialement formul\u00e9 pour am\u00e9liorer la qualit\u00e9 et optimiser les processus de production des pains lavash et tortilla. Le produit facilite le travail de la p\u00e2te, emp\u00eache la rupture et am\u00e9liore l&rsquo;\u00e9lasticit\u00e9 du produit final, offrant ainsi une exp\u00e9rience sup\u00e9rieure au consommateur. Sous forme de <strong>concentr\u00e9 ou de poudre<\/strong>, cet am\u00e9liorant offre une solution flexible adapt\u00e9e aux besoins de la production industrielle. <\/p>\n<hr>\n<h2><strong>Caract\u00e9ristiques du produit<\/strong><\/h2>\n<ul>\n<li><strong>Forme :<\/strong> Concentr\u00e9 et poudre.<\/li>\n<li><strong>Quantit\u00e9 d&rsquo;utilisation :<\/strong> Il doit \u00eatre utilis\u00e9 jusqu&rsquo;\u00e0 1 % du poids total de la p\u00e2te.<\/li>\n<li><strong>Forme d\u2019emballage : <\/strong>pr\u00e9sent\u00e9 en cartons de 20 kg.<\/li>\n<li><strong>Flexibilit\u00e9 :<\/strong> Les formulations sur mesure peuvent offrir des options de personnalisation pour s&rsquo;adapter \u00e0 votre ligne de production.<\/li>\n<\/ul>\n<hr>\n<h2><strong>Domaines d&rsquo;utilisation et avantages<\/strong><\/h2>\n<p>L<strong>&lsquo;am\u00e9liorant pour pain Lavash<\/strong> peut \u00eatre utilis\u00e9 dans les processus de production industriels et semi-industriels. Voici les principaux avantages offerts par ce produit : <\/p>\n<h4><strong>1. la qualit\u00e9 et la durabilit\u00e9 des produits<\/strong><\/h4>\n<ul>\n<li><strong>Fra\u00eecheur :<\/strong> Il permet de conserver la fra\u00eecheur des pains lavash et tortilla tout au long de leur dur\u00e9e de conservation.<\/li>\n<li><strong>R\u00e9sistance \u00e0 la rupture :<\/strong> Emp\u00eache la d\u00e9chirure et la rupture en augmentant l&rsquo;\u00e9lasticit\u00e9 du pain. Cela permet d&rsquo;obtenir d&rsquo;excellentes performances, en particulier dans les processus d&#8217;emballage tels que les wraps. <\/li>\n<\/ul>\n<h4><strong>2. un aspect naturel et attrayant<\/strong><\/h4>\n<ul>\n<li><strong>Couleur naturelle :<\/strong> Le produit garantit que le pain lavash a une couleur naturelle, ce qui renforce l&rsquo;attrait visuel.<\/li>\n<\/ul>\n<h4><strong>3. facilit\u00e9 de traitement de la p\u00e2te<\/strong><\/h4>\n<ul>\n<li><strong>Compatible avec les machines :<\/strong> Am\u00e9liore la capacit\u00e9 de traitement de la p\u00e2te en machine et emp\u00eache le collage dans la ligne de production.<\/li>\n<li><strong>Efficacit\u00e9 de la p\u00e2te :<\/strong> Augmente la production de pain en augmentant l&rsquo;efficacit\u00e9 de la p\u00e2te.<\/li>\n<\/ul>\n<h4><strong>4) Formulation personnalisable<\/strong><\/h4>\n<ul>\n<li><strong>Des solutions sur mesure :<\/strong> Des formulations sp\u00e9cialis\u00e9es peuvent \u00eatre d\u00e9velopp\u00e9es pour votre ligne de production. Le produit peut ainsi \u00eatre adapt\u00e9 \u00e0 vos besoins sp\u00e9cifiques. <\/li>\n<\/ul>\n<h4><strong>5. sans conservateur<\/strong><\/h4>\n<ul>\n<li><strong>Formulation naturelle :<\/strong> Le produit a une formulation naturelle sans conservateurs. Toutefois, il peut \u00eatre n\u00e9cessaire d&rsquo;utiliser des produits suppl\u00e9mentaires pour emp\u00eacher la formation de moisissures. Vous pouvez obtenir de l&rsquo;aide \u00e0 ce sujet.  <\/li>\n<\/ul>\n<hr>\n<h2><strong>Comment utiliser l&rsquo;am\u00e9liorateur de panification Lavash ?<\/strong><\/h2>\n<ul>\n<li><strong>Mode d&#8217;emploi :<\/strong><br \/>\nLavash Bread Enhancer doit \u00eatre utilis\u00e9 \u00e0 raison de 1% du poids total de la p\u00e2te. Le produit peut \u00eatre ajout\u00e9 directement au m\u00e9lange de p\u00e2te et se m\u00e9lange facilement aux autres ingr\u00e9dients. <\/li>\n<li><strong>Conditions de stockage :<\/strong><br \/>\nLe produit doit \u00eatre stock\u00e9 dans un environnement frais et sec. Il ne doit pas \u00eatre expos\u00e9 \u00e0 la lumi\u00e8re directe du soleil et doit \u00eatre conserv\u00e9 \u00e0 l&rsquo;abri de l&rsquo;air apr\u00e8s ouverture de l&#8217;emballage. <\/li>\n<\/ul>\n<hr>\n<h2><strong>Avantages technologiques<\/strong><\/h2>\n<ol>\n<li><strong>Stabilit\u00e9 du produit :<\/strong>\n<ul>\n<li>Maintient la structure \u00e9lastique du pain, \u00e9vitant les cassures et les d\u00e9chirures pendant la dur\u00e9e de conservation.<\/li>\n<\/ul>\n<\/li>\n<li><strong>Productivit\u00e9 de la p\u00e2te :<\/strong>\n<ul>\n<li>Am\u00e9liore la maniabilit\u00e9 de la p\u00e2te et minimise les erreurs dans le processus de production.<\/li>\n<\/ul>\n<\/li>\n<li><strong>Formulation naturelle et s\u00fbre :<\/strong>\n<ul>\n<li>Il constitue une option fiable gr\u00e2ce \u00e0 sa structure sans conservateur.<\/li>\n<\/ul>\n<\/li>\n<\/ol>\n<hr>\n<h3><strong>Des solutions parfaites pour la production de lavash<\/strong><\/h3>\n<p><strong>Lavash Bread Improver<\/strong> est une solution flexible et efficace qui am\u00e9liore la qualit\u00e9 de la production des pains lavash et tortilla. Il augmente la satisfaction des consommateurs gr\u00e2ce \u00e0 des caract\u00e9ristiques telles que la fra\u00eecheur, l&rsquo;\u00e9lasticit\u00e9 et l&rsquo;aspect naturel. Vous pouvez nous contacter pour des formulations personnalis\u00e9es adapt\u00e9es \u00e0 vos besoins de production.  <\/p>\n<p>Pour d&rsquo;autres produits d&rsquo;am\u00e9lioration du pain <strong><a href=\"https:\/\/www.eskamarket.com\/fr\/urun-kategori\/boulangerie\/developpeurs-de-pain\/\" target=\"_new\" rel=\"noopener\">Cat\u00e9gorie D\u00e9veloppeurs de pain<\/a><\/strong> vous pouvez visiter<\/p>\n","protected":false},"excerpt":{"rendered":"<p>Am\u00e9liorant pour Pain Lavash 20 KG Lavash Bread Enhancer est sp\u00e9cialement formul\u00e9 pour am\u00e9liorer la qualit\u00e9 et optimiser les processus de production des pains lavash et tortilla. Le produit facilite le travail de la p\u00e2te, emp\u00eache la rupture et am\u00e9liore l&rsquo;\u00e9lasticit\u00e9 du produit final, offrant ainsi une exp\u00e9rience sup\u00e9rieure au consommateur. Sous forme de concentr\u00e9 [&#8230;]\n","protected":false},"featured_media":873,"comment_status":"open","ping_status":"closed","template":"","meta":{"_joinchat":[]},"product_brand":[],"product_cat":[61,63],"product_tag":[],"class_list":{"0":"post-871","1":"product","2":"type-product","3":"status-publish","4":"has-post-thumbnail","6":"product_cat-boulangerie","7":"product_cat-developpeurs-de-pain","9":"first","10":"instock","11":"taxable","12":"shipping-taxable","13":"purchasable","14":"product-type-simple"},"_links":{"self":[{"href":"https:\/\/www.eskamarket.com\/fr\/wp-json\/wp\/v2\/product\/871","targetHints":{"allow":["GET"]}}],"collection":[{"href":"https:\/\/www.eskamarket.com\/fr\/wp-json\/wp\/v2\/product"}],"about":[{"href":"https:\/\/www.eskamarket.com\/fr\/wp-json\/wp\/v2\/types\/product"}],"replies":[{"embeddable":true,"href":"https:\/\/www.eskamarket.com\/fr\/wp-json\/wp\/v2\/comments?post=871"}],"wp:featuredmedia":[{"embeddable":true,"href":"https:\/\/www.eskamarket.com\/fr\/wp-json\/wp\/v2\/media\/873"}],"wp:attachment":[{"href":"https:\/\/www.eskamarket.com\/fr\/wp-json\/wp\/v2\/media?parent=871"}],"wp:term":[{"taxonomy":"product_brand","embeddable":true,"href":"https:\/\/www.eskamarket.com\/fr\/wp-json\/wp\/v2\/product_brand?post=871"},{"taxonomy":"product_cat","embeddable":true,"href":"https:\/\/www.eskamarket.com\/fr\/wp-json\/wp\/v2\/product_cat?post=871"},{"taxonomy":"product_tag","embeddable":true,"href":"https:\/\/www.eskamarket.com\/fr\/wp-json\/wp\/v2\/product_tag?post=871"}],"curies":[{"name":"wp","href":"https:\/\/api.w.org\/{rel}","templated":true}]}}