{"id":863,"date":"2023-05-06T22:02:24","date_gmt":"2023-05-06T19:02:24","guid":{"rendered":"https:\/\/www.eskamarket.com\/urun\/ameliorateur-de-pain-pour-hamburger-toast-sandwich-25-kg\/"},"modified":"2025-08-25T00:29:50","modified_gmt":"2025-08-24T21:29:50","slug":"ameliorateur-de-pain-pour-hamburger-toast-sandwich-25-kg","status":"publish","type":"product","link":"https:\/\/www.eskamarket.com\/fr\/urun\/ameliorateur-de-pain-pour-hamburger-toast-sandwich-25-kg\/","title":{"rendered":"Am\u00e9liorant pour Pain Hamburger, Toast et Sandwich 20 KG"},"content":{"rendered":"<h1><strong>Am\u00e9liorant pour Pain Hamburger, Toast et Sandwich 20 KG<\/strong><\/h1>\n<p><strong>Hamburger, Toast and Sandwich Bread Enhancer<\/strong> est une solution con\u00e7ue pour am\u00e9liorer la qualit\u00e9 et rationaliser les processus de production des pains \u00e0 base de bl\u00e9. Cette formule sp\u00e9ciale permet d&rsquo;obtenir d&rsquo;excellents r\u00e9sultats \u00e0 chaque \u00e9tape, de la transformation de la p\u00e2te au produit final. Elle est id\u00e9ale pour les professionnels qui souhaitent produire des pains moelleux et homog\u00e8nes avec une longue dur\u00e9e de conservation.  <\/p>\n<hr>\n<h2><strong>Caract\u00e9ristiques du produit<\/strong><\/h2>\n<ul>\n<li><strong>Type de produit :<\/strong> Am\u00e9liorant sp\u00e9cialement formul\u00e9 pour les pains hamburger, les pains de mie et les pains grill\u00e9s.<\/li>\n<li><strong>Quantit\u00e9 \u00e0 utiliser :<\/strong> 0,5-1% du poids total de la p\u00e2te.<\/li>\n<li><strong>Forme d\u2019emballage : <\/strong>pr\u00e9sent\u00e9 en cartons de 20 kg.<\/li>\n<\/ul>\n<hr>\n<h2><strong>Domaines d&rsquo;utilisation et avantages<\/strong><\/h2>\n<p><strong>L&rsquo;am\u00e9liorateur de pain hamburger, toast et sandwich<\/strong> vous aide \u00e0 surmonter les difficult\u00e9s rencontr\u00e9es lors de la production et \u00e0 am\u00e9liorer la qualit\u00e9 de votre produit final. Voici les principaux avantages de ce produit : <\/p>\n<h4><strong>1. facilit\u00e9 de traitement de la p\u00e2te<\/strong><\/h4>\n<ul>\n<li><strong>R\u00e9duit le collage et le d\u00e9chirement :<\/strong><br \/>\nContient des enzymes et des \u00e9mulsifiants qui augmentent la maniabilit\u00e9 de la p\u00e2te. Ainsi, la p\u00e2te est facilement fa\u00e7onn\u00e9e dans les lignes de production et les probl\u00e8mes d&rsquo;adh\u00e9rence sont minimis\u00e9s. <\/li>\n<li><strong>Traitement efficace<\/strong>:<br \/>\nMoins de d\u00e9chirures et de d\u00e9formations lors du traitement de la p\u00e2te.<\/li>\n<\/ul>\n<h4><strong>2. structure avanc\u00e9e du pain<\/strong><\/h4>\n<ul>\n<li><strong>Texture moelleuse et homog\u00e8ne :<\/strong><br \/>\nLes ingr\u00e9dients sp\u00e9ciaux am\u00e9liorent la structure interne du pain. Le produit final a une texture moelleuse et un aspect lisse. <\/li>\n<li><strong>Volume et structure :<\/strong><br \/>\nGr\u00e2ce aux ingr\u00e9dients qui favorisent l&rsquo;activit\u00e9 de la levure, le volume de la p\u00e2te augmente, un meilleur rebondissement au four et une structure a\u00e9r\u00e9e sont obtenus.<\/li>\n<\/ul>\n<h4><strong>3. fra\u00eecheur prolong\u00e9e<\/strong><\/h4>\n<ul>\n<li><strong>Retarde le rassissement :<\/strong><br \/>\nLes enzymes et les \u00e9mulsifiants qui emp\u00eachent le rassissement prolongent la dur\u00e9e de conservation du pain. Le pain reste moelleux et frais plus longtemps. <\/li>\n<li><strong>Emp\u00eache le dess\u00e8chement :<\/strong><br \/>\nLe produit emp\u00eache le pain de se dess\u00e9cher et garantit qu&rsquo;il conserve sa fra\u00eecheur tout au long de sa dur\u00e9e de conservation.<\/li>\n<\/ul>\n<h4><strong>4) Coh\u00e9rence du processus de production<\/strong><\/h4>\n<ul>\n<li><strong>Qualit\u00e9 standardis\u00e9e :<\/strong><br \/>\nLa formulation garantit des r\u00e9sultats constants \u00e0 chaque cycle de production. Elle minimise les fluctuations de qualit\u00e9 de votre produit. <\/li>\n<li><strong>Pr\u00e9vient les d\u00e9fauts de surface :<\/strong><br \/>\nPr\u00e9vient les plis qui peuvent appara\u00eetre \u00e0 la surface du pain apr\u00e8s la cuisson et permet d&rsquo;obtenir un r\u00e9sultat visuellement impeccable.<\/li>\n<\/ul>\n<hr>\n<h2><strong>Comment utiliser le d\u00e9veloppeur pour hamburgers, toasts et pains de mie ?<\/strong><\/h2>\n<ul>\n<li><strong>Mode d&#8217;emploi :<\/strong><br \/>\nLe r\u00e9v\u00e9lateur doit \u00eatre utilis\u00e9 \u00e0 raison de 0,5-1% du poids total de la p\u00e2te. Il s&rsquo;applique facilement en l&rsquo;ajoutant directement au m\u00e9lange de p\u00e2te. <\/li>\n<li><strong>Conditions de stockage :<\/strong><br \/>\nLe produit doit \u00eatre stock\u00e9 dans un environnement frais et sec. Il ne doit pas \u00eatre expos\u00e9 \u00e0 la lumi\u00e8re directe du soleil et doit \u00eatre conserv\u00e9 \u00e0 l&rsquo;abri de l&rsquo;air apr\u00e8s ouverture de l&#8217;emballage. <\/li>\n<\/ul>\n<hr>\n<h2><strong>Avantages technologiques<\/strong><\/h2>\n<ol>\n<li><strong>Fra\u00eecheur \u00e0 long terme :<\/strong><br \/>\nLes composants enzymatiques et \u00e9mulsifiants prolongent la dur\u00e9e de conservation en retardant le rassissement.<\/li>\n<li><strong>Optimisation du processus de production :<\/strong><br \/>\nR\u00e9duit le taux d&rsquo;erreur lors du traitement de la p\u00e2te et augmente l&rsquo;efficacit\u00e9 de la ligne de production.<\/li>\n<li><strong>R\u00e9sultats standardis\u00e9s :<\/strong><br \/>\nOptimise votre processus de production en garantissant la m\u00eame qualit\u00e9 et les m\u00eames propri\u00e9t\u00e9s dans chaque lot.<\/li>\n<\/ol>\n<hr>\n<h3><strong>Pain pour hamburgers, toasts et sandwichs de haute qualit\u00e9<\/strong><\/h3>\n<p><strong>Hamburger, Toast and Sandwich Bread Enhancer<\/strong> vous aide \u00e0 fournir \u00e0 vos clients des produits de qualit\u00e9 sup\u00e9rieure en garantissant la fonctionnalit\u00e9, la qualit\u00e9 et l&rsquo;efficacit\u00e9 de votre processus de production. Il fait la diff\u00e9rence dans la production de pain gr\u00e2ce \u00e0 sa structure homog\u00e8ne, sa longue dur\u00e9e de conservation et sa facilit\u00e9 de transformation. <\/p>\n<p>Pour d&rsquo;autres produits d&rsquo;am\u00e9lioration du pain <strong><a href=\"https:\/\/www.eskamarket.com\/fr\/urun-kategori\/boulangerie\/developpeurs-de-pain\/\" target=\"_new\" rel=\"noopener\">Cat\u00e9gorie D\u00e9veloppeurs de pain<\/a><\/strong> vous pouvez visiter<\/p>\n","protected":false},"excerpt":{"rendered":"<p>Am\u00e9liorant pour Pain Hamburger, Toast et Sandwich 20 KG Hamburger, Toast and Sandwich Bread Enhancer est une solution con\u00e7ue pour am\u00e9liorer la qualit\u00e9 et rationaliser les processus de production des pains \u00e0 base de bl\u00e9. Cette formule sp\u00e9ciale permet d&rsquo;obtenir d&rsquo;excellents r\u00e9sultats \u00e0 chaque \u00e9tape, de la transformation de la p\u00e2te au produit final. Elle [&#8230;]\n","protected":false},"featured_media":869,"comment_status":"open","ping_status":"closed","template":"","meta":{"_joinchat":[]},"product_brand":[],"product_cat":[61,63],"product_tag":[],"class_list":{"0":"post-863","1":"product","2":"type-product","3":"status-publish","4":"has-post-thumbnail","6":"product_cat-boulangerie","7":"product_cat-developpeurs-de-pain","9":"first","10":"instock","11":"taxable","12":"shipping-taxable","13":"purchasable","14":"product-type-simple"},"yoast_head":"<!-- This site is optimized with the Yoast SEO plugin v27.3 - https:\/\/yoast.com\/product\/yoast-seo-wordpress\/ -->\n<title>Am\u00e9liorant pour Pain Hamburger, Toast et Sandwich 20 KG - eskamarket<\/title>\n<meta name=\"description\" content=\"Le r\u00e9v\u00e9lateur de pain pour hamburger, toast et sandwich offre une texture moelleuse, une structure homog\u00e8ne et une longue dur\u00e9e de conservation. Il est facile \u00e0 produire avec un taux d&#039;utilisation de 0,5 \u00e0 1 %.\" \/>\n<meta name=\"robots\" content=\"index, follow, max-snippet:-1, max-image-preview:large, max-video-preview:-1\" \/>\n<link rel=\"canonical\" href=\"https:\/\/www.eskamarket.com\/fr\/urun\/ameliorateur-de-pain-pour-hamburger-toast-sandwich-25-kg\/\" \/>\n<meta property=\"og:locale\" content=\"fr_FR\" \/>\n<meta property=\"og:type\" content=\"article\" \/>\n<meta property=\"og:title\" content=\"Am\u00e9liorant pour Pain Hamburger, Toast et Sandwich 20 KG - eskamarket\" \/>\n<meta property=\"og:description\" content=\"Le r\u00e9v\u00e9lateur de pain pour hamburger, toast et sandwich offre une texture moelleuse, une structure homog\u00e8ne et une longue dur\u00e9e de conservation. Il est facile \u00e0 produire avec un taux d&#039;utilisation de 0,5 \u00e0 1 %.\" \/>\n<meta property=\"og:url\" content=\"https:\/\/www.eskamarket.com\/fr\/urun\/ameliorateur-de-pain-pour-hamburger-toast-sandwich-25-kg\/\" \/>\n<meta property=\"og:site_name\" content=\"eskamarket\" \/>\n<meta property=\"article:modified_time\" content=\"2025-08-24T21:29:50+00:00\" \/>\n<meta property=\"og:image\" content=\"https:\/\/www.eskamarket.com\/wp-content\/uploads\/2023\/05\/Hamburger-Tost-Sandvic-Ekmegi-Gelistiricisi.jpg\" \/>\n\t<meta property=\"og:image:width\" content=\"1920\" \/>\n\t<meta property=\"og:image:height\" content=\"1440\" \/>\n\t<meta property=\"og:image:type\" content=\"image\/jpeg\" \/>\n<meta name=\"twitter:card\" content=\"summary_large_image\" \/>\n<meta name=\"twitter:label1\" content=\"Dur\u00e9e de lecture estim\u00e9e\" \/>\n\t<meta name=\"twitter:data1\" content=\"3 minutes\" \/>\n<script type=\"application\/ld+json\" class=\"yoast-schema-graph\">{\"@context\":\"https:\\\/\\\/schema.org\",\"@graph\":[{\"@type\":\"WebPage\",\"@id\":\"https:\\\/\\\/www.eskamarket.com\\\/fr\\\/urun\\\/ameliorateur-de-pain-pour-hamburger-toast-sandwich-25-kg\\\/\",\"url\":\"https:\\\/\\\/www.eskamarket.com\\\/fr\\\/urun\\\/ameliorateur-de-pain-pour-hamburger-toast-sandwich-25-kg\\\/\",\"name\":\"Am\u00e9liorant pour Pain Hamburger, Toast et Sandwich 20 KG - eskamarket\",\"isPartOf\":{\"@id\":\"https:\\\/\\\/www.eskamarket.com\\\/fr\\\/#website\"},\"primaryImageOfPage\":{\"@id\":\"https:\\\/\\\/www.eskamarket.com\\\/fr\\\/urun\\\/ameliorateur-de-pain-pour-hamburger-toast-sandwich-25-kg\\\/#primaryimage\"},\"image\":{\"@id\":\"https:\\\/\\\/www.eskamarket.com\\\/fr\\\/urun\\\/ameliorateur-de-pain-pour-hamburger-toast-sandwich-25-kg\\\/#primaryimage\"},\"thumbnailUrl\":\"https:\\\/\\\/www.eskamarket.com\\\/wp-content\\\/uploads\\\/2023\\\/05\\\/Hamburger-Tost-Sandvic-Ekmegi-Gelistiricisi.jpg\",\"datePublished\":\"2023-05-06T19:02:24+00:00\",\"dateModified\":\"2025-08-24T21:29:50+00:00\",\"description\":\"Le r\u00e9v\u00e9lateur de pain pour hamburger, toast et sandwich offre une texture moelleuse, une structure homog\u00e8ne et une longue dur\u00e9e de conservation. Il est facile \u00e0 produire avec un taux d'utilisation de 0,5 \u00e0 1 %.\",\"breadcrumb\":{\"@id\":\"https:\\\/\\\/www.eskamarket.com\\\/fr\\\/urun\\\/ameliorateur-de-pain-pour-hamburger-toast-sandwich-25-kg\\\/#breadcrumb\"},\"inLanguage\":\"fr-FR\",\"potentialAction\":[{\"@type\":\"ReadAction\",\"target\":[\"https:\\\/\\\/www.eskamarket.com\\\/fr\\\/urun\\\/ameliorateur-de-pain-pour-hamburger-toast-sandwich-25-kg\\\/\"]}]},{\"@type\":\"ImageObject\",\"inLanguage\":\"fr-FR\",\"@id\":\"https:\\\/\\\/www.eskamarket.com\\\/fr\\\/urun\\\/ameliorateur-de-pain-pour-hamburger-toast-sandwich-25-kg\\\/#primaryimage\",\"url\":\"https:\\\/\\\/www.eskamarket.com\\\/wp-content\\\/uploads\\\/2023\\\/05\\\/Hamburger-Tost-Sandvic-Ekmegi-Gelistiricisi.jpg\",\"contentUrl\":\"https:\\\/\\\/www.eskamarket.com\\\/wp-content\\\/uploads\\\/2023\\\/05\\\/Hamburger-Tost-Sandvic-Ekmegi-Gelistiricisi.jpg\",\"width\":1920,\"height\":1440,\"caption\":\"Hamburger, Tost, Sandvi\u00e7 Ekme\u011fi Geli\u015ftiricisi\"},{\"@type\":\"BreadcrumbList\",\"@id\":\"https:\\\/\\\/www.eskamarket.com\\\/fr\\\/urun\\\/ameliorateur-de-pain-pour-hamburger-toast-sandwich-25-kg\\\/#breadcrumb\",\"itemListElement\":[{\"@type\":\"ListItem\",\"position\":1,\"name\":\"Anasayfa\",\"item\":\"https:\\\/\\\/www.eskamarket.com\\\/fr\\\/page-daccueil\\\/\"},{\"@type\":\"ListItem\",\"position\":2,\"name\":\"Boutique\",\"item\":\"https:\\\/\\\/www.eskamarket.com\\\/boutique\\\/\"},{\"@type\":\"ListItem\",\"position\":3,\"name\":\"Am\u00e9liorant pour Pain Hamburger, Toast et Sandwich 20 KG\"}]},{\"@type\":\"WebSite\",\"@id\":\"https:\\\/\\\/www.eskamarket.com\\\/fr\\\/#website\",\"url\":\"https:\\\/\\\/www.eskamarket.com\\\/fr\\\/\",\"name\":\"eskamarket\",\"description\":\"Katk\u0131 Maddeleri ve Hammaddeler\",\"potentialAction\":[{\"@type\":\"SearchAction\",\"target\":{\"@type\":\"EntryPoint\",\"urlTemplate\":\"https:\\\/\\\/www.eskamarket.com\\\/fr\\\/?s={search_term_string}\"},\"query-input\":{\"@type\":\"PropertyValueSpecification\",\"valueRequired\":true,\"valueName\":\"search_term_string\"}}],\"inLanguage\":\"fr-FR\"}]}<\/script>\n<!-- \/ Yoast SEO plugin. -->","yoast_head_json":{"title":"Am\u00e9liorant pour Pain Hamburger, Toast et Sandwich 20 KG - eskamarket","description":"Le r\u00e9v\u00e9lateur de pain pour hamburger, toast et sandwich offre une texture moelleuse, une structure homog\u00e8ne et une longue dur\u00e9e de conservation. Il est facile \u00e0 produire avec un taux d'utilisation de 0,5 \u00e0 1 %.","robots":{"index":"index","follow":"follow","max-snippet":"max-snippet:-1","max-image-preview":"max-image-preview:large","max-video-preview":"max-video-preview:-1"},"canonical":"https:\/\/www.eskamarket.com\/fr\/urun\/ameliorateur-de-pain-pour-hamburger-toast-sandwich-25-kg\/","og_locale":"fr_FR","og_type":"article","og_title":"Am\u00e9liorant pour Pain Hamburger, Toast et Sandwich 20 KG - eskamarket","og_description":"Le r\u00e9v\u00e9lateur de pain pour hamburger, toast et sandwich offre une texture moelleuse, une structure homog\u00e8ne et une longue dur\u00e9e de conservation. Il est facile \u00e0 produire avec un taux d'utilisation de 0,5 \u00e0 1 %.","og_url":"https:\/\/www.eskamarket.com\/fr\/urun\/ameliorateur-de-pain-pour-hamburger-toast-sandwich-25-kg\/","og_site_name":"eskamarket","article_modified_time":"2025-08-24T21:29:50+00:00","og_image":[{"width":1920,"height":1440,"url":"https:\/\/www.eskamarket.com\/wp-content\/uploads\/2023\/05\/Hamburger-Tost-Sandvic-Ekmegi-Gelistiricisi.jpg","type":"image\/jpeg"}],"twitter_card":"summary_large_image","twitter_misc":{"Dur\u00e9e de lecture estim\u00e9e":"3 minutes"},"schema":{"@context":"https:\/\/schema.org","@graph":[{"@type":"WebPage","@id":"https:\/\/www.eskamarket.com\/fr\/urun\/ameliorateur-de-pain-pour-hamburger-toast-sandwich-25-kg\/","url":"https:\/\/www.eskamarket.com\/fr\/urun\/ameliorateur-de-pain-pour-hamburger-toast-sandwich-25-kg\/","name":"Am\u00e9liorant pour Pain Hamburger, Toast et Sandwich 20 KG - eskamarket","isPartOf":{"@id":"https:\/\/www.eskamarket.com\/fr\/#website"},"primaryImageOfPage":{"@id":"https:\/\/www.eskamarket.com\/fr\/urun\/ameliorateur-de-pain-pour-hamburger-toast-sandwich-25-kg\/#primaryimage"},"image":{"@id":"https:\/\/www.eskamarket.com\/fr\/urun\/ameliorateur-de-pain-pour-hamburger-toast-sandwich-25-kg\/#primaryimage"},"thumbnailUrl":"https:\/\/www.eskamarket.com\/wp-content\/uploads\/2023\/05\/Hamburger-Tost-Sandvic-Ekmegi-Gelistiricisi.jpg","datePublished":"2023-05-06T19:02:24+00:00","dateModified":"2025-08-24T21:29:50+00:00","description":"Le r\u00e9v\u00e9lateur de pain pour hamburger, toast et sandwich offre une texture moelleuse, une structure homog\u00e8ne et une longue dur\u00e9e de conservation. Il est facile \u00e0 produire avec un taux d'utilisation de 0,5 \u00e0 1 %.","breadcrumb":{"@id":"https:\/\/www.eskamarket.com\/fr\/urun\/ameliorateur-de-pain-pour-hamburger-toast-sandwich-25-kg\/#breadcrumb"},"inLanguage":"fr-FR","potentialAction":[{"@type":"ReadAction","target":["https:\/\/www.eskamarket.com\/fr\/urun\/ameliorateur-de-pain-pour-hamburger-toast-sandwich-25-kg\/"]}]},{"@type":"ImageObject","inLanguage":"fr-FR","@id":"https:\/\/www.eskamarket.com\/fr\/urun\/ameliorateur-de-pain-pour-hamburger-toast-sandwich-25-kg\/#primaryimage","url":"https:\/\/www.eskamarket.com\/wp-content\/uploads\/2023\/05\/Hamburger-Tost-Sandvic-Ekmegi-Gelistiricisi.jpg","contentUrl":"https:\/\/www.eskamarket.com\/wp-content\/uploads\/2023\/05\/Hamburger-Tost-Sandvic-Ekmegi-Gelistiricisi.jpg","width":1920,"height":1440,"caption":"Hamburger, Tost, Sandvi\u00e7 Ekme\u011fi Geli\u015ftiricisi"},{"@type":"BreadcrumbList","@id":"https:\/\/www.eskamarket.com\/fr\/urun\/ameliorateur-de-pain-pour-hamburger-toast-sandwich-25-kg\/#breadcrumb","itemListElement":[{"@type":"ListItem","position":1,"name":"Anasayfa","item":"https:\/\/www.eskamarket.com\/fr\/page-daccueil\/"},{"@type":"ListItem","position":2,"name":"Boutique","item":"https:\/\/www.eskamarket.com\/boutique\/"},{"@type":"ListItem","position":3,"name":"Am\u00e9liorant pour Pain Hamburger, Toast et Sandwich 20 KG"}]},{"@type":"WebSite","@id":"https:\/\/www.eskamarket.com\/fr\/#website","url":"https:\/\/www.eskamarket.com\/fr\/","name":"eskamarket","description":"Katk\u0131 Maddeleri ve Hammaddeler","potentialAction":[{"@type":"SearchAction","target":{"@type":"EntryPoint","urlTemplate":"https:\/\/www.eskamarket.com\/fr\/?s={search_term_string}"},"query-input":{"@type":"PropertyValueSpecification","valueRequired":true,"valueName":"search_term_string"}}],"inLanguage":"fr-FR"}]}},"_links":{"self":[{"href":"https:\/\/www.eskamarket.com\/fr\/wp-json\/wp\/v2\/product\/863","targetHints":{"allow":["GET"]}}],"collection":[{"href":"https:\/\/www.eskamarket.com\/fr\/wp-json\/wp\/v2\/product"}],"about":[{"href":"https:\/\/www.eskamarket.com\/fr\/wp-json\/wp\/v2\/types\/product"}],"replies":[{"embeddable":true,"href":"https:\/\/www.eskamarket.com\/fr\/wp-json\/wp\/v2\/comments?post=863"}],"wp:featuredmedia":[{"embeddable":true,"href":"https:\/\/www.eskamarket.com\/fr\/wp-json\/wp\/v2\/media\/869"}],"wp:attachment":[{"href":"https:\/\/www.eskamarket.com\/fr\/wp-json\/wp\/v2\/media?parent=863"}],"wp:term":[{"taxonomy":"product_brand","embeddable":true,"href":"https:\/\/www.eskamarket.com\/fr\/wp-json\/wp\/v2\/product_brand?post=863"},{"taxonomy":"product_cat","embeddable":true,"href":"https:\/\/www.eskamarket.com\/fr\/wp-json\/wp\/v2\/product_cat?post=863"},{"taxonomy":"product_tag","embeddable":true,"href":"https:\/\/www.eskamarket.com\/fr\/wp-json\/wp\/v2\/product_tag?post=863"}],"curies":[{"name":"wp","href":"https:\/\/api.w.org\/{rel}","templated":true}]}}