{"id":831,"date":"2023-05-21T13:14:49","date_gmt":"2023-05-21T10:14:49","guid":{"rendered":"https:\/\/www.eskamarket.com\/exemple-de-formulaire-de-demande\/"},"modified":"2025-04-11T00:11:28","modified_gmt":"2025-04-10T21:11:28","slug":"exemple-de-formulaire-de-demande","status":"publish","type":"page","link":"https:\/\/www.eskamarket.com\/fr\/exemple-de-formulaire-de-demande\/","title":{"rendered":"Exemple de formulaire de demande"},"content":{"rendered":"<h1 style=\"text-align: center;\"><strong>Exemple de formulaire de demande<\/strong><\/h1>\n\n\t<section class=\"section\" id=\"section_1503663100\">\n\t\t<div class=\"section-bg fill\" >\n\t\t\t<img loading=\"lazy\" decoding=\"async\" width=\"612\" height=\"419\" src=\"https:\/\/www.eskamarket.com\/wp-content\/uploads\/2023\/05\/numune.jpg\" class=\"bg attachment- size-\" alt=\"Numune Talep Formu\" \/>\t\t\t\t\t\t<div class=\"section-bg-overlay absolute fill\"><\/div>\n\t\t\t\n\n\t\t<\/div>\n\n\t\t\n\n\t\t<div class=\"section-content relative\">\n\t\t\t\n\t<div id=\"text-2828614293\" class=\"text\">\n\t\t\n<style id=\"wpforms-css-vars-215\">\n\t\t\t\t#wpforms-215 {\n\t\t\t\t\n\t\t\t}\n\t\t\t<\/style><div class=\"wpforms-container wpforms-container-full wpforms-render-modern\" id=\"wpforms-215\"><form id=\"wpforms-form-215\" class=\"wpforms-validate wpforms-form wpforms-ajax-form\" data-formid=\"215\" method=\"post\" enctype=\"multipart\/form-data\" action=\"\/fr\/wp-json\/wp\/v2\/pages\/831\" data-token=\"4ebee7255ac4ecb4a16ef1b6b41a6493\" data-token-time=\"1776105417\"><noscript class=\"wpforms-error-noscript\">Veuillez activer JavaScript dans votre navigateur pour remplir ce formulaire.<\/noscript><div id=\"wpforms-error-noscript\" style=\"display: none;\">Veuillez activer JavaScript dans votre navigateur pour remplir ce formulaire.<\/div><div class=\"wpforms-field-container\"><div id=\"wpforms-215-field_1-container\" class=\"wpforms-field wpforms-field-name\" data-field-id=\"1\"><fieldset><legend class=\"wpforms-field-label\">Ad\u0131n\u0131z Soyad\u0131n\u0131z <span class=\"wpforms-required-label\" aria-hidden=\"true\">*<\/span><\/legend><div class=\"wpforms-field-row wpforms-field-medium\"><div class=\"wpforms-field-row-block wpforms-first wpforms-one-half\"><input type=\"text\" id=\"wpforms-215-field_1\" class=\"wpforms-field-name-first wpforms-field-required\" name=\"wpforms[fields][1][first]\" aria-errormessage=\"wpforms-215-field_1-error\" required><label for=\"wpforms-215-field_1\" class=\"wpforms-field-sublabel after\">Pr\u00e9nom<\/label><\/div><div class=\"wpforms-field-row-block wpforms-one-half\"><input type=\"text\" id=\"wpforms-215-field_1-last\" class=\"wpforms-field-name-last wpforms-field-required\" name=\"wpforms[fields][1][last]\" aria-errormessage=\"wpforms-215-field_1-last-error\" required><label for=\"wpforms-215-field_1-last\" class=\"wpforms-field-sublabel after\">Nom<\/label><\/div><\/div><\/fieldset><\/div><div id=\"wpforms-215-field_2-container\" class=\"wpforms-field wpforms-field-text\" data-field-id=\"2\"><label class=\"wpforms-field-label\" for=\"wpforms-215-field_2\">Firma Ad\u0131 <span class=\"wpforms-required-label\" aria-hidden=\"true\">*<\/span><\/label><input type=\"text\" id=\"wpforms-215-field_2\" class=\"wpforms-field-medium wpforms-field-required\" name=\"wpforms[fields][2]\" aria-errormessage=\"wpforms-215-field_2-error\" required><\/div><div id=\"wpforms-215-field_8-container\" class=\"wpforms-field wpforms-field-textarea\" data-field-id=\"8\"><label class=\"wpforms-field-label\" for=\"wpforms-215-field_8\">Numune G\u00f6nderim Adresi <span class=\"wpforms-required-label\" aria-hidden=\"true\">*<\/span><\/label><textarea id=\"wpforms-215-field_8\" class=\"wpforms-field-medium wpforms-field-required\" name=\"wpforms[fields][8]\" aria-errormessage=\"wpforms-215-field_8-error\" required><\/textarea><\/div><div id=\"wpforms-215-field_4-container\" class=\"wpforms-field wpforms-field-text\" data-field-id=\"4\"><label class=\"wpforms-field-label\" for=\"wpforms-215-field_4\">Sekt\u00f6r <span class=\"wpforms-required-label\" aria-hidden=\"true\">*<\/span><\/label><input type=\"text\" id=\"wpforms-215-field_4\" class=\"wpforms-field-medium wpforms-field-required\" name=\"wpforms[fields][4]\" aria-errormessage=\"wpforms-215-field_4-error\" required><\/div><div id=\"wpforms-215-field_3-container\" class=\"wpforms-field wpforms-field-number\" data-field-id=\"3\"><label class=\"wpforms-field-label\" for=\"wpforms-215-field_3\">Telefon Numaras\u0131 <span class=\"wpforms-required-label\" aria-hidden=\"true\">*<\/span><\/label><input type=\"number\" id=\"wpforms-215-field_3\" class=\"wpforms-field-medium wpforms-field-required\" name=\"wpforms[fields][3]\" step=\"any\" aria-errormessage=\"wpforms-215-field_3-error\" required><\/div><div id=\"wpforms-215-field_5-container\" class=\"wpforms-field wpforms-field-email\" data-field-id=\"5\"><fieldset><legend class=\"wpforms-field-label\">E-posta <span class=\"wpforms-required-label\" aria-hidden=\"true\">*<\/span><\/legend><div class=\"wpforms-field-row wpforms-field-medium\"><div class=\"wpforms-field-row-block wpforms-one-half wpforms-first\"><input type=\"email\" id=\"wpforms-215-field_5\" class=\"wpforms-field-required wpforms-field-email-primary\" name=\"wpforms[fields][5][primary]\" spellcheck=\"false\" aria-errormessage=\"wpforms-215-field_5-error\" required><label for=\"wpforms-215-field_5\" class=\"wpforms-field-sublabel after\">E-mail<\/label><\/div><div class=\"wpforms-field-row-block wpforms-one-half\"><input type=\"email\" id=\"wpforms-215-field_5-secondary\" class=\"wpforms-field-email-secondary wpforms-field-required\" data-rule-confirm=\"#wpforms-215-field_5\" name=\"wpforms[fields][5][secondary]\" spellcheck=\"false\" aria-errormessage=\"wpforms-215-field_5-secondary-error\" required><label for=\"wpforms-215-field_5-secondary\" class=\"wpforms-field-sublabel after\">Confirmez l\u2019e-mail<\/label><\/div><\/div><\/fieldset><\/div><div id=\"wpforms-215-field_6-container\" class=\"wpforms-field wpforms-field-text\" data-field-id=\"6\"><label class=\"wpforms-field-label\" for=\"wpforms-215-field_6\">Numune Kullanma Amac\u0131n\u0131z <span class=\"wpforms-required-label\" aria-hidden=\"true\">*<\/span><\/label><input type=\"text\" id=\"wpforms-215-field_6\" class=\"wpforms-field-medium wpforms-field-required\" name=\"wpforms[fields][6]\" aria-errormessage=\"wpforms-215-field_6-error\" required><\/div><div id=\"wpforms-215-field_7-container\" class=\"wpforms-field wpforms-field-textarea\" data-field-id=\"7\"><label class=\"wpforms-field-label\" for=\"wpforms-215-field_7\">Mesaj\u0131n\u0131z<\/label><textarea id=\"wpforms-215-field_7\" class=\"wpforms-field-medium\" name=\"wpforms[fields][7]\" aria-errormessage=\"wpforms-215-field_7-error\" ><\/textarea><\/div><\/div><!-- .wpforms-field-container --><div class=\"wpforms-recaptcha-container wpforms-is-recaptcha wpforms-is-recaptcha-type-v3\" ><input type=\"hidden\" name=\"wpforms[recaptcha]\" value=\"\"><\/div><div class=\"wpforms-submit-container\" ><input type=\"hidden\" name=\"wpforms[id]\" value=\"215\"><input type=\"hidden\" name=\"page_title\" value=\"\"><input type=\"hidden\" name=\"page_url\" value=\"https:\/\/www.eskamarket.com\/fr\/wp-json\/wp\/v2\/pages\/831\"><input type=\"hidden\" name=\"url_referer\" value=\"\"><button type=\"submit\" name=\"wpforms[submit]\" id=\"wpforms-submit-215\" class=\"wpforms-submit\" data-alt-text=\"G\u00f6nderiliyor...\" data-submit-text=\"G\u00f6nder\" aria-live=\"assertive\" value=\"wpforms-submit\">G\u00f6nder<\/button><img loading=\"lazy\" decoding=\"async\" src=\"https:\/\/www.eskamarket.com\/wp-content\/plugins\/wpforms-lite\/assets\/images\/submit-spin.svg\" class=\"wpforms-submit-spinner\" style=\"display: none;\" width=\"26\" height=\"26\" alt=\"Chargement en cours\"><\/div><\/form><\/div>  <!-- .wpforms-container -->\n\t\t\n<style>\n#text-2828614293 {\n  text-align: left;\n}\n<\/style>\n\t<\/div>\n\t\n\t\t<\/div>\n\n\t\t\n<style>\n#section_1503663100 {\n  padding-top: 60px;\n  padding-bottom: 60px;\n  background-color: rgb(193, 193, 193);\n}\n#section_1503663100 .section-bg-overlay {\n  background-color: rgba(255, 255, 255, 0.85);\n}\n#section_1503663100 .section-bg img {\n  object-position: 57% 52%;\n}\n<\/style>\n\t<\/section>\n\t\n","protected":false},"excerpt":{"rendered":"<p>Exemple de formulaire de demande<\/p>\n","protected":false},"author":1,"featured_media":0,"parent":0,"menu_order":0,"comment_status":"closed","ping_status":"closed","template":"","meta":{"_joinchat":[],"footnotes":""},"class_list":["post-831","page","type-page","status-publish","hentry"],"yoast_head":"<!-- This site is optimized with the Yoast SEO plugin v27.3 - https:\/\/yoast.com\/product\/yoast-seo-wordpress\/ -->\n<title>Exemple de formulaire de demande - eskamarket<\/title>\n<meta name=\"robots\" content=\"index, follow, max-snippet:-1, max-image-preview:large, max-video-preview:-1\" \/>\n<link rel=\"canonical\" href=\"https:\/\/www.eskamarket.com\/fr\/exemple-de-formulaire-de-demande\/\" \/>\n<meta property=\"og:locale\" content=\"fr_FR\" \/>\n<meta property=\"og:type\" content=\"article\" \/>\n<meta property=\"og:title\" content=\"Exemple de formulaire de demande - eskamarket\" \/>\n<meta property=\"og:description\" content=\"Exemple de formulaire de demande\" \/>\n<meta property=\"og:url\" content=\"https:\/\/www.eskamarket.com\/fr\/exemple-de-formulaire-de-demande\/\" \/>\n<meta property=\"og:site_name\" content=\"eskamarket\" \/>\n<meta property=\"article:modified_time\" content=\"2025-04-10T21:11:28+00:00\" \/>\n<meta name=\"twitter:card\" content=\"summary_large_image\" \/>\n<script type=\"application\/ld+json\" class=\"yoast-schema-graph\">{\"@context\":\"https:\\\/\\\/schema.org\",\"@graph\":[{\"@type\":\"WebPage\",\"@id\":\"https:\\\/\\\/www.eskamarket.com\\\/fr\\\/exemple-de-formulaire-de-demande\\\/\",\"url\":\"https:\\\/\\\/www.eskamarket.com\\\/fr\\\/exemple-de-formulaire-de-demande\\\/\",\"name\":\"Exemple de formulaire de demande - eskamarket\",\"isPartOf\":{\"@id\":\"https:\\\/\\\/www.eskamarket.com\\\/fr\\\/#website\"},\"datePublished\":\"2023-05-21T10:14:49+00:00\",\"dateModified\":\"2025-04-10T21:11:28+00:00\",\"breadcrumb\":{\"@id\":\"https:\\\/\\\/www.eskamarket.com\\\/fr\\\/exemple-de-formulaire-de-demande\\\/#breadcrumb\"},\"inLanguage\":\"fr-FR\",\"potentialAction\":[{\"@type\":\"ReadAction\",\"target\":[\"https:\\\/\\\/www.eskamarket.com\\\/fr\\\/exemple-de-formulaire-de-demande\\\/\"]}]},{\"@type\":\"BreadcrumbList\",\"@id\":\"https:\\\/\\\/www.eskamarket.com\\\/fr\\\/exemple-de-formulaire-de-demande\\\/#breadcrumb\",\"itemListElement\":[{\"@type\":\"ListItem\",\"position\":1,\"name\":\"Anasayfa\",\"item\":\"https:\\\/\\\/www.eskamarket.com\\\/fr\\\/page-daccueil\\\/\"},{\"@type\":\"ListItem\",\"position\":2,\"name\":\"Exemple de formulaire de demande\"}]},{\"@type\":\"WebSite\",\"@id\":\"https:\\\/\\\/www.eskamarket.com\\\/fr\\\/#website\",\"url\":\"https:\\\/\\\/www.eskamarket.com\\\/fr\\\/\",\"name\":\"eskamarket\",\"description\":\"Katk\u0131 Maddeleri ve Hammaddeler\",\"potentialAction\":[{\"@type\":\"SearchAction\",\"target\":{\"@type\":\"EntryPoint\",\"urlTemplate\":\"https:\\\/\\\/www.eskamarket.com\\\/fr\\\/?s={search_term_string}\"},\"query-input\":{\"@type\":\"PropertyValueSpecification\",\"valueRequired\":true,\"valueName\":\"search_term_string\"}}],\"inLanguage\":\"fr-FR\"}]}<\/script>\n<!-- \/ Yoast SEO plugin. -->","yoast_head_json":{"title":"Exemple de formulaire de demande - eskamarket","robots":{"index":"index","follow":"follow","max-snippet":"max-snippet:-1","max-image-preview":"max-image-preview:large","max-video-preview":"max-video-preview:-1"},"canonical":"https:\/\/www.eskamarket.com\/fr\/exemple-de-formulaire-de-demande\/","og_locale":"fr_FR","og_type":"article","og_title":"Exemple de formulaire de demande - eskamarket","og_description":"Exemple de formulaire de demande","og_url":"https:\/\/www.eskamarket.com\/fr\/exemple-de-formulaire-de-demande\/","og_site_name":"eskamarket","article_modified_time":"2025-04-10T21:11:28+00:00","twitter_card":"summary_large_image","schema":{"@context":"https:\/\/schema.org","@graph":[{"@type":"WebPage","@id":"https:\/\/www.eskamarket.com\/fr\/exemple-de-formulaire-de-demande\/","url":"https:\/\/www.eskamarket.com\/fr\/exemple-de-formulaire-de-demande\/","name":"Exemple de formulaire de demande - eskamarket","isPartOf":{"@id":"https:\/\/www.eskamarket.com\/fr\/#website"},"datePublished":"2023-05-21T10:14:49+00:00","dateModified":"2025-04-10T21:11:28+00:00","breadcrumb":{"@id":"https:\/\/www.eskamarket.com\/fr\/exemple-de-formulaire-de-demande\/#breadcrumb"},"inLanguage":"fr-FR","potentialAction":[{"@type":"ReadAction","target":["https:\/\/www.eskamarket.com\/fr\/exemple-de-formulaire-de-demande\/"]}]},{"@type":"BreadcrumbList","@id":"https:\/\/www.eskamarket.com\/fr\/exemple-de-formulaire-de-demande\/#breadcrumb","itemListElement":[{"@type":"ListItem","position":1,"name":"Anasayfa","item":"https:\/\/www.eskamarket.com\/fr\/page-daccueil\/"},{"@type":"ListItem","position":2,"name":"Exemple de formulaire de demande"}]},{"@type":"WebSite","@id":"https:\/\/www.eskamarket.com\/fr\/#website","url":"https:\/\/www.eskamarket.com\/fr\/","name":"eskamarket","description":"Katk\u0131 Maddeleri ve Hammaddeler","potentialAction":[{"@type":"SearchAction","target":{"@type":"EntryPoint","urlTemplate":"https:\/\/www.eskamarket.com\/fr\/?s={search_term_string}"},"query-input":{"@type":"PropertyValueSpecification","valueRequired":true,"valueName":"search_term_string"}}],"inLanguage":"fr-FR"}]}},"_links":{"self":[{"href":"https:\/\/www.eskamarket.com\/fr\/wp-json\/wp\/v2\/pages\/831","targetHints":{"allow":["GET"]}}],"collection":[{"href":"https:\/\/www.eskamarket.com\/fr\/wp-json\/wp\/v2\/pages"}],"about":[{"href":"https:\/\/www.eskamarket.com\/fr\/wp-json\/wp\/v2\/types\/page"}],"author":[{"embeddable":true,"href":"https:\/\/www.eskamarket.com\/fr\/wp-json\/wp\/v2\/users\/1"}],"replies":[{"embeddable":true,"href":"https:\/\/www.eskamarket.com\/fr\/wp-json\/wp\/v2\/comments?post=831"}],"version-history":[{"count":2,"href":"https:\/\/www.eskamarket.com\/fr\/wp-json\/wp\/v2\/pages\/831\/revisions"}],"predecessor-version":[{"id":833,"href":"https:\/\/www.eskamarket.com\/fr\/wp-json\/wp\/v2\/pages\/831\/revisions\/833"}],"wp:attachment":[{"href":"https:\/\/www.eskamarket.com\/fr\/wp-json\/wp\/v2\/media?parent=831"}],"curies":[{"name":"wp","href":"https:\/\/api.w.org\/{rel}","templated":true}]}}