{"id":1511,"date":"2023-05-06T21:45:41","date_gmt":"2023-05-06T18:45:41","guid":{"rendered":"https:\/\/www.eskamarket.com\/urun\/e495-smp-sorbitan-mono-palmitate-25-kg\/"},"modified":"2025-08-22T12:59:06","modified_gmt":"2025-08-22T09:59:06","slug":"e495-smp-sorbitan-mono-palmitate-25-kg","status":"publish","type":"product","link":"https:\/\/www.eskamarket.com\/es\/urun\/e495-smp-sorbitan-mono-palmitate-25-kg\/","title":{"rendered":"E495 SMP Sorbitan Mono Palmitate 25 KG"},"content":{"rendered":"<h1><strong>E495 SMP Sorbitan Mono Palmitate 25 KG<\/strong><\/h1>\n<p><strong>E495 SMP Sorbitan Mono Palmitate <\/strong>is a widely used <strong>emulsifier<\/strong> in the food industry. Thanks to its ability to stabilize water and oil mixtures, it is especially preferred in bakery products, milk and cream blends, confectionery, and oil emulsions. This additive, obtained by esterifying <strong>sorbitol<\/strong> and <strong>palmitic acid<\/strong>, improves the texture and shelf life of food products. <\/p>\n<hr>\n<h2><strong>Definici\u00f3n y contenido<\/strong><\/h2>\n<ul>\n<li><strong>Product Name:<\/strong> Sorbitan Monopalmitate (E495)<\/li>\n<li><strong>Chemical Structure:<\/strong> Partial esters of sorbitol and its anhydrides, combined with plant-derived palmitic acid. It contains <strong>sorbitol<\/strong>, <strong>sorbitan<\/strong>,<strong> isosorbide esters, <\/strong>and<strong> free fatty acids.<\/strong> <\/li>\n<li><strong>Apariencia:<\/strong> S\u00f3lido en forma de perlas de color crema-marfil. Tiene un ligero y caracter\u00edstico olor. <\/li>\n<li><strong>Solubility: <\/strong>Insoluble in water.<\/li>\n<\/ul>\n<hr>\n<h2><strong>Applications of E495 SMP Sorbitan Mono Palmitate<\/strong><\/h2>\n<ol>\n<li><strong>Emulsification:<br \/>\n<\/strong>SMP ensures the homogeneous mixing and stability of oil and water mixtures. This property makes it especially useful in salad dressings, margarines, and dairy-based products. <\/li>\n<li><strong>Curaci\u00f3n de texturas:<\/strong>\n<ul>\n<li>Provides softness and smoothness in bakery and baked goods.<\/li>\n<li>Provides a better crumb structure and mouthfeel in food products.<\/li>\n<\/ul>\n<\/li>\n<li><strong>Stabilization and Shelf Life Extension:<\/strong>\n<ul>\n<li>Prevents the separation of product components and helps maintain a homogeneous structure.<\/li>\n<li>Prolongs shelf life, helping to maintain the freshness of the products.<\/li>\n<\/ul>\n<\/li>\n<li><strong>Low-Fat Formulations:<\/strong>\n<ul>\n<li>SMP helps replace the function of fat in low-fat or fat-free products, enabling the production of lower-calorie food products.<\/li>\n<\/ul>\n<\/li>\n<li><strong>Ease of Processing:<br \/>\n<\/strong>Simplifies the production process by ensuring the mixing of components and their homogeneous distribution.<\/li>\n<\/ol>\n<hr>\n<h2><strong>\u00c1reas de Uso<\/strong><\/h2>\n<ul>\n<li><strong>Bakery Products:<\/strong> In cakes, decorating ingredients, and coatings.<\/li>\n<li><strong>Oil Emulsions: <\/strong>In margarines and spreadable fat products.<\/li>\n<li><strong>Milk and Cream Blends:<\/strong> To enhance texture and stability.<\/li>\n<li><strong>Confectionery and Sweets:<\/strong> In cocoa-based confections and varieties of tahini halva.<\/li>\n<li><strong>Levadura de panader\u00eda:<\/strong> Aumenta la estabilidad de la masa.<\/li>\n<li><strong>Gelatinas y Mermeladas:<\/strong> Se utilizan en la estabilizaci\u00f3n de tejidos.<\/li>\n<li><strong>Productos bajos en grasa:<\/strong> Proporciona conservaci\u00f3n de textura y sabor al reducir el contenido de grasa.<\/li>\n<\/ul>\n<hr>\n<h2><strong>Especificaciones t\u00e9cnicas<\/strong><\/h2>\n<ul>\n<li><strong>Embalaje:<\/strong> Bolsas kraft de 25 kg.<\/li>\n<li><strong>Cantidad de uso:<\/strong> La cantidad de uso del producto la determina el usuario seg\u00fan el prop\u00f3sito y el tipo de producto.<\/li>\n<\/ul>\n<hr>\n<h2><strong>Ventajas<\/strong><\/h2>\n<ol>\n<li><strong>Amplia gama de usos:<\/strong> SMP se utiliza en muchos sectores, desde pasteler\u00eda hasta productos l\u00e1cteos.<\/li>\n<li><strong>Aumento de la calidad: <\/strong>Mejora la textura del producto y proporciona estabilizaci\u00f3n.<\/li>\n<li><strong>Healthy Alternative: <\/strong>Suitable for low-fat and low-calorie products.<\/li>\n<li><strong>Soluci\u00f3n Econ\u00f3mica:<\/strong> Optimiza los costos de producci\u00f3n al garantizar una distribuci\u00f3n homog\u00e9nea de aceite y componentes.<\/li>\n<li><strong>Vida \u00fatil prolongada: <\/strong>proporciona frescura y estabilidad durante per\u00edodos de tiempo m\u00e1s prolongados.<\/li>\n<\/ol>\n<hr>\n<h2><strong>Estado regulatorio<\/strong><\/h2>\n<p>El E495 SMP se considera seguro para su uso dentro de los l\u00edmites regulados por autoridades como la <strong>Autoridad Europea de Seguridad Alimentaria (EFSA)<\/strong> y la Administraci\u00f3n de <strong>Alimentos y Medicamentos de los Estados Unidos (FDA).<\/strong><\/p>\n<hr>\n<p>Puede revisar nuestra <a href=\"https:\/\/www.eskamarket.com\/es\/urun-kategori\/panaderia\/emulsionantes\/\" target=\"_new\" rel=\"noopener\">categor\u00eda de emulsionantes<\/a> para obtener m\u00e1s informaci\u00f3n sobre otros emulsionantes utilizados en la producci\u00f3n de alimentos.<\/p>\n","protected":false},"excerpt":{"rendered":"<p>E495 SMP Sorbitan Mono Palmitate 25 KG E495 SMP Sorbitan Mono Palmitate is a widely used emulsifier in the food industry. Thanks to its ability to stabilize water and oil mixtures, it is especially preferred in bakery products, milk and cream blends, confectionery, and oil emulsions. This additive, obtained by esterifying sorbitol and palmitic acid, [&#8230;]\n","protected":false},"featured_media":1512,"comment_status":"open","ping_status":"closed","template":"","meta":{"_joinchat":[]},"product_brand":[],"product_cat":[135,124],"product_tag":[],"class_list":{"0":"post-1511","1":"product","2":"type-product","3":"status-publish","4":"has-post-thumbnail","6":"product_cat-emulsionantes","7":"product_cat-panaderia","9":"first","10":"instock","11":"taxable","12":"shipping-taxable","13":"purchasable","14":"product-type-simple"},"yoast_head":"<!-- This site is optimized with the Yoast SEO plugin v27.3 - https:\/\/yoast.com\/product\/yoast-seo-wordpress\/ -->\n<title>E495 SMP Sorbitan Mono Palmitate 25 KG - eskamarket<\/title>\n<meta name=\"description\" content=\"El mono palmitato de sorbit\u00e1n E495 SMP es un emulsionante eficaz utilizado para la emulsificaci\u00f3n, estabilizaci\u00f3n y mejora de la textura en productos alimenticios.\" \/>\n<meta name=\"robots\" content=\"index, follow, max-snippet:-1, max-image-preview:large, max-video-preview:-1\" \/>\n<link rel=\"canonical\" href=\"https:\/\/www.eskamarket.com\/es\/urun\/e495-smp-sorbitan-mono-palmitate-25-kg\/\" \/>\n<meta property=\"og:locale\" content=\"es_ES\" \/>\n<meta property=\"og:type\" content=\"article\" \/>\n<meta property=\"og:title\" content=\"E495 SMP Sorbitan Mono Palmitate 25 KG - eskamarket\" \/>\n<meta property=\"og:description\" content=\"El mono palmitato de sorbit\u00e1n E495 SMP es un emulsionante eficaz utilizado para la emulsificaci\u00f3n, estabilizaci\u00f3n y mejora de la textura en productos alimenticios.\" \/>\n<meta property=\"og:url\" content=\"https:\/\/www.eskamarket.com\/es\/urun\/e495-smp-sorbitan-mono-palmitate-25-kg\/\" \/>\n<meta property=\"og:site_name\" content=\"eskamarket\" \/>\n<meta property=\"article:modified_time\" content=\"2025-08-22T09:59:06+00:00\" \/>\n<meta property=\"og:image\" content=\"https:\/\/www.eskamarket.com\/wp-content\/uploads\/2023\/05\/SMP-E495-Sorbitan-Mono-Palmitat.jpg\" \/>\n\t<meta property=\"og:image:width\" content=\"1920\" \/>\n\t<meta property=\"og:image:height\" content=\"1440\" \/>\n\t<meta property=\"og:image:type\" content=\"image\/jpeg\" \/>\n<meta name=\"twitter:card\" content=\"summary_large_image\" \/>\n<meta name=\"twitter:label1\" content=\"Tiempo de lectura\" \/>\n\t<meta name=\"twitter:data1\" content=\"2 minutos\" \/>\n<script type=\"application\/ld+json\" class=\"yoast-schema-graph\">{\"@context\":\"https:\\\/\\\/schema.org\",\"@graph\":[{\"@type\":\"WebPage\",\"@id\":\"https:\\\/\\\/www.eskamarket.com\\\/es\\\/urun\\\/e495-smp-sorbitan-mono-palmitate-25-kg\\\/\",\"url\":\"https:\\\/\\\/www.eskamarket.com\\\/es\\\/urun\\\/e495-smp-sorbitan-mono-palmitate-25-kg\\\/\",\"name\":\"E495 SMP Sorbitan Mono Palmitate 25 KG - eskamarket\",\"isPartOf\":{\"@id\":\"https:\\\/\\\/www.eskamarket.com\\\/es\\\/#website\"},\"primaryImageOfPage\":{\"@id\":\"https:\\\/\\\/www.eskamarket.com\\\/es\\\/urun\\\/e495-smp-sorbitan-mono-palmitate-25-kg\\\/#primaryimage\"},\"image\":{\"@id\":\"https:\\\/\\\/www.eskamarket.com\\\/es\\\/urun\\\/e495-smp-sorbitan-mono-palmitate-25-kg\\\/#primaryimage\"},\"thumbnailUrl\":\"https:\\\/\\\/www.eskamarket.com\\\/wp-content\\\/uploads\\\/2023\\\/05\\\/SMP-E495-Sorbitan-Mono-Palmitat.jpg\",\"datePublished\":\"2023-05-06T18:45:41+00:00\",\"dateModified\":\"2025-08-22T09:59:06+00:00\",\"description\":\"El mono palmitato de sorbit\u00e1n E495 SMP es un emulsionante eficaz utilizado para la emulsificaci\u00f3n, estabilizaci\u00f3n y mejora de la textura en productos alimenticios.\",\"breadcrumb\":{\"@id\":\"https:\\\/\\\/www.eskamarket.com\\\/es\\\/urun\\\/e495-smp-sorbitan-mono-palmitate-25-kg\\\/#breadcrumb\"},\"inLanguage\":\"es\",\"potentialAction\":[{\"@type\":\"ReadAction\",\"target\":[\"https:\\\/\\\/www.eskamarket.com\\\/es\\\/urun\\\/e495-smp-sorbitan-mono-palmitate-25-kg\\\/\"]}]},{\"@type\":\"ImageObject\",\"inLanguage\":\"es\",\"@id\":\"https:\\\/\\\/www.eskamarket.com\\\/es\\\/urun\\\/e495-smp-sorbitan-mono-palmitate-25-kg\\\/#primaryimage\",\"url\":\"https:\\\/\\\/www.eskamarket.com\\\/wp-content\\\/uploads\\\/2023\\\/05\\\/SMP-E495-Sorbitan-Mono-Palmitat.jpg\",\"contentUrl\":\"https:\\\/\\\/www.eskamarket.com\\\/wp-content\\\/uploads\\\/2023\\\/05\\\/SMP-E495-Sorbitan-Mono-Palmitat.jpg\",\"width\":1920,\"height\":1440,\"caption\":\"SMP E495 (Sorbitan Mono Palmitat)\"},{\"@type\":\"BreadcrumbList\",\"@id\":\"https:\\\/\\\/www.eskamarket.com\\\/es\\\/urun\\\/e495-smp-sorbitan-mono-palmitate-25-kg\\\/#breadcrumb\",\"itemListElement\":[{\"@type\":\"ListItem\",\"position\":1,\"name\":\"Anasayfa\",\"item\":\"https:\\\/\\\/www.eskamarket.com\\\/es\\\/pagina-de-inicio\\\/\"},{\"@type\":\"ListItem\",\"position\":2,\"name\":\"Centro comercial\",\"item\":\"https:\\\/\\\/www.eskamarket.com\\\/centro-comercial\\\/\"},{\"@type\":\"ListItem\",\"position\":3,\"name\":\"E495 SMP Sorbitan Mono Palmitate 25 KG\"}]},{\"@type\":\"WebSite\",\"@id\":\"https:\\\/\\\/www.eskamarket.com\\\/es\\\/#website\",\"url\":\"https:\\\/\\\/www.eskamarket.com\\\/es\\\/\",\"name\":\"eskamarket\",\"description\":\"Katk\u0131 Maddeleri ve Hammaddeler\",\"potentialAction\":[{\"@type\":\"SearchAction\",\"target\":{\"@type\":\"EntryPoint\",\"urlTemplate\":\"https:\\\/\\\/www.eskamarket.com\\\/es\\\/?s={search_term_string}\"},\"query-input\":{\"@type\":\"PropertyValueSpecification\",\"valueRequired\":true,\"valueName\":\"search_term_string\"}}],\"inLanguage\":\"es\"}]}<\/script>\n<!-- \/ Yoast SEO plugin. -->","yoast_head_json":{"title":"E495 SMP Sorbitan Mono Palmitate 25 KG - eskamarket","description":"El mono palmitato de sorbit\u00e1n E495 SMP es un emulsionante eficaz utilizado para la emulsificaci\u00f3n, estabilizaci\u00f3n y mejora de la textura en productos alimenticios.","robots":{"index":"index","follow":"follow","max-snippet":"max-snippet:-1","max-image-preview":"max-image-preview:large","max-video-preview":"max-video-preview:-1"},"canonical":"https:\/\/www.eskamarket.com\/es\/urun\/e495-smp-sorbitan-mono-palmitate-25-kg\/","og_locale":"es_ES","og_type":"article","og_title":"E495 SMP Sorbitan Mono Palmitate 25 KG - eskamarket","og_description":"El mono palmitato de sorbit\u00e1n E495 SMP es un emulsionante eficaz utilizado para la emulsificaci\u00f3n, estabilizaci\u00f3n y mejora de la textura en productos alimenticios.","og_url":"https:\/\/www.eskamarket.com\/es\/urun\/e495-smp-sorbitan-mono-palmitate-25-kg\/","og_site_name":"eskamarket","article_modified_time":"2025-08-22T09:59:06+00:00","og_image":[{"width":1920,"height":1440,"url":"https:\/\/www.eskamarket.com\/wp-content\/uploads\/2023\/05\/SMP-E495-Sorbitan-Mono-Palmitat.jpg","type":"image\/jpeg"}],"twitter_card":"summary_large_image","twitter_misc":{"Tiempo de lectura":"2 minutos"},"schema":{"@context":"https:\/\/schema.org","@graph":[{"@type":"WebPage","@id":"https:\/\/www.eskamarket.com\/es\/urun\/e495-smp-sorbitan-mono-palmitate-25-kg\/","url":"https:\/\/www.eskamarket.com\/es\/urun\/e495-smp-sorbitan-mono-palmitate-25-kg\/","name":"E495 SMP Sorbitan Mono Palmitate 25 KG - eskamarket","isPartOf":{"@id":"https:\/\/www.eskamarket.com\/es\/#website"},"primaryImageOfPage":{"@id":"https:\/\/www.eskamarket.com\/es\/urun\/e495-smp-sorbitan-mono-palmitate-25-kg\/#primaryimage"},"image":{"@id":"https:\/\/www.eskamarket.com\/es\/urun\/e495-smp-sorbitan-mono-palmitate-25-kg\/#primaryimage"},"thumbnailUrl":"https:\/\/www.eskamarket.com\/wp-content\/uploads\/2023\/05\/SMP-E495-Sorbitan-Mono-Palmitat.jpg","datePublished":"2023-05-06T18:45:41+00:00","dateModified":"2025-08-22T09:59:06+00:00","description":"El mono palmitato de sorbit\u00e1n E495 SMP es un emulsionante eficaz utilizado para la emulsificaci\u00f3n, estabilizaci\u00f3n y mejora de la textura en productos alimenticios.","breadcrumb":{"@id":"https:\/\/www.eskamarket.com\/es\/urun\/e495-smp-sorbitan-mono-palmitate-25-kg\/#breadcrumb"},"inLanguage":"es","potentialAction":[{"@type":"ReadAction","target":["https:\/\/www.eskamarket.com\/es\/urun\/e495-smp-sorbitan-mono-palmitate-25-kg\/"]}]},{"@type":"ImageObject","inLanguage":"es","@id":"https:\/\/www.eskamarket.com\/es\/urun\/e495-smp-sorbitan-mono-palmitate-25-kg\/#primaryimage","url":"https:\/\/www.eskamarket.com\/wp-content\/uploads\/2023\/05\/SMP-E495-Sorbitan-Mono-Palmitat.jpg","contentUrl":"https:\/\/www.eskamarket.com\/wp-content\/uploads\/2023\/05\/SMP-E495-Sorbitan-Mono-Palmitat.jpg","width":1920,"height":1440,"caption":"SMP E495 (Sorbitan Mono Palmitat)"},{"@type":"BreadcrumbList","@id":"https:\/\/www.eskamarket.com\/es\/urun\/e495-smp-sorbitan-mono-palmitate-25-kg\/#breadcrumb","itemListElement":[{"@type":"ListItem","position":1,"name":"Anasayfa","item":"https:\/\/www.eskamarket.com\/es\/pagina-de-inicio\/"},{"@type":"ListItem","position":2,"name":"Centro comercial","item":"https:\/\/www.eskamarket.com\/centro-comercial\/"},{"@type":"ListItem","position":3,"name":"E495 SMP Sorbitan Mono Palmitate 25 KG"}]},{"@type":"WebSite","@id":"https:\/\/www.eskamarket.com\/es\/#website","url":"https:\/\/www.eskamarket.com\/es\/","name":"eskamarket","description":"Katk\u0131 Maddeleri ve Hammaddeler","potentialAction":[{"@type":"SearchAction","target":{"@type":"EntryPoint","urlTemplate":"https:\/\/www.eskamarket.com\/es\/?s={search_term_string}"},"query-input":{"@type":"PropertyValueSpecification","valueRequired":true,"valueName":"search_term_string"}}],"inLanguage":"es"}]}},"_links":{"self":[{"href":"https:\/\/www.eskamarket.com\/es\/wp-json\/wp\/v2\/product\/1511","targetHints":{"allow":["GET"]}}],"collection":[{"href":"https:\/\/www.eskamarket.com\/es\/wp-json\/wp\/v2\/product"}],"about":[{"href":"https:\/\/www.eskamarket.com\/es\/wp-json\/wp\/v2\/types\/product"}],"replies":[{"embeddable":true,"href":"https:\/\/www.eskamarket.com\/es\/wp-json\/wp\/v2\/comments?post=1511"}],"wp:featuredmedia":[{"embeddable":true,"href":"https:\/\/www.eskamarket.com\/es\/wp-json\/wp\/v2\/media\/1512"}],"wp:attachment":[{"href":"https:\/\/www.eskamarket.com\/es\/wp-json\/wp\/v2\/media?parent=1511"}],"wp:term":[{"taxonomy":"product_brand","embeddable":true,"href":"https:\/\/www.eskamarket.com\/es\/wp-json\/wp\/v2\/product_brand?post=1511"},{"taxonomy":"product_cat","embeddable":true,"href":"https:\/\/www.eskamarket.com\/es\/wp-json\/wp\/v2\/product_cat?post=1511"},{"taxonomy":"product_tag","embeddable":true,"href":"https:\/\/www.eskamarket.com\/es\/wp-json\/wp\/v2\/product_tag?post=1511"}],"curies":[{"name":"wp","href":"https:\/\/api.w.org\/{rel}","templated":true}]}}