{"id":1480,"date":"2023-05-06T21:31:05","date_gmt":"2023-05-06T18:31:05","guid":{"rendered":"https:\/\/www.eskamarket.com\/urun\/esteres-de-poliglicerol-de-acidos-grasos-e475-pge-25-kg\/"},"modified":"2023-05-06T21:31:05","modified_gmt":"2023-05-06T18:31:05","slug":"esteres-de-poliglicerol-de-acidos-grasos-e475-pge-25-kg","status":"publish","type":"product","link":"https:\/\/www.eskamarket.com\/es\/urun\/esteres-de-poliglicerol-de-acidos-grasos-e475-pge-25-kg\/","title":{"rendered":"\u00c9steres de poliglicerol de \u00e1cidos grasos E475 PGE \u2013 25 kg"},"content":{"rendered":"<h1><strong>\u00c9steres de poliglicerol de \u00e1cidos grasos E475 PGE \u2013 25 kg<\/strong><\/h1>\n<p>E475 PGE \u00c9steres de poliglicerol de \u00e1cidos grasos es un aditivo alimentario vers\u00e1til que se obtiene mediante la esterificaci\u00f3n de poliglicerol con \u00e1cidos grasos de aceites vegetales. Este emulsionante contiene \u00e9ster de \u00e1cido graso total, \u00e1cidos grasos libres, glicerol total y glicerol libre. Tiene el aspecto de un material s\u00f3lido ceroso de color amarillo claro a oscuro y se destaca por su capacidad de disolverse en agua caliente.  <\/p>\n<hr>\n<h2><strong>\u00c9steres de poliglicerol de \u00e1cidos grasos E475 PGE: Usos y ventajas<\/strong><\/h2>\n<h3><strong>1. Emulsificaci\u00f3n y estabilizaci\u00f3n:<\/strong><\/h3>\n<p>El E475 forma emulsiones estables al mantener juntas diferentes fases, como agua y aceite. Proporciona una distribuci\u00f3n homog\u00e9nea en margarinas, cremas, salsas y otros productos a base de aceite. Esto permite que los productos mantengan la consistencia y consistencia deseada.  <\/p>\n<h3><strong>2. Mejora de la textura y la sensaci\u00f3n en boca:<\/strong><\/h3>\n<p>Proporciona una textura suave y homog\u00e9nea en multitud de productos, desde panader\u00eda hasta reposter\u00eda. Mejora la estructura de la miga en productos como tartas, cupcakes y bizcochos, proporcionando al consumidor una sensaci\u00f3n en boca suave y satisfactoria. <\/p>\n<h3><strong>3. Evite el estancamiento:<\/strong><\/h3>\n<p>E475 preserva la frescura de los productos de panader\u00eda retrasando su envejecimiento. Reduce la p\u00e9rdida de humedad y extiende la vida \u00fatil al interactuar con las mol\u00e9culas de almid\u00f3n. Esta caracter\u00edstica es una gran ventaja especialmente en productos como pan y pasteles.  <\/p>\n<h3><strong>4. Prolongaci\u00f3n de la vida \u00fatil:<\/strong><\/h3>\n<p>Las propiedades conservantes del E475 prolongan la vida \u00fatil de los productos alimenticios al evitar el crecimiento de microorganismos y la p\u00e9rdida de humedad. Esta caracter\u00edstica proporciona un importante ahorro de costes en la producci\u00f3n comercial. <\/p>\n<h3><strong>5. Reemplazo de grasas y control de calor\u00edas:<\/strong><\/h3>\n<p>El E475 se puede utilizar como sustituto de grasa en ciertas formulaciones. Conserva la textura y consistencia de los productos reduciendo el contenido de grasa. Con esta caracter\u00edstica es una alternativa ideal para productos bajos en grasas o calor\u00edas.  <\/p>\n<h3><strong>6. Batido y aumento de volumen:<\/strong><\/h3>\n<p>Proporciona aumento de volumen durante el batido al estabilizar las burbujas de aire en crema batida, helado y productos similares. Esto ayuda a darle al producto una consistencia ligera y suave. <\/p>\n<h3><strong>7. Desarrollo del sabor y control del aroma:<\/strong><\/h3>\n<p>El E475 interact\u00faa con los compuestos arom\u00e1ticos, haciendo que los sabores sean m\u00e1s pronunciados. Esto mejora el sabor, especialmente en productos de chocolate, postres y confiter\u00eda. <\/p>\n<hr>\n<h2><strong>\u00c1reas de Uso<\/strong><\/h2>\n<p>El E475 se utiliza en muchos segmentos diferentes de la industria alimentaria:<\/p>\n<ul>\n<li><strong>Productos de Panader\u00eda:<\/strong> Se utiliza como potenciador de textura y volumen en tortas, cupcakes, bizcochos y variedades de pan.<\/li>\n<li><strong>Productos l\u00e1cteos y cremas:<\/strong> act\u00faa como espesante y estabilizador en helados, cremas para caf\u00e9 y postres a base de leche.<\/li>\n<li><strong>Confiter\u00eda: <\/strong>Se prefiere en productos a base de az\u00facar para proporcionar textura y sensaci\u00f3n en boca homog\u00e9neas.<\/li>\n<li><strong>Emulsiones de margarina y aceite:<\/strong> Estabiliza la mezcla de aceite y agua en las margarinas y evita la formaci\u00f3n de espuma.<\/li>\n<li><strong>Postres y helados: <\/strong>Se utiliza para obtener una consistencia cremosa y suave.<\/li>\n<li><strong>Alimentos diet\u00e9ticos:<\/strong> se utilizan en la elaboraci\u00f3n de productos bajos en grasas o calor\u00edas.<\/li>\n<li><strong>Productos farmac\u00e9uticos y cosm\u00e9ticos:<\/strong> Act\u00faa como acondicionador y estabilizador de tejidos en ung\u00fcentos, cremas y productos cosm\u00e9ticos.<\/li>\n<\/ul>\n<p>Para obtener m\u00e1s informaci\u00f3n sobre E475 y otros tipos de emulsionantes, puede visitar nuestra <a href=\"https:\/\/www.eskamarket.com\/es\/urun-kategori\/panaderia\/emulsionantes\/\" target=\"_new\" rel=\"noopener\"><strong>categor\u00eda de Emulsionantes.<\/strong><\/a><\/p>\n<hr>\n<h2><strong>Ventajas t\u00e9cnicas del E475<\/strong><\/h2>\n<h4><strong>Facilidad de procesamiento y amasado de la masa:<\/strong><\/h4>\n<p>Crea una estructura m\u00e1s estable al fortalecer la red de gluten en la masa. Esto permite un amasado m\u00e1s sencillo y una mayor trabajabilidad en las operaciones de horneado. <\/p>\n<h4><strong>Aumento de volumen:<\/strong><\/h4>\n<p>Permite obtener productos de mayor volumen y estructura m\u00e1s ligera estabilizando los gases formados en la masa durante la fermentaci\u00f3n.<\/p>\n<h4><strong>Efectos que retrasan el envejecimiento:<\/strong><\/h4>\n<p>Previene el envejecimiento de los productos de panader\u00eda y conserva la frescura de los productos durante mucho tiempo.<\/p>\n<h4><strong>Alternativas m\u00e1s saludables:<\/strong><\/h4>\n<p>Al reducir el contenido de grasa, se evitan compromisos en la textura y el sabor en la producci\u00f3n de productos bajos en calor\u00edas.<\/p>\n<hr>\n<h2><strong>Almacenamiento y Vida \u00datil<\/strong><\/h2>\n<ul>\n<li><strong>Condiciones de almacenamiento:<\/strong> Debe conservarse en un ambiente fresco y seco, en su embalaje original.<\/li>\n<li><strong>Vida \u00datil:<\/strong> Mantiene su efectividad por un m\u00ednimo de 12 meses siempre y cuando se conserve en su envase original.<\/li>\n<\/ul>\n<hr>\n<h3><strong>Caracter\u00edsticas del embalaje<\/strong><\/h3>\n<ul>\n<li><strong>Presentaci\u00f3n: <\/strong>Presentado en cubos de pl\u00e1stico de 25 kg de capacidad.<\/li>\n<li><strong>Ventaja del embalaje:<\/strong> El embalaje herm\u00e9tico y duradero conserva la calidad y la frescura del producto durante mucho tiempo.<\/li>\n<\/ul>\n<hr>\n<p>E475 (\u00c9steres de poliglicerol de \u00e1cidos grasos) facilita los procesos de producci\u00f3n con las ventajas vers\u00e1tiles que proporciona en la industria alimentaria, al tiempo que ofrece a los consumidores productos de mayor calidad y mayor duraci\u00f3n. Gracias a sus propiedades emulsionantes, de mejora de la textura, antienvejecimiento y de prolongaci\u00f3n de la vida \u00fatil, se prefiere en muchas \u00e1reas, desde productos de panader\u00eda hasta productos l\u00e1cteos, desde confiter\u00eda hasta alimentos diet\u00e9ticos. Tambi\u00e9n es un ingrediente indispensable para desarrollar productos bajos en calor\u00edas y alternativas alimentarias saludables.  <\/p>\n<p>Este producto ofrece una excelente soluci\u00f3n para los fabricantes de alimentos y se destaca como un aditivo ideal para productos finales de alta calidad.<\/p>\n","protected":false},"excerpt":{"rendered":"<p>\u00c9steres de poliglicerol de \u00e1cidos grasos E475 PGE \u2013 25 kg E475 PGE \u00c9steres de poliglicerol de \u00e1cidos grasos es un aditivo alimentario vers\u00e1til que se obtiene mediante la esterificaci\u00f3n de poliglicerol con \u00e1cidos grasos de aceites vegetales. Este emulsionante contiene \u00e9ster de \u00e1cido graso total, \u00e1cidos grasos libres, glicerol total y glicerol libre. Tiene [&#8230;]\n","protected":false},"featured_media":1481,"comment_status":"open","ping_status":"closed","template":"","meta":{"_joinchat":[]},"product_brand":[],"product_cat":[135,124],"product_tag":[],"class_list":{"0":"post-1480","1":"product","2":"type-product","3":"status-publish","4":"has-post-thumbnail","6":"product_cat-emulsionantes","7":"product_cat-panaderia","9":"first","10":"instock","11":"taxable","12":"shipping-taxable","13":"purchasable","14":"product-type-simple"},"_links":{"self":[{"href":"https:\/\/www.eskamarket.com\/es\/wp-json\/wp\/v2\/product\/1480","targetHints":{"allow":["GET"]}}],"collection":[{"href":"https:\/\/www.eskamarket.com\/es\/wp-json\/wp\/v2\/product"}],"about":[{"href":"https:\/\/www.eskamarket.com\/es\/wp-json\/wp\/v2\/types\/product"}],"replies":[{"embeddable":true,"href":"https:\/\/www.eskamarket.com\/es\/wp-json\/wp\/v2\/comments?post=1480"}],"wp:featuredmedia":[{"embeddable":true,"href":"https:\/\/www.eskamarket.com\/es\/wp-json\/wp\/v2\/media\/1481"}],"wp:attachment":[{"href":"https:\/\/www.eskamarket.com\/es\/wp-json\/wp\/v2\/media?parent=1480"}],"wp:term":[{"taxonomy":"product_brand","embeddable":true,"href":"https:\/\/www.eskamarket.com\/es\/wp-json\/wp\/v2\/product_brand?post=1480"},{"taxonomy":"product_cat","embeddable":true,"href":"https:\/\/www.eskamarket.com\/es\/wp-json\/wp\/v2\/product_cat?post=1480"},{"taxonomy":"product_tag","embeddable":true,"href":"https:\/\/www.eskamarket.com\/es\/wp-json\/wp\/v2\/product_tag?post=1480"}],"curies":[{"name":"wp","href":"https:\/\/api.w.org\/{rel}","templated":true}]}}