{"id":1456,"date":"2023-05-06T20:50:35","date_gmt":"2023-05-06T17:50:35","guid":{"rendered":"https:\/\/www.eskamarket.com\/urun\/fungal-hemicellulase-enzyme-25-kg\/"},"modified":"2025-08-22T13:08:21","modified_gmt":"2025-08-22T10:08:21","slug":"fungal-hemicellulase-enzyme-25-kg","status":"publish","type":"product","link":"https:\/\/www.eskamarket.com\/es\/urun\/fungal-hemicellulase-enzyme-25-kg\/","title":{"rendered":"Enzima Hemicelulasa F\u00fangica 20 KG"},"content":{"rendered":"<h1><strong>Enzima Hemicelulasa F\u00fangica 20 KG<\/strong><\/h1>\n<p><b>NOMBRE DEL PRODUCTO: Enzima Fungal Hemicelulasa<\/b><\/p>\n<p><span style=\"font-weight: 400;\"><strong>CLASE: <\/strong>Enzima<\/span><\/p>\n<p><span style=\"font-weight: 400;\"><strong>DESCRIPCI\u00d3N Y CONTENIDO: <\/strong>La hemicelulasa f\u00fangica es una enzima derivada de hongos, encargada de descomponer los polisac\u00e1ridos complejos llamados hemicelulosa, que se encuentran principalmente en las paredes celulares de las plantas.<\/span><\/p>\n<p><span style=\"font-weight: 400;\">La hemicelulosa es un componente clave de las paredes celulares de las plantas y se encuentra junto con otros componentes como la celulosa y la lignina. Las enzimas hemicelulasa descomponen estas estructuras complejas, permitiendo que se disuelvan en unidades de az\u00facar simples. <\/span><\/p>\n<p><span style=\"font-weight: 400;\"><strong>APARIENCIA: <\/strong>Material de color amarillo claro a oscuro.<\/span><\/p>\n<p><span style=\"font-weight: 400;\"><strong>SOLUBILIDAD: <\/strong>Soluble en agua.<\/span><\/p>\n<p><span style=\"font-weight: 400;\"><strong>Embalaje:<\/strong> Caja de cart\u00f3n de 20 kg.<\/span><\/p>\n<p>&nbsp;<\/p>\n<p><strong>La enzima hemicelulasa f\u00fangica y su importancia en la producci\u00f3n de pan<\/strong><\/p>\n<p><span style=\"font-weight: 400;\">La enzima hemicelulasa f\u00fangica utilizada en la producci\u00f3n de pan juega un papel importante especialmente al aumentar la trabajabilidad de la masa, aumentar la capacidad de eliminaci\u00f3n de agua y mejorar la calidad del pan. Este art\u00edculo se centrar\u00e1 en los diversos efectos de la hemicelulasa f\u00fangica en la producci\u00f3n de pan y los m\u00e9todos de dosificaci\u00f3n correctos. <\/span><\/p>\n<p><strong>Propiedades de la hemicelulasa f\u00fangica:<\/strong><\/p>\n<p><span style=\"font-weight: 400;\">La enzima hemicelulasa f\u00fangica interact\u00faa con el gluten y el agua, aumentando la elasticidad de la masa. Esta caracter\u00edstica permite un mejor procesamiento de la masa y ayuda a lograr las propiedades de textura deseadas en el producto final. Tambi\u00e9n mejora la calidad del pan al aumentar la capacidad de retenci\u00f3n de agua de la masa.  <\/span><\/p>\n<p><strong>Efectos sobre el pan:<\/strong><\/p>\n<p><span style=\"font-weight: 400;\"><strong>Humedad superficial y trabajabilidad:<\/strong> La hemicelulasa f\u00fangica aumenta la humedad superficial de la masa, lo que proporciona un desarrollo m\u00e1s f\u00e1cil y aumenta la trabajabilidad de la masa. Esto optimiza el proceso de producci\u00f3n de pan. <\/span><\/p>\n<p><span style=\"font-weight: 400;\"><strong>Retenci\u00f3n de gas y volumen:<\/strong> aumenta el volumen del pan manteniendo el gas formado durante la cocci\u00f3n en la masa. De esta manera el pan tendr\u00e1 un aspecto m\u00e1s esponjoso y vistoso. <\/span><\/p>\n<p><span style=\"font-weight: 400;\"><strong>Estructura de la corteza y los poros: <\/strong>La hemicelulasa f\u00fangica hace que la corteza del pan sea fina y crujiente. Tambi\u00e9n mejora la calidad del pan regulando la estructura de los poros internos. <\/span><\/p>\n<p><span style=\"font-weight: 400;\"><strong>Facilidad de corte y suavidad interna:<\/strong> La hemicelulasa f\u00fangica presente en el pan proporciona un corte m\u00e1s suave durante el rebanado y hace que el interior del pan sea m\u00e1s suave. Esto cumple con los est\u00e1ndares de calidad que los consumidores esperan del pan. <\/span><\/p>\n<p><strong>Dosificaci\u00f3n:<\/strong><\/p>\n<p><span style=\"font-weight: 400;\">La dosis correcta de hemicelulasa f\u00fangica generalmente se recomienda entre 0,5 y 2,0 g por cada 50 kg de harina. Sin embargo, la tasa de uso en aplicaciones espec\u00edficas debe determinarse mediante pruebas. Como las caracter\u00edsticas de la masa de cada fabricante, el tipo de harina utilizada y los procesos de producci\u00f3n son diferentes, es importante determinar la dosis \u00f3ptima.  <\/span><\/p>\n<p><span style=\"font-weight: 400;\">La enzima hemicelulasa f\u00fangica se destaca como un componente importante en la producci\u00f3n de pan. Esta enzima proporciona una serie de efectos positivos desde el procesamiento de la masa hasta el proceso de horneado, contribuyendo en \u00faltima instancia a la producci\u00f3n de un pan delicioso y de calidad. Con una dosificaci\u00f3n correcta se consiguen las caracter\u00edsticas deseadas en la producci\u00f3n y se satisfacen las expectativas del consumidor.  <\/span><\/p>\n<p><span style=\"font-weight: 400;\"><strong>Caracter\u00edsticas funcionales:<\/strong><\/span><\/p>\n<p><span style=\"font-weight: 400;\"> La hemicelulosa tiene propiedades funcionales \u00fanicas, incluida la capacidad de formar geles y mejorar la viscosidad. En la industria de la molienda, estas propiedades pueden ser valiosas para modificar la textura y las propiedades reol\u00f3gicas de la masa u otros productos molidos. <\/span><\/p>\n<p><span style=\"font-weight: 400;\"><strong>Absorci\u00f3n de agua:<\/strong> La hemicelulosa tiene la capacidad de absorber agua, lo que puede ser \u00fatil en formulaciones donde la retenci\u00f3n de agua es importante. Esta propiedad puede contribuir a una mejor retenci\u00f3n de humedad en los productos molidos. <\/span><\/p>\n<p><span style=\"font-weight: 400;\"><strong>Mejora de la textura: <\/strong>La hemicelulosa puede contribuir a la textura general y la sensaci\u00f3n en boca de los productos molidos. Puede aumentar potencialmente la suavidad, la masticabilidad u otras propiedades de textura de los productos horneados. <\/span><\/p>\n<p><span style=\"font-weight: 400;\"><strong>Leudado de la masa: <\/strong>En la producci\u00f3n de productos de panader\u00eda, incluidos pan y pasteles, se utilizan ciertos ingredientes para acondicionar la masa. La hemicelulosa se puede investigar como un ingrediente natural con propiedades suavizantes de la masa. <\/span><\/p>\n<p><span style=\"font-weight: 400;\"><strong>Aumento del valor nutricional:<\/strong> Puede contener fibras diet\u00e9ticas de hemicelulosa seg\u00fan la fuente y la composici\u00f3n. Si se utiliza hemicelulosa f\u00fangica en la industria de la molienda, puede contribuir al contenido de fibra diet\u00e9tica de los productos finales. <\/span><\/p>\n<p><span style=\"font-weight: 400;\"><strong>Formulaciones sin gluten:<\/strong> Para los productos sin gluten, a menudo se buscan ingredientes alternativos que imiten la estructura y las propiedades del gluten. La hemicelulosa, con sus propiedades gelificantes y de absorci\u00f3n de agua, puede considerarse en tales formulaciones. <\/span><\/p>\n<p><span style=\"font-weight: 400;\">Es importante se\u00f1alar que las aplicaciones y los beneficios espec\u00edficos de la hemicelulosa f\u00fangica en la industria de la molienda depender\u00e1n de las propiedades de la hemicelulosa producida por los hongos y de los requisitos espec\u00edficos de los productos que se produzcan. La investigaci\u00f3n y el desarrollo en esta \u00e1rea est\u00e1n en curso y las aplicaciones industriales pueden evolucionar con el tiempo. <\/span><\/p>\n<p><span style=\"font-weight: 400;\">Para obtener informaci\u00f3n m\u00e1s actualizada y detallada sobre el uso de hemicelulosa f\u00fangica en la industria de la molienda, se recomienda consultar la literatura cient\u00edfica m\u00e1s reciente, publicaciones de la industria o contactar a expertos en el campo.<\/span><\/p>\n","protected":false},"excerpt":{"rendered":"<p>Enzima Hemicelulasa F\u00fangica 20 KG NOMBRE DEL PRODUCTO: Enzima Fungal Hemicelulasa CLASE: Enzima DESCRIPCI\u00d3N Y CONTENIDO: La hemicelulasa f\u00fangica es una enzima derivada de hongos, encargada de descomponer los polisac\u00e1ridos complejos llamados hemicelulosa, que se encuentran principalmente en las paredes celulares de las plantas. La hemicelulosa es un componente clave de las paredes celulares de [&#8230;]\n","protected":false},"featured_media":1457,"comment_status":"open","ping_status":"closed","template":"","meta":{"_joinchat":[]},"product_brand":[],"product_cat":[133,124],"product_tag":[],"class_list":{"0":"post-1456","1":"product","2":"type-product","3":"status-publish","4":"has-post-thumbnail","6":"product_cat-enzimas-para-panaderia","7":"product_cat-panaderia","9":"first","10":"instock","11":"taxable","12":"shipping-taxable","13":"purchasable","14":"product-type-simple"},"_links":{"self":[{"href":"https:\/\/www.eskamarket.com\/es\/wp-json\/wp\/v2\/product\/1456","targetHints":{"allow":["GET"]}}],"collection":[{"href":"https:\/\/www.eskamarket.com\/es\/wp-json\/wp\/v2\/product"}],"about":[{"href":"https:\/\/www.eskamarket.com\/es\/wp-json\/wp\/v2\/types\/product"}],"replies":[{"embeddable":true,"href":"https:\/\/www.eskamarket.com\/es\/wp-json\/wp\/v2\/comments?post=1456"}],"wp:featuredmedia":[{"embeddable":true,"href":"https:\/\/www.eskamarket.com\/es\/wp-json\/wp\/v2\/media\/1457"}],"wp:attachment":[{"href":"https:\/\/www.eskamarket.com\/es\/wp-json\/wp\/v2\/media?parent=1456"}],"wp:term":[{"taxonomy":"product_brand","embeddable":true,"href":"https:\/\/www.eskamarket.com\/es\/wp-json\/wp\/v2\/product_brand?post=1456"},{"taxonomy":"product_cat","embeddable":true,"href":"https:\/\/www.eskamarket.com\/es\/wp-json\/wp\/v2\/product_cat?post=1456"},{"taxonomy":"product_tag","embeddable":true,"href":"https:\/\/www.eskamarket.com\/es\/wp-json\/wp\/v2\/product_tag?post=1456"}],"curies":[{"name":"wp","href":"https:\/\/api.w.org\/{rel}","templated":true}]}}