{"id":1434,"date":"2023-05-06T20:49:13","date_gmt":"2023-05-06T17:49:13","guid":{"rendered":"https:\/\/www.eskamarket.com\/urun\/enzima-amiloglucosidasa-glucoamilasa-20-kg\/"},"modified":"2023-05-06T20:49:13","modified_gmt":"2023-05-06T17:49:13","slug":"enzima-amiloglucosidasa-glucoamilasa-20-kg","status":"publish","type":"product","link":"https:\/\/www.eskamarket.com\/es\/urun\/enzima-amiloglucosidasa-glucoamilasa-20-kg\/","title":{"rendered":"Enzima amiloglucosidasa (glucoamilasa) 20 kg"},"content":{"rendered":"<h1><strong>Enzima amiloglucosidasa (glucoamilasa) 20 kg<\/strong><\/h1>\n<p><strong>La enzima amiloglucosidasa (glucoamilasa)<\/strong> es una enzima especialmente desarrollada en la industria de la panader\u00eda para aumentar la calidad de la masa, mejorar la textura de los productos y proporcionar una mejor fermentaci\u00f3n. Esta enzima, que descompone el almid\u00f3n y los carbohidratos complejos en az\u00facares simples (maltosa y glucosa), ofrece una soluci\u00f3n ideal especialmente para el pan y otros productos de panader\u00eda. El producto tambi\u00e9n tiene una amplia gama de usos en industrias como la producci\u00f3n de cerveza, biocombustibles y procesamiento de almid\u00f3n.  <\/p>\n<hr>\n<h2><strong>Caracter\u00edsticas del producto<\/strong><\/h2>\n<ul>\n<li><strong>Dosis:<\/strong> 0,1 \u2013 1 gr \/ 50 kg de materia prima (la cantidad a utilizar se puede ajustar seg\u00fan las condiciones de producci\u00f3n).<\/li>\n<li><strong>Al\u00e9rgeno: <\/strong>Contiene gluten.<\/li>\n<li><strong>Sin OGM:<\/strong> El producto no contiene organismos gen\u00e9ticamente modificados (OGM) ni ADN recombinante.<\/li>\n<li><strong>Radiactividad: <\/strong>El producto y sus componentes no han sido irradiados.<\/li>\n<li><strong>Embalaje: <\/strong>20 kg de peso neto en cajas de cart\u00f3n con embalaje interior de PE.<\/li>\n<li><strong>Vida \u00fatil:<\/strong> M\u00ednimo 12 meses cuando se almacena en el embalaje original en un ambiente fresco y seco.<\/li>\n<\/ul>\n<hr>\n<h2><strong>El papel de la glucoamilasa en la industria de la panader\u00eda<\/strong><\/h2>\n<h4><strong>1. Mejora la fermentaci\u00f3n de la masa.<\/strong><\/h4>\n<p>La enzima glucoamilasa aumenta la actividad de la levadura al convertir el almid\u00f3n de la masa en az\u00facares fermentables como glucosa y maltosa. Este proceso asegura una fermentaci\u00f3n m\u00e1s r\u00e1pida y efectiva. En conclusi\u00f3n:  <\/p>\n<ul>\n<li><strong>Masa m\u00e1s suave: <\/strong>Durante el proceso de fermentaci\u00f3n, la elasticidad de la masa aumenta.<\/li>\n<li><strong>Mayor volumen:<\/strong> Se consigue un mayor volumen en el pan garantizando una mayor retenci\u00f3n de gas en la masa.<\/li>\n<li><strong>Sabor y aroma mejorados: <\/strong>Los subproductos formados durante la fermentaci\u00f3n le dan al pan un sabor y aroma naturales.<\/li>\n<\/ul>\n<hr>\n<h4><strong>2. Mejora la calidad del pan<\/strong><\/h4>\n<p>La glucoamilasa ofrece mejoras significativas en la textura, el volumen y la apariencia de los productos horneados:<\/p>\n<ul>\n<li><strong>Color de la c\u00e1scara:<\/strong> La glucoamilasa favorece la formaci\u00f3n de un color m\u00e1s homog\u00e9neo y atractivo en la c\u00e1scara.<\/li>\n<li><strong>Estructura m\u00e1s aireada y porosa:<\/strong> Asegura una retenci\u00f3n m\u00e1s efectiva de los gases en la masa, proporcionando as\u00ed una formaci\u00f3n de poros homog\u00e9neos en la estructura interna.<\/li>\n<li><strong>Retrasa el envejecimiento:<\/strong> la enzima ayuda al pan a mantener su frescura al retardar la cristalizaci\u00f3n del almid\u00f3n.<\/li>\n<\/ul>\n<hr>\n<h4><strong>3. Rendimiento superior en masas congeladas<\/strong><\/h4>\n<p>El uso de masa congelada en panader\u00eda est\u00e1 aumentando. La enzima glucoamilasa proporciona las siguientes ventajas en los procesos de masa congelada: <\/p>\n<ul>\n<li><strong>Previene la p\u00e9rdida de volumen:<\/strong> preserva la estabilidad de la masa durante la descongelaci\u00f3n y el horneado.<\/li>\n<li><strong>Mayor vida \u00fatil:<\/strong> aumenta la calidad del producto final al retrasar el envejecimiento de los productos congelados.<\/li>\n<\/ul>\n<hr>\n<h2><strong>\u00c1reas de uso distintas a la reposter\u00eda<\/strong><\/h2>\n<h3><strong>1. Elaboraci\u00f3n de cerveza y destilaci\u00f3n<\/strong><\/h3>\n<p><strong>La enzima glucoamilasa<\/strong> juega un papel fundamental en la conversi\u00f3n de almidones en az\u00facares fermentables en la producci\u00f3n de cerveza y bebidas alcoh\u00f3licas. Este proceso garantiza una producci\u00f3n de alta eficiencia y calidad para la industria cervecera y de destilaci\u00f3n: <\/p>\n<ul>\n<li><strong>Procesamiento de granos malteados: <\/strong>Los almidones de los granos malteados, como la cebada, se convierten en glucosa mediante la glucoamilasa. Estos az\u00facares son utilizados por la levadura para producir alcohol durante la fermentaci\u00f3n. <\/li>\n<li><strong>Alto rendimiento de alcohol: <\/strong>la enzima aumenta la eficiencia al garantizar que se convierta m\u00e1s az\u00facar en producci\u00f3n de alcohol durante la fermentaci\u00f3n.<\/li>\n<li><strong>Desarrollo del sabor: <\/strong>La glucoamilasa garantiza que la fermentaci\u00f3n se mantenga bajo control y se logre un perfil de sabor consistente.<\/li>\n<li><strong>Aplicaciones espec\u00edficas:<\/strong> En la industria de la destilaci\u00f3n, se utiliza para procesar materias primas a base de almid\u00f3n en la producci\u00f3n de variedades de alcohol como whisky, ron y vodka.<\/li>\n<\/ul>\n<hr>\n<h3><strong>2. Producci\u00f3n de biocombustibles<\/strong><\/h3>\n<p><strong>En el sector de los biocombustibles,<\/strong> la enzima glucoamilasa permite la conversi\u00f3n de ma\u00edz, trigo u otras materias primas ricas en almid\u00f3n en la producci\u00f3n de etanol. Este proceso respetuoso con el medio ambiente desempe\u00f1a un papel importante a la hora de satisfacer la demanda de fuentes de energ\u00eda renovables: <\/p>\n<ul>\n<li><strong>Conversi\u00f3n de almid\u00f3n en glucosa: <\/strong>la enzima hidroliza el almid\u00f3n en glucosa. Esta glucosa es utilizada por la levadura o las bacterias durante el proceso de fermentaci\u00f3n para producir etanol. <\/li>\n<li><strong>Sostenibilidad: <\/strong>La glucoamilasa reduce el consumo de energ\u00eda en la producci\u00f3n de biocombustibles y crea menos impacto ambiental en comparaci\u00f3n con los procesos qu\u00edmicos.<\/li>\n<li><strong>Producci\u00f3n Eficiente: <\/strong>La enzima trabaja eficazmente a altas temperaturas y en un amplio rango de pH, proporcionando flexibilidad y eficiencia en los procesos de producci\u00f3n.<\/li>\n<li><strong>Ejemplo de uso industrial:<\/strong> Es ampliamente preferido, especialmente en instalaciones de bioetanol basadas en ma\u00edz.<\/li>\n<\/ul>\n<hr>\n<h3><strong>3. Procesamiento del almid\u00f3n<\/strong><\/h3>\n<p><strong>La glucoamilasa <\/strong>desempe\u00f1a un papel importante en la producci\u00f3n de productos a base de almid\u00f3n utilizados en las industrias alimentaria, farmac\u00e9utica y otras. Esta enzima, que descompone los carbohidratos complejos en az\u00facares simples, tiene una amplia gama de aplicaciones: <\/p>\n<ul>\n<li><strong>Producci\u00f3n de alimentos y edulcorantes:<\/strong>\n<ul>\n<li><strong>Jarabes de Glucosa:<\/strong> Se utilizan en la producci\u00f3n de edulcorantes a base de glucosa utilizados en la industria alimentaria. Estos jarabes son comunes en refrescos, confiter\u00eda y productos de panader\u00eda. <\/li>\n<li><strong>Maltodextrina:<\/strong> La glucoamilasa se utiliza en la producci\u00f3n de maltodextrinas, que se utilizan para a\u00f1adir volumen y mejorar la textura de los productos alimenticios.<\/li>\n<\/ul>\n<\/li>\n<li><strong>Aplicaciones farmac\u00e9uticas:<\/strong>\n<ul>\n<li><strong>Producci\u00f3n de f\u00e1rmacos y vitaminas:<\/strong> La glucoamilasa desempe\u00f1a un papel en el procesamiento de productos a base de almid\u00f3n utilizados como rellenos o veh\u00edculos en la industria farmac\u00e9utica.<\/li>\n<\/ul>\n<\/li>\n<li><strong>Aplicaciones industriales:<\/strong>\n<ul>\n<li><strong>Papel y embalaje: <\/strong>La glucoamilasa se utiliza en el procesamiento de adhesivos a base de almid\u00f3n utilizados en la producci\u00f3n de papel.<\/li>\n<li><strong>Producci\u00f3n de biopl\u00e1sticos: <\/strong>proporciona los compuestos a base de glucosa necesarios para la producci\u00f3n de materias primas pl\u00e1sticas renovables.<\/li>\n<\/ul>\n<\/li>\n<\/ul>\n<hr>\n<h3><strong>4. Alimentaci\u00f3n animal<\/strong><\/h3>\n<p>En la producci\u00f3n de alimentos para animales, la glucoamilasa aumenta la digestibilidad del alimento al convertir los carbohidratos complejos en az\u00facares simples:<\/p>\n<ul>\n<li><strong>Aumenta la absorci\u00f3n de nutrientes:<\/strong> la glucoamilasa convierte el almid\u00f3n en glucosa, lo que permite que los animales obtengan m\u00e1s energ\u00eda del alimento.<\/li>\n<li><strong>Ventajas econ\u00f3micas: <\/strong>Reduce los costos de producci\u00f3n al aportar mayor valor nutricional con menos alimento.<\/li>\n<li><strong>Adecuado para animales de granja:<\/strong> La glucoamilasa se utiliza ampliamente en formulaciones de alimentos utilizados en la nutrici\u00f3n de animales, especialmente ganado y aves de corral.<\/li>\n<\/ul>\n<hr>\n<h2><strong>Ventajas t\u00e9cnicas<\/strong><\/h2>\n<ol>\n<li><strong>Natural y confiable:<\/strong> Un producto completamente natural que no contiene OGM ni contenido radiactivo.<\/li>\n<li><strong>Eficiencia de producci\u00f3n:<\/strong> Proporciona alta eficiencia en las l\u00edneas de producci\u00f3n al facilitar los procesos de procesamiento de la masa.<\/li>\n<li><strong>Flexibilidad:<\/strong> F\u00e1cilmente adaptable a diferentes procesos de horneado y tipos de harina.<\/li>\n<\/ol>\n<hr>\n<h2><strong>C\u00f3mo utilizar la enzima amiloglucosidasa (glucoamilasa)?<\/strong><\/h2>\n<ol>\n<li><strong>Dosificaci\u00f3n:<\/strong> 0,1 \u2013 1 gr \/ 50 kg de masa o harina. La cantidad de uso espec\u00edfica debe optimizarse seg\u00fan el tipo de producto y la l\u00ednea de producci\u00f3n. <\/li>\n<li><strong>Aplicaci\u00f3n: <\/strong>La enzima se puede agregar directamente a la mezcla de masa. Se mezcla f\u00e1cilmente con otros ingredientes y da resultados efectivos. <\/li>\n<li><strong>Almacenamiento:<\/strong> Debe almacenarse en un ambiente fresco y seco; Debe mantenerse alejado de la luz solar directa. Una vez abierto el envase, \u00e9ste deber\u00e1 conservarse herm\u00e9tico. <\/li>\n<\/ol>\n<hr>\n<h2><strong>Ventajas econ\u00f3micas del uso de glucoamilasa en panader\u00eda<\/strong><\/h2>\n<ul>\n<li><strong>Costo-eficiencia: <\/strong>Permite obtener mayores vol\u00famenes de productos con menos materia prima.<\/li>\n<li><strong>Prolongaci\u00f3n de la Vida \u00datil: <\/strong>Optimiza los procesos productivos y log\u00edsticos ya que reduce la tasa de envejecimiento.<\/li>\n<li><strong>Ahorro de Energ\u00eda: <\/strong>Requiere menor consumo de energ\u00eda y recursos en comparaci\u00f3n con los m\u00e9todos tradicionales.<\/li>\n<\/ul>\n<hr>\n<h2><strong>Redefinir la calidad en la panader\u00eda<\/strong><\/h2>\n<p><strong>La enzima amiloglucosidasa (glucoamilasa)<\/strong> es una soluci\u00f3n revolucionaria en t\u00e9rminos de calidad, eficiencia y variedad de productos en los procesos de panader\u00eda modernos. Ofrece un rendimiento superior en t\u00e9rminos de sabor, textura y apariencia en pan, pasteles y otros productos de panader\u00eda. Se destaca como un socio confiable en todas las etapas, desde las aplicaciones de masa congelada hasta la producci\u00f3n de pan fresco.  <\/p>\n<h4><strong>Soluci\u00f3n potente para panader\u00eda y uso industrial<\/strong><\/h4>\n<p><strong>La enzima amiloglucosidasa (glucoamilasa) <\/strong>es una soluci\u00f3n \u00fanica en t\u00e9rminos de calidad, eficiencia y sostenibilidad en panader\u00eda y otros procesos de producci\u00f3n industrial. Es una opci\u00f3n ideal para los productores que buscan mejorar la calidad de la masa, extender la vida \u00fatil y optimizar la eficiencia del producto. Para descubrir m\u00e1s enzimas de panader\u00eda, puede visitar <a href=\"https:\/\/www.eskamarket.com\/es\/urun-kategori\/panaderia\/enzimas-para-panaderia\/\" target=\"_new\" rel=\"noopener\">nuestra categor\u00eda Enzimas<\/a> de panader\u00eda.  <\/p>\n","protected":false},"excerpt":{"rendered":"<p>Enzima amiloglucosidasa (glucoamilasa) 20 kg La enzima amiloglucosidasa (glucoamilasa) es una enzima especialmente desarrollada en la industria de la panader\u00eda para aumentar la calidad de la masa, mejorar la textura de los productos y proporcionar una mejor fermentaci\u00f3n. Esta enzima, que descompone el almid\u00f3n y los carbohidratos complejos en az\u00facares simples (maltosa y glucosa), ofrece [&#8230;]\n","protected":false},"featured_media":1435,"comment_status":"open","ping_status":"closed","template":"","meta":{"_joinchat":[]},"product_brand":[],"product_cat":[133,124],"product_tag":[],"class_list":{"0":"post-1434","1":"product","2":"type-product","3":"status-publish","4":"has-post-thumbnail","6":"product_cat-enzimas-para-panaderia","7":"product_cat-panaderia","9":"first","10":"instock","11":"taxable","12":"shipping-taxable","13":"purchasable","14":"product-type-simple"},"_links":{"self":[{"href":"https:\/\/www.eskamarket.com\/es\/wp-json\/wp\/v2\/product\/1434","targetHints":{"allow":["GET"]}}],"collection":[{"href":"https:\/\/www.eskamarket.com\/es\/wp-json\/wp\/v2\/product"}],"about":[{"href":"https:\/\/www.eskamarket.com\/es\/wp-json\/wp\/v2\/types\/product"}],"replies":[{"embeddable":true,"href":"https:\/\/www.eskamarket.com\/es\/wp-json\/wp\/v2\/comments?post=1434"}],"wp:featuredmedia":[{"embeddable":true,"href":"https:\/\/www.eskamarket.com\/es\/wp-json\/wp\/v2\/media\/1435"}],"wp:attachment":[{"href":"https:\/\/www.eskamarket.com\/es\/wp-json\/wp\/v2\/media?parent=1434"}],"wp:term":[{"taxonomy":"product_brand","embeddable":true,"href":"https:\/\/www.eskamarket.com\/es\/wp-json\/wp\/v2\/product_brand?post=1434"},{"taxonomy":"product_cat","embeddable":true,"href":"https:\/\/www.eskamarket.com\/es\/wp-json\/wp\/v2\/product_cat?post=1434"},{"taxonomy":"product_tag","embeddable":true,"href":"https:\/\/www.eskamarket.com\/es\/wp-json\/wp\/v2\/product_tag?post=1434"}],"curies":[{"name":"wp","href":"https:\/\/api.w.org\/{rel}","templated":true}]}}