{"id":1417,"date":"2023-05-06T20:45:48","date_gmt":"2023-05-06T17:45:48","guid":{"rendered":"https:\/\/www.eskamarket.com\/urun\/masa-de-trigo-en-polvo-agria-25-kg\/"},"modified":"2023-05-06T20:45:48","modified_gmt":"2023-05-06T17:45:48","slug":"masa-de-trigo-en-polvo-agria-25-kg","status":"publish","type":"product","link":"https:\/\/www.eskamarket.com\/es\/urun\/masa-de-trigo-en-polvo-agria-25-kg\/","title":{"rendered":"Masa de trigo en polvo agria 25 kg"},"content":{"rendered":"<h1><strong>Masa de trigo en polvo agria 25 kg<\/strong><\/h1>\n<p><strong>Masa de trigo en polvo La masa<\/strong> madre es un ingrediente \u00fanico en el mundo de la panificaci\u00f3n que ofrece sabor natural, textura de calidad y larga vida \u00fatil. Este producto, ofrecido en cajas de cart\u00f3n de <strong>25 kg, est\u00e1 dise\u00f1ado<\/strong> para ser utilizado en la producci\u00f3n de muchos productos de panader\u00eda, especialmente pan. Este polvo \u00e1cido especial, obtenido por fermentaci\u00f3n natural del trigo, es indispensable en las pr\u00e1cticas de panader\u00eda modernas. <\/p>\n<h2><strong>Contenido<\/strong><\/h2>\n<ul>\n<li>100% polvo de masa de trigo agrio seco<\/li>\n<\/ul>\n<p>El producto no contiene ning\u00fan aditivo debido a su contenido completamente natural y a\u00f1ade riqueza a tus panes sin estropear su naturalidad.<\/p>\n<h2><strong>Recomendaciones de uso<\/strong><\/h2>\n<p>Masa de trigo en polvo La masa madre es extremadamente f\u00e1cil de utilizar. Se puede aplicar mezcl\u00e1ndolo directamente con la harina a raz\u00f3n de <strong>1-3 kg por cada 100 kg de harina.<\/strong> Con este proceso, el producto proporciona el m\u00e1ximo beneficio en el proceso de preparaci\u00f3n de la masa y ofrece flexibilidad a los usuarios.  <\/p>\n<h2><strong>Beneficios<\/strong><\/h2>\n<ol>\n<li><strong>Aumenta el sabor:<\/strong> Agrega un rico sabor a tus panes con su aroma \u00e1cido resultante de la fermentaci\u00f3n natural.<\/li>\n<li><strong>Mejorador de textura: <\/strong>Aumenta la elasticidad de la masa, proporciona una estructura porosa m\u00e1s homog\u00e9nea y una textura interna suave.<\/li>\n<li><strong>Prolonga la vida \u00fatil:<\/strong> preserva la frescura del producto retrasando su envejecimiento.<\/li>\n<li><strong>F\u00e1cil de usar: <\/strong>Ofrece una aplicaci\u00f3n pr\u00e1ctica gracias a su forma en polvo.<\/li>\n<\/ol>\n<h2><strong>Condiciones de almacenamiento<\/strong><\/h2>\n<p>Puede mantener la m\u00e1xima calidad almacenando el producto en un ambiente fresco, seco y sin olores. Se recomienda mantenerlo alejado de la humedad. <\/p>\n<h2><strong>Advertencia sobre al\u00e9rgenos<\/strong><\/h2>\n<p><strong>Contiene gluten.<\/strong> Tambi\u00e9n puede contener trazas de soja y productos l\u00e1cteos. Se recomienda precauci\u00f3n en constituciones al\u00e9rgicas. <\/p>\n<h2><strong>\u00c1reas de uso<\/strong><\/h2>\n<p>Masa madre de trigo en polvo; Se puede utilizar en la producci\u00f3n de muchos productos de panader\u00eda, como pan, baguettes, panes de s\u00e1ndwich y panecillos. Ofrece el sabor tradicional de masa madre con m\u00e9todos modernos. Es una opci\u00f3n ideal, especialmente para panaderos profesionales, donde calidad y naturalidad se unen.  <\/p>\n<p>Para m\u00e1s informaci\u00f3n y nuestros productos, <a href=\"https:\/\/www.eskamarket.com\/es\/urun-kategori\/panaderia\/masas-madre\/\" target=\"_new\" rel=\"noopener\">puedes visitar nuestra categor\u00eda de masa madre.<\/a><\/p>\n<h1><\/h1>\n","protected":false},"excerpt":{"rendered":"<p>Masa de trigo en polvo agria 25 kg Masa de trigo en polvo La masa madre es un ingrediente \u00fanico en el mundo de la panificaci\u00f3n que ofrece sabor natural, textura de calidad y larga vida \u00fatil. Este producto, ofrecido en cajas de cart\u00f3n de 25 kg, est\u00e1 dise\u00f1ado para ser utilizado en la producci\u00f3n [&#8230;]\n","protected":false},"featured_media":1418,"comment_status":"open","ping_status":"closed","template":"","meta":{"_joinchat":[]},"product_brand":[],"product_cat":[132,124],"product_tag":[],"class_list":{"0":"post-1417","1":"product","2":"type-product","3":"status-publish","4":"has-post-thumbnail","6":"product_cat-masas-madre","7":"product_cat-panaderia","9":"first","10":"instock","11":"taxable","12":"shipping-taxable","13":"purchasable","14":"product-type-simple"},"yoast_head":"<!-- This site is optimized with the Yoast SEO plugin v27.3 - https:\/\/yoast.com\/product\/yoast-seo-wordpress\/ -->\n<title>Masa de trigo en polvo agria 25 kg - eskamarket<\/title>\n<meta name=\"description\" content=\"Masa de trigo en polvo La masa madre aporta sabor natural y suavidad al pan a la vez que prolonga su vida \u00fatil. Contiene gluten. Ideal para hornear!\" \/>\n<meta name=\"robots\" content=\"index, follow, max-snippet:-1, max-image-preview:large, max-video-preview:-1\" \/>\n<link rel=\"canonical\" href=\"https:\/\/www.eskamarket.com\/es\/urun\/masa-de-trigo-en-polvo-agria-25-kg\/\" \/>\n<meta property=\"og:locale\" content=\"es_ES\" \/>\n<meta property=\"og:type\" content=\"article\" \/>\n<meta property=\"og:title\" content=\"Masa de trigo en polvo agria 25 kg - eskamarket\" \/>\n<meta property=\"og:description\" content=\"Masa de trigo en polvo La masa madre aporta sabor natural y suavidad al pan a la vez que prolonga su vida \u00fatil. Contiene gluten. Ideal para hornear!\" \/>\n<meta property=\"og:url\" content=\"https:\/\/www.eskamarket.com\/es\/urun\/masa-de-trigo-en-polvo-agria-25-kg\/\" \/>\n<meta property=\"og:site_name\" content=\"eskamarket\" \/>\n<meta property=\"og:image\" content=\"https:\/\/www.eskamarket.com\/wp-content\/uploads\/2023\/05\/Toz-Bugday-Hamur-Eksisi.jpg\" \/>\n\t<meta property=\"og:image:width\" content=\"1920\" \/>\n\t<meta property=\"og:image:height\" content=\"1440\" \/>\n\t<meta property=\"og:image:type\" content=\"image\/jpeg\" \/>\n<meta name=\"twitter:card\" content=\"summary_large_image\" \/>\n<meta name=\"twitter:label1\" content=\"Tiempo de lectura\" \/>\n\t<meta name=\"twitter:data1\" content=\"2 minutos\" \/>\n<script type=\"application\/ld+json\" class=\"yoast-schema-graph\">{\"@context\":\"https:\\\/\\\/schema.org\",\"@graph\":[{\"@type\":\"WebPage\",\"@id\":\"https:\\\/\\\/www.eskamarket.com\\\/es\\\/urun\\\/masa-de-trigo-en-polvo-agria-25-kg\\\/\",\"url\":\"https:\\\/\\\/www.eskamarket.com\\\/es\\\/urun\\\/masa-de-trigo-en-polvo-agria-25-kg\\\/\",\"name\":\"Masa de trigo en polvo agria 25 kg - eskamarket\",\"isPartOf\":{\"@id\":\"https:\\\/\\\/www.eskamarket.com\\\/es\\\/#website\"},\"primaryImageOfPage\":{\"@id\":\"https:\\\/\\\/www.eskamarket.com\\\/es\\\/urun\\\/masa-de-trigo-en-polvo-agria-25-kg\\\/#primaryimage\"},\"image\":{\"@id\":\"https:\\\/\\\/www.eskamarket.com\\\/es\\\/urun\\\/masa-de-trigo-en-polvo-agria-25-kg\\\/#primaryimage\"},\"thumbnailUrl\":\"https:\\\/\\\/www.eskamarket.com\\\/wp-content\\\/uploads\\\/2023\\\/05\\\/Toz-Bugday-Hamur-Eksisi.jpg\",\"datePublished\":\"2023-05-06T17:45:48+00:00\",\"description\":\"Masa de trigo en polvo La masa madre aporta sabor natural y suavidad al pan a la vez que prolonga su vida \u00fatil. Contiene gluten. Ideal para hornear!\",\"breadcrumb\":{\"@id\":\"https:\\\/\\\/www.eskamarket.com\\\/es\\\/urun\\\/masa-de-trigo-en-polvo-agria-25-kg\\\/#breadcrumb\"},\"inLanguage\":\"es\",\"potentialAction\":[{\"@type\":\"ReadAction\",\"target\":[\"https:\\\/\\\/www.eskamarket.com\\\/es\\\/urun\\\/masa-de-trigo-en-polvo-agria-25-kg\\\/\"]}]},{\"@type\":\"ImageObject\",\"inLanguage\":\"es\",\"@id\":\"https:\\\/\\\/www.eskamarket.com\\\/es\\\/urun\\\/masa-de-trigo-en-polvo-agria-25-kg\\\/#primaryimage\",\"url\":\"https:\\\/\\\/www.eskamarket.com\\\/wp-content\\\/uploads\\\/2023\\\/05\\\/Toz-Bugday-Hamur-Eksisi.jpg\",\"contentUrl\":\"https:\\\/\\\/www.eskamarket.com\\\/wp-content\\\/uploads\\\/2023\\\/05\\\/Toz-Bugday-Hamur-Eksisi.jpg\",\"width\":1920,\"height\":1440,\"caption\":\"Toz Bu\u011fday Hamur Ek\u015fisi\"},{\"@type\":\"BreadcrumbList\",\"@id\":\"https:\\\/\\\/www.eskamarket.com\\\/es\\\/urun\\\/masa-de-trigo-en-polvo-agria-25-kg\\\/#breadcrumb\",\"itemListElement\":[{\"@type\":\"ListItem\",\"position\":1,\"name\":\"Anasayfa\",\"item\":\"https:\\\/\\\/www.eskamarket.com\\\/es\\\/pagina-de-inicio\\\/\"},{\"@type\":\"ListItem\",\"position\":2,\"name\":\"Centro comercial\",\"item\":\"https:\\\/\\\/www.eskamarket.com\\\/centro-comercial\\\/\"},{\"@type\":\"ListItem\",\"position\":3,\"name\":\"Masa de trigo en polvo agria 25 kg\"}]},{\"@type\":\"WebSite\",\"@id\":\"https:\\\/\\\/www.eskamarket.com\\\/es\\\/#website\",\"url\":\"https:\\\/\\\/www.eskamarket.com\\\/es\\\/\",\"name\":\"eskamarket\",\"description\":\"Katk\u0131 Maddeleri ve Hammaddeler\",\"potentialAction\":[{\"@type\":\"SearchAction\",\"target\":{\"@type\":\"EntryPoint\",\"urlTemplate\":\"https:\\\/\\\/www.eskamarket.com\\\/es\\\/?s={search_term_string}\"},\"query-input\":{\"@type\":\"PropertyValueSpecification\",\"valueRequired\":true,\"valueName\":\"search_term_string\"}}],\"inLanguage\":\"es\"}]}<\/script>\n<!-- \/ Yoast SEO plugin. -->","yoast_head_json":{"title":"Masa de trigo en polvo agria 25 kg - eskamarket","description":"Masa de trigo en polvo La masa madre aporta sabor natural y suavidad al pan a la vez que prolonga su vida \u00fatil. Contiene gluten. Ideal para hornear!","robots":{"index":"index","follow":"follow","max-snippet":"max-snippet:-1","max-image-preview":"max-image-preview:large","max-video-preview":"max-video-preview:-1"},"canonical":"https:\/\/www.eskamarket.com\/es\/urun\/masa-de-trigo-en-polvo-agria-25-kg\/","og_locale":"es_ES","og_type":"article","og_title":"Masa de trigo en polvo agria 25 kg - eskamarket","og_description":"Masa de trigo en polvo La masa madre aporta sabor natural y suavidad al pan a la vez que prolonga su vida \u00fatil. Contiene gluten. Ideal para hornear!","og_url":"https:\/\/www.eskamarket.com\/es\/urun\/masa-de-trigo-en-polvo-agria-25-kg\/","og_site_name":"eskamarket","og_image":[{"width":1920,"height":1440,"url":"https:\/\/www.eskamarket.com\/wp-content\/uploads\/2023\/05\/Toz-Bugday-Hamur-Eksisi.jpg","type":"image\/jpeg"}],"twitter_card":"summary_large_image","twitter_misc":{"Tiempo de lectura":"2 minutos"},"schema":{"@context":"https:\/\/schema.org","@graph":[{"@type":"WebPage","@id":"https:\/\/www.eskamarket.com\/es\/urun\/masa-de-trigo-en-polvo-agria-25-kg\/","url":"https:\/\/www.eskamarket.com\/es\/urun\/masa-de-trigo-en-polvo-agria-25-kg\/","name":"Masa de trigo en polvo agria 25 kg - eskamarket","isPartOf":{"@id":"https:\/\/www.eskamarket.com\/es\/#website"},"primaryImageOfPage":{"@id":"https:\/\/www.eskamarket.com\/es\/urun\/masa-de-trigo-en-polvo-agria-25-kg\/#primaryimage"},"image":{"@id":"https:\/\/www.eskamarket.com\/es\/urun\/masa-de-trigo-en-polvo-agria-25-kg\/#primaryimage"},"thumbnailUrl":"https:\/\/www.eskamarket.com\/wp-content\/uploads\/2023\/05\/Toz-Bugday-Hamur-Eksisi.jpg","datePublished":"2023-05-06T17:45:48+00:00","description":"Masa de trigo en polvo La masa madre aporta sabor natural y suavidad al pan a la vez que prolonga su vida \u00fatil. Contiene gluten. Ideal para hornear!","breadcrumb":{"@id":"https:\/\/www.eskamarket.com\/es\/urun\/masa-de-trigo-en-polvo-agria-25-kg\/#breadcrumb"},"inLanguage":"es","potentialAction":[{"@type":"ReadAction","target":["https:\/\/www.eskamarket.com\/es\/urun\/masa-de-trigo-en-polvo-agria-25-kg\/"]}]},{"@type":"ImageObject","inLanguage":"es","@id":"https:\/\/www.eskamarket.com\/es\/urun\/masa-de-trigo-en-polvo-agria-25-kg\/#primaryimage","url":"https:\/\/www.eskamarket.com\/wp-content\/uploads\/2023\/05\/Toz-Bugday-Hamur-Eksisi.jpg","contentUrl":"https:\/\/www.eskamarket.com\/wp-content\/uploads\/2023\/05\/Toz-Bugday-Hamur-Eksisi.jpg","width":1920,"height":1440,"caption":"Toz Bu\u011fday Hamur Ek\u015fisi"},{"@type":"BreadcrumbList","@id":"https:\/\/www.eskamarket.com\/es\/urun\/masa-de-trigo-en-polvo-agria-25-kg\/#breadcrumb","itemListElement":[{"@type":"ListItem","position":1,"name":"Anasayfa","item":"https:\/\/www.eskamarket.com\/es\/pagina-de-inicio\/"},{"@type":"ListItem","position":2,"name":"Centro comercial","item":"https:\/\/www.eskamarket.com\/centro-comercial\/"},{"@type":"ListItem","position":3,"name":"Masa de trigo en polvo agria 25 kg"}]},{"@type":"WebSite","@id":"https:\/\/www.eskamarket.com\/es\/#website","url":"https:\/\/www.eskamarket.com\/es\/","name":"eskamarket","description":"Katk\u0131 Maddeleri ve Hammaddeler","potentialAction":[{"@type":"SearchAction","target":{"@type":"EntryPoint","urlTemplate":"https:\/\/www.eskamarket.com\/es\/?s={search_term_string}"},"query-input":{"@type":"PropertyValueSpecification","valueRequired":true,"valueName":"search_term_string"}}],"inLanguage":"es"}]}},"_links":{"self":[{"href":"https:\/\/www.eskamarket.com\/es\/wp-json\/wp\/v2\/product\/1417","targetHints":{"allow":["GET"]}}],"collection":[{"href":"https:\/\/www.eskamarket.com\/es\/wp-json\/wp\/v2\/product"}],"about":[{"href":"https:\/\/www.eskamarket.com\/es\/wp-json\/wp\/v2\/types\/product"}],"replies":[{"embeddable":true,"href":"https:\/\/www.eskamarket.com\/es\/wp-json\/wp\/v2\/comments?post=1417"}],"wp:featuredmedia":[{"embeddable":true,"href":"https:\/\/www.eskamarket.com\/es\/wp-json\/wp\/v2\/media\/1418"}],"wp:attachment":[{"href":"https:\/\/www.eskamarket.com\/es\/wp-json\/wp\/v2\/media?parent=1417"}],"wp:term":[{"taxonomy":"product_brand","embeddable":true,"href":"https:\/\/www.eskamarket.com\/es\/wp-json\/wp\/v2\/product_brand?post=1417"},{"taxonomy":"product_cat","embeddable":true,"href":"https:\/\/www.eskamarket.com\/es\/wp-json\/wp\/v2\/product_cat?post=1417"},{"taxonomy":"product_tag","embeddable":true,"href":"https:\/\/www.eskamarket.com\/es\/wp-json\/wp\/v2\/product_tag?post=1417"}],"curies":[{"name":"wp","href":"https:\/\/api.w.org\/{rel}","templated":true}]}}