{"id":1352,"date":"2023-05-06T22:07:10","date_gmt":"2023-05-06T19:07:10","guid":{"rendered":"https:\/\/www.eskamarket.com\/urun\/mejorador-de-masa-para-productos-congelados-25-kg\/"},"modified":"2025-08-22T12:56:47","modified_gmt":"2025-08-22T09:56:47","slug":"mejorador-de-masa-para-productos-congelados-25-kg","status":"publish","type":"product","link":"https:\/\/www.eskamarket.com\/es\/urun\/mejorador-de-masa-para-productos-congelados-25-kg\/","title":{"rendered":"Mejorante para Masa para Productos Congelados 20 KG"},"content":{"rendered":"<h1><strong>Mejorante para Masa para Productos Congelados 20 KG<\/strong><\/h1>\n<p><strong>El Mejorador de Masa para Productos Congelados<\/strong> es un producto formulado especialmente para obtener la mejor calidad en masas de pan congeladas. Centr\u00e1ndose en el tiempo de congelaci\u00f3n, la estabilidad durante el almacenamiento y la calidad del producto final, ofrece una soluci\u00f3n adecuada para uso industrial y comercial. El producto puede personalizarse con formulaciones \u00aba medida\u00bb seg\u00fan su l\u00ednea de producci\u00f3n y necesidades espec\u00edficas.  <\/p>\n<hr>\n<h2><strong>Caracter\u00edsticas del Producto \u2013 Mejorador de Masa para Productos Congelados<\/strong><\/h2>\n<ul>\n<li><strong>Apariencia: <\/strong>En forma de polvo.<\/li>\n<li><strong>Tasa de Uso: <\/strong>Se recomienda utilizar en una proporci\u00f3n del 1% al 1.5%.<\/li>\n<li><strong>Forma de embalaje: <\/strong>se presenta en cajas de cart\u00f3n de 20 kg<\/li>\n<li><strong>Personalizable: <\/strong>Se pueden proporcionar formulaciones especiales adaptadas a su l\u00ednea de producci\u00f3n y necesidades espec\u00edficas.<\/li>\n<\/ul>\n<hr>\n<h2><strong>\u00c1reas de uso y ventajas<\/strong><\/h2>\n<p><strong>El Mejorador de Masa para Productos Congelados<\/strong> ha sido desarrollado para resolver los desaf\u00edos en la producci\u00f3n de masas de pan congeladas. Especialmente durante los procesos de congelaci\u00f3n y almacenamiento prolongados, mejora la estabilidad de la masa y preserva la calidad del producto final. A continuaci\u00f3n, se presentan sus principales \u00e1reas de uso y ventajas:  <\/p>\n<h3><strong>Proceso de Congelaci\u00f3n y Estabilidad en el Almacenamiento<\/strong><\/h3>\n<ul>\n<li><strong>1.H\u0131zl\u0131 ve Etkili Donma:<\/strong> Hamurun yap\u0131s\u0131n\u0131 koruyarak, donma s\u00fcrecinde buz taneciklerinin olu\u015fmas\u0131n\u0131 engeller.<\/li>\n<li><strong>Almacenamiento Prolongado: <\/strong>Garantiza estabilidad en procesos de masa congelada de dos meses o m\u00e1s, minimizando la p\u00e9rdida de volumen.<\/li>\n<\/ul>\n<h3><strong>2.Calidad del Producto Final<\/strong><\/h3>\n<ul>\n<li><strong>Estructura de la Corteza y Volumen: <\/strong>Mejora la estructura de la corteza de los panes elaborados a partir de masa congelada y mantiene el volumen deseado.<\/li>\n<li><strong>Sabor y Apariencia:<\/strong> Al mantener las propiedades f\u00edsicas de la masa durante la congelaci\u00f3n, se preservan el sabor y la apariencia del pan.<\/li>\n<\/ul>\n<h3><strong>3.Uso Vers\u00e1til<\/strong><\/h3>\n<ul>\n<li><strong>No Requiere Cambios en la Receta: <\/strong>Puede integrarse f\u00e1cilmente sin necesidad de modificar su receta actual.<\/li>\n<li><strong>Uso Industrial: <\/strong>Adecuado para aplicaciones de masa congelada a gran escala como panader\u00edas, supermercados y tiendas de autoservicio.<\/li>\n<\/ul>\n<h3><strong>4. Soporte y Personalizaci\u00f3n<\/strong><\/h3>\n<ul>\n<li><strong>Soporte en Producci\u00f3n: <\/strong>Puede contar con el apoyo de nuestro equipo de expertos para la formulaci\u00f3n de recetas y en los procesos de producci\u00f3n.<\/li>\n<li><strong>Soluciones a Medida: <\/strong>Se puede realizar una producci\u00f3n personalizada con formulaciones adaptadas a su l\u00ednea de producci\u00f3n y necesidades espec\u00edficas.<\/li>\n<\/ul>\n<hr>\n<h2><strong>C\u00f3mo utilizarlo?<\/strong><\/h2>\n<ol>\n<li><strong>Instrucciones de Uso:<\/strong>\n<ul>\n<li>El mejorador de masa para productos congelados debe utilizarse en una proporci\u00f3n del 1% al 1.5% del peso total de la masa.<\/li>\n<li>Se a\u00f1ade durante la etapa de preparaci\u00f3n de la masa e se integra en la mezcla.<\/li>\n<\/ul>\n<\/li>\n<li><strong>Condiciones de Almacenamiento:<\/strong>\n<ul>\n<li>El producto debe almacenarse en un lugar fresco y seco.<\/li>\n<li>Debe mantenerse alejado de la luz solar directa y, una vez abierto el envase, debe conservarse en un recipiente herm\u00e9tico.<\/li>\n<\/ul>\n<\/li>\n<\/ol>\n<hr>\n<h2><strong>Ventajas tecnol\u00f3gicas<\/strong><\/h2>\n<ul>\n<li><strong>Optimiza el Tiempo de Congelaci\u00f3n y Almacenamiento: <\/strong>El producto preserva la estructura de la masa durante la congelaci\u00f3n, evitando la transferencia de agua y la formaci\u00f3n de cristales de hielo.<\/li>\n<li><strong>Compatible con el Gluten y la Calidad de la Harina:<\/strong> Mejora la calidad del producto final, especialmente cuando se utiliza con harinas de alto contenido de gluten.<\/li>\n<li><strong>Larga Vida \u00datil: <\/strong>Mantiene su estabilidad desde el proceso de congelaci\u00f3n de la masa hasta su horneado.<\/li>\n<\/ul>\n<hr>\n<h2><strong>Calidad y Eficiencia en Masa Congelada<\/strong><\/h2>\n<p><strong>El Mejorador de Masa para Productos Congelados <\/strong>ofrece soluciones a todos los desaf\u00edos en la producci\u00f3n de masa congelada, desde hornos industriales hasta peque\u00f1os negocios. Su excelente estabilidad, uso vers\u00e1til y estructura personalizable optimizan su proceso de producci\u00f3n y le permiten ofrecer productos de alta calidad a sus clientes. <\/p>\n<hr>\n<p>Para otros productos mejoradores de pan, puede visitar <strong><a href=\"https:\/\/www.eskamarket.com\/es\/urun-kategori\/panaderia\/mejoradores-de-pan\/\" target=\"_new\" rel=\"noopener\">nuestra categor\u00eda Mejoradores de Pan. <\/a><\/strong><\/p>\n","protected":false},"excerpt":{"rendered":"<p>Mejorante para Masa para Productos Congelados 20 KG El Mejorador de Masa para Productos Congelados es un producto formulado especialmente para obtener la mejor calidad en masas de pan congeladas. Centr\u00e1ndose en el tiempo de congelaci\u00f3n, la estabilidad durante el almacenamiento y la calidad del producto final, ofrece una soluci\u00f3n adecuada para uso industrial y [&#8230;]\n","protected":false},"featured_media":1353,"comment_status":"open","ping_status":"closed","template":"","meta":{"_joinchat":[]},"product_brand":[],"product_cat":[127,124],"product_tag":[],"class_list":{"0":"post-1352","1":"product","2":"type-product","3":"status-publish","4":"has-post-thumbnail","6":"product_cat-mejoradores-de-pan","7":"product_cat-panaderia","9":"first","10":"instock","11":"taxable","12":"shipping-taxable","13":"purchasable","14":"product-type-simple"},"_links":{"self":[{"href":"https:\/\/www.eskamarket.com\/es\/wp-json\/wp\/v2\/product\/1352","targetHints":{"allow":["GET"]}}],"collection":[{"href":"https:\/\/www.eskamarket.com\/es\/wp-json\/wp\/v2\/product"}],"about":[{"href":"https:\/\/www.eskamarket.com\/es\/wp-json\/wp\/v2\/types\/product"}],"replies":[{"embeddable":true,"href":"https:\/\/www.eskamarket.com\/es\/wp-json\/wp\/v2\/comments?post=1352"}],"wp:featuredmedia":[{"embeddable":true,"href":"https:\/\/www.eskamarket.com\/es\/wp-json\/wp\/v2\/media\/1353"}],"wp:attachment":[{"href":"https:\/\/www.eskamarket.com\/es\/wp-json\/wp\/v2\/media?parent=1352"}],"wp:term":[{"taxonomy":"product_brand","embeddable":true,"href":"https:\/\/www.eskamarket.com\/es\/wp-json\/wp\/v2\/product_brand?post=1352"},{"taxonomy":"product_cat","embeddable":true,"href":"https:\/\/www.eskamarket.com\/es\/wp-json\/wp\/v2\/product_cat?post=1352"},{"taxonomy":"product_tag","embeddable":true,"href":"https:\/\/www.eskamarket.com\/es\/wp-json\/wp\/v2\/product_tag?post=1352"}],"curies":[{"name":"wp","href":"https:\/\/api.w.org\/{rel}","templated":true}]}}