{"id":1341,"date":"2023-06-10T18:23:10","date_gmt":"2023-06-10T15:23:10","guid":{"rendered":"https:\/\/www.eskamarket.com\/urun\/fresh-mejorador-para-la-produccion-de-pan-de-hamburguesa-sandwich-y-tostadas-25-kg\/"},"modified":"2025-08-22T12:52:11","modified_gmt":"2025-08-22T09:52:11","slug":"fresh-mejorador-para-la-produccion-de-pan-de-hamburguesa-sandwich-y-tostadas-25-kg","status":"publish","type":"product","link":"https:\/\/www.eskamarket.com\/es\/urun\/fresh-mejorador-para-la-produccion-de-pan-de-hamburguesa-sandwich-y-tostadas-25-kg\/","title":{"rendered":"FRESH &#8211; Mejorante para la Producci\u00f3n de Pan de Hamburguesa, S\u00e1ndwich y Tostadas 20 KG"},"content":{"rendered":"<h1><strong>FRESH &#8211; Mejorante para la Producci\u00f3n de Pan de Hamburguesa, S\u00e1ndwich y Tostadas 20 KG<\/strong><\/h1>\n<p><strong>FRESH \u2013 Mejorador para la Producci\u00f3n de Pan de Hamburguesa, <\/strong>S\u00e1ndwich y Tostadas ha sido formulado como un producto especial que ofrece un rendimiento superior en procesos de producci\u00f3n industrial y semi-industrial. Este producto mantiene la suavidad y la estructura homog\u00e9nea de los panes de hamburguesa, s\u00e1ndwich y tostadas durante toda su vida \u00fatil, al tiempo que facilita el procesamiento durante la producci\u00f3n. Es una soluci\u00f3n ideal para obtener resultados de alta calidad.  <\/p>\n<hr>\n<h2><strong>Caracter\u00edsticas del producto<\/strong><\/h2>\n<ul>\n<li><strong>Apariencia:<\/strong> Cristalina, en polvo de color blanco.<\/li>\n<li><strong>Cantidad de uso: <\/strong>Se debe utilizar como 1% del peso total de la masa.<\/li>\n<li><strong>Forma de embalaje: <\/strong>se presenta en cajas de cart\u00f3n de 20 kg<\/li>\n<\/ul>\n<hr>\n<h2><strong>\u00c1reas de uso y ventajas<\/strong><\/h2>\n<p><strong>FRESH Developer<\/strong> fue desarrollado para solucionar las dificultades encontradas en la producci\u00f3n de hamburguesas, s\u00e1ndwiches y pan tostado. Las principales \u00e1reas de uso y ventajas del producto son las siguientes: <\/p>\n<h4><strong>1. Suavidad y estructura interna homog\u00e9nea<\/strong><\/h4>\n<ul>\n<li><strong>Suavidad durante toda su vida \u00fatil:<\/strong> El producto aumenta la satisfacci\u00f3n del consumidor al preservar la frescura y suavidad del pan durante toda su vida \u00fatil.<\/li>\n<li><strong>Textura Homog\u00e9nea:<\/strong> Evita cualquier deterioro que pueda producirse en la estructura interna y garantiza que cada rebanada sea de la misma calidad.<\/li>\n<\/ul>\n<h4><strong>2. Facilidad de procesamiento de la masa<\/strong><\/h4>\n<ul>\n<li><strong>Estabilidad durante la fermentaci\u00f3n:<\/strong> Conserva la estructura de la masa durante la fermentaci\u00f3n y la hace m\u00e1s duradera.<\/li>\n<li><strong>Modelado y trabajabilidad: <\/strong>Permite moldear la masa f\u00e1cilmente y evita que se pegue en la l\u00ednea de producci\u00f3n. Esta caracter\u00edstica ahorra tiempo, especialmente en procesos de producci\u00f3n de alta capacidad. <\/li>\n<\/ul>\n<h4><strong>3. Optimizaci\u00f3n de la productividad y la producci\u00f3n<\/strong><\/h4>\n<ul>\n<li><strong>Compatible con l\u00edneas de producci\u00f3n:<\/strong> Funciona sin problemas en l\u00edneas industriales y semiindustriales.<\/li>\n<li><strong>Costo-eficiencia:<\/strong> Mantener el pan fresco por m\u00e1s tiempo proporciona ventajas en los procesos de producci\u00f3n y log\u00edstica.<\/li>\n<\/ul>\n<hr>\n<h2><strong>C\u00f3mo utilizarlo?<\/strong><\/h2>\n<ul>\n<li><strong>Instrucciones de uso:<\/strong> El mejorador FRESCO da mejores resultados cuando se utiliza en una proporci\u00f3n del 1% del peso total de la masa. Se a\u00f1ade directamente a la mezcla de la masa y se integra f\u00e1cilmente con los dem\u00e1s ingredientes.<br \/>\n <\/li>\n<li><strong>Condiciones de almacenamiento:<\/strong> El producto debe almacenarse en un ambiente fresco y seco. No debe exponerse a la luz solar directa y debe almacenarse herm\u00e9ticamente despu\u00e9s de abrir el embalaje. <\/li>\n<\/ul>\n<hr>\n<h2><strong>Ventajas tecnol\u00f3gicas<\/strong><\/h2>\n<ol>\n<li><strong>Frescura a largo plazo:<\/strong>\n<ul>\n<li>Conserva la suavidad del pan durante toda su vida \u00fatil y retrasa su envejecimiento.<\/li>\n<\/ul>\n<\/li>\n<li><strong>Facilidad de producci\u00f3n:<\/strong>\n<ul>\n<li>Aumenta la durabilidad de la masa durante la fermentaci\u00f3n y evita que se pegue en la l\u00ednea de producci\u00f3n.<\/li>\n<\/ul>\n<\/li>\n<li><strong>Resultados homog\u00e9neos:<\/strong>\n<ul>\n<li>Garantiza que cada rebanada de pan sea de la misma calidad y ofrece al consumidor una excelente experiencia.<\/li>\n<\/ul>\n<\/li>\n<\/ol>\n<hr>\n<h3><strong>FRESCO &#8211; Calidad Superior con Mejorador para la Producci\u00f3n de Pan de Hamburguesa, S\u00e1ndwich y Tostada<\/strong><\/h3>\n<p><strong>FRESH \u2013 Mejorador para la producci\u00f3n de pan de hamburguesa,<\/strong> s\u00e1ndwich y tostado es la soluci\u00f3n ideal para productores profesionales que desean producir panes suaves, homog\u00e9neos y duraderos. Le permite ofrecer productos de alta calidad a sus clientes a la vez que optimiza sus procesos productivos. <\/p>\n<p>Para otros productos mejoradores de pan, puede visitar <strong><a href=\"https:\/\/www.eskamarket.com\/es\/urun-kategori\/panaderia\/mejoradores-de-pan\/\" target=\"_new\" rel=\"noopener\">nuestra categor\u00eda Mejoradores de Pan. <\/a><\/strong><\/p>\n","protected":false},"excerpt":{"rendered":"<p>FRESH &#8211; Mejorante para la Producci\u00f3n de Pan de Hamburguesa, S\u00e1ndwich y Tostadas 20 KG FRESH \u2013 Mejorador para la Producci\u00f3n de Pan de Hamburguesa, S\u00e1ndwich y Tostadas ha sido formulado como un producto especial que ofrece un rendimiento superior en procesos de producci\u00f3n industrial y semi-industrial. Este producto mantiene la suavidad y la estructura [&#8230;]\n","protected":false},"featured_media":1345,"comment_status":"open","ping_status":"closed","template":"","meta":{"_joinchat":[]},"product_brand":[],"product_cat":[127,124],"product_tag":[],"class_list":{"0":"post-1341","1":"product","2":"type-product","3":"status-publish","4":"has-post-thumbnail","6":"product_cat-mejoradores-de-pan","7":"product_cat-panaderia","9":"first","10":"instock","11":"taxable","12":"shipping-taxable","13":"purchasable","14":"product-type-simple"},"_links":{"self":[{"href":"https:\/\/www.eskamarket.com\/es\/wp-json\/wp\/v2\/product\/1341","targetHints":{"allow":["GET"]}}],"collection":[{"href":"https:\/\/www.eskamarket.com\/es\/wp-json\/wp\/v2\/product"}],"about":[{"href":"https:\/\/www.eskamarket.com\/es\/wp-json\/wp\/v2\/types\/product"}],"replies":[{"embeddable":true,"href":"https:\/\/www.eskamarket.com\/es\/wp-json\/wp\/v2\/comments?post=1341"}],"wp:featuredmedia":[{"embeddable":true,"href":"https:\/\/www.eskamarket.com\/es\/wp-json\/wp\/v2\/media\/1345"}],"wp:attachment":[{"href":"https:\/\/www.eskamarket.com\/es\/wp-json\/wp\/v2\/media?parent=1341"}],"wp:term":[{"taxonomy":"product_brand","embeddable":true,"href":"https:\/\/www.eskamarket.com\/es\/wp-json\/wp\/v2\/product_brand?post=1341"},{"taxonomy":"product_cat","embeddable":true,"href":"https:\/\/www.eskamarket.com\/es\/wp-json\/wp\/v2\/product_cat?post=1341"},{"taxonomy":"product_tag","embeddable":true,"href":"https:\/\/www.eskamarket.com\/es\/wp-json\/wp\/v2\/product_tag?post=1341"}],"curies":[{"name":"wp","href":"https:\/\/api.w.org\/{rel}","templated":true}]}}