{"id":1592,"date":"2023-05-06T21:09:13","date_gmt":"2023-05-06T18:09:13","guid":{"rendered":"https:\/\/www.eskamarket.com\/comunicacion\/"},"modified":"2025-04-24T15:09:03","modified_gmt":"2025-04-24T12:09:03","slug":"comunicacion","status":"publish","type":"page","link":"https:\/\/www.eskamarket.com\/es\/comunicacion\/","title":{"rendered":"Comunicaci\u00f3n"},"content":{"rendered":"<div class=\"container section-title-container\" ><h3 class=\"section-title section-title-center\"><b><\/b><span class=\"section-title-main\" >INFORMACI\u00d3N DEL CONTACTO<\/span><b><\/b><\/h3><\/div>\n<p><span style=\"color: #333399;\"><strong>eskamarket.com Servicios de informaci\u00f3n y consultor\u00eda de Eska Alsu Ayano\u011flu<\/strong><\/span><\/p>\n<p><span style=\"color: #333399;\">Direcci\u00f3n de correspondencia: G\u00f6lc\u00fckler Mahallesi Narin Sokak No:8\/4 35471 Menderes Izmir T\u00fcrkiye<\/span><\/p>\n<p><span style=\"color: #333399;\">Tel\u00e9fono: +90 554 770 70 90<\/span><\/p>\n<p><span style=\"color: #333399;\">M\u00f3vil: +90 554 770 70 90<\/span><\/p>\n<p><span style=\"color: #333399;\">Correo electr\u00f3nico:destek@eskamarket.com<\/span><\/p>\n<div class=\"container section-title-container\" ><h3 class=\"section-title section-title-center\"><b><\/b><span class=\"section-title-main\" >FORMULARIO DE CONTACTO<\/span><b><\/b><\/h3><\/div>\n<style id=\"wpforms-css-vars-205\">\n\t\t\t\t#wpforms-205 {\n\t\t\t\t\n\t\t\t}\n\t\t\t<\/style><div class=\"wpforms-container wpforms-container-full wpforms-render-modern\" id=\"wpforms-205\"><form id=\"wpforms-form-205\" class=\"wpforms-validate wpforms-form wpforms-ajax-form\" data-formid=\"205\" method=\"post\" enctype=\"multipart\/form-data\" action=\"\/es\/wp-json\/wp\/v2\/pages\/1592\" data-token=\"86a243fc0d0b2f04524352e35df792f4\" data-token-time=\"1776104649\"><noscript class=\"wpforms-error-noscript\">Por favor, activa JavaScript en tu navegador para completar este formulario.<\/noscript><div id=\"wpforms-error-noscript\" style=\"display: none;\">Por favor, activa JavaScript en tu navegador para completar este formulario.<\/div><div class=\"wpforms-field-container\"><div id=\"wpforms-205-field_0-container\" class=\"wpforms-field wpforms-field-name\" data-field-id=\"0\"><fieldset><legend class=\"wpforms-field-label\">Ad\u0131n\u0131z Soyad\u0131n\u0131z <span class=\"wpforms-required-label\" aria-hidden=\"true\">*<\/span><\/legend><div class=\"wpforms-field-row wpforms-field-medium\"><div class=\"wpforms-field-row-block wpforms-first wpforms-one-half\"><input type=\"text\" id=\"wpforms-205-field_0\" class=\"wpforms-field-name-first wpforms-field-required\" name=\"wpforms[fields][0][first]\" aria-errormessage=\"wpforms-205-field_0-error\" required><label for=\"wpforms-205-field_0\" class=\"wpforms-field-sublabel after\">Nombre<\/label><\/div><div class=\"wpforms-field-row-block wpforms-one-half\"><input type=\"text\" id=\"wpforms-205-field_0-last\" class=\"wpforms-field-name-last wpforms-field-required\" name=\"wpforms[fields][0][last]\" aria-errormessage=\"wpforms-205-field_0-last-error\" required><label for=\"wpforms-205-field_0-last\" class=\"wpforms-field-sublabel after\">Apellidos<\/label><\/div><\/div><\/fieldset><\/div><div id=\"wpforms-205-field_1-container\" class=\"wpforms-field wpforms-field-email\" data-field-id=\"1\"><label class=\"wpforms-field-label\" for=\"wpforms-205-field_1\">E-posta <span class=\"wpforms-required-label\" aria-hidden=\"true\">*<\/span><\/label><input type=\"email\" id=\"wpforms-205-field_1\" class=\"wpforms-field-medium wpforms-field-required\" name=\"wpforms[fields][1]\" spellcheck=\"false\" aria-errormessage=\"wpforms-205-field_1-error\" required><\/div><div id=\"wpforms-205-field_3-container\" class=\"wpforms-field wpforms-field-number\" data-field-id=\"3\"><label class=\"wpforms-field-label\" for=\"wpforms-205-field_3\">Telefon <span class=\"wpforms-required-label\" aria-hidden=\"true\">*<\/span><\/label><input type=\"number\" id=\"wpforms-205-field_3\" class=\"wpforms-field-medium wpforms-field-required\" name=\"wpforms[fields][3]\" step=\"any\" aria-errormessage=\"wpforms-205-field_3-error\" required><\/div><div id=\"wpforms-205-field_2-container\" class=\"wpforms-field wpforms-field-textarea\" data-field-id=\"2\"><label class=\"wpforms-field-label\" for=\"wpforms-205-field_2\">Yorum veya Mesaj\u0131n\u0131z<\/label><textarea id=\"wpforms-205-field_2\" class=\"wpforms-field-medium\" name=\"wpforms[fields][2]\" aria-errormessage=\"wpforms-205-field_2-error\" ><\/textarea><\/div><\/div><!-- .wpforms-field-container --><div class=\"wpforms-recaptcha-container wpforms-is-recaptcha wpforms-is-recaptcha-type-v3\" ><input type=\"hidden\" name=\"wpforms[recaptcha]\" value=\"\"><\/div><div class=\"wpforms-submit-container\" ><input type=\"hidden\" name=\"wpforms[id]\" value=\"205\"><input type=\"hidden\" name=\"page_title\" value=\"\"><input type=\"hidden\" name=\"page_url\" value=\"https:\/\/www.eskamarket.com\/es\/wp-json\/wp\/v2\/pages\/1592\"><input type=\"hidden\" name=\"url_referer\" value=\"\"><button type=\"submit\" name=\"wpforms[submit]\" id=\"wpforms-submit-205\" class=\"wpforms-submit\" data-alt-text=\"G\u00f6nderiliyor...\" data-submit-text=\"G\u00f6nder\" aria-live=\"assertive\" value=\"wpforms-submit\">G\u00f6nder<\/button><img loading=\"lazy\" decoding=\"async\" src=\"https:\/\/www.eskamarket.com\/wp-content\/plugins\/wpforms-lite\/assets\/images\/submit-spin.svg\" class=\"wpforms-submit-spinner\" style=\"display: none;\" width=\"26\" height=\"26\" alt=\"Cargando\"><\/div><\/form><\/div>  <!-- .wpforms-container -->\n","protected":false},"excerpt":{"rendered":"<p>eskamarket.com Servicios de informaci\u00f3n y consultor\u00eda de Eska Alsu Ayano\u011flu Direcci\u00f3n de correspondencia: G\u00f6lc\u00fckler Mahallesi Narin Sokak No:8\/4 35471 Menderes Izmir T\u00fcrkiye Tel\u00e9fono: +90 554 770 70 90 M\u00f3vil: +90 554 770 70 90 Correo electr\u00f3nico:destek@eskamarket.com<\/p>\n","protected":false},"author":1,"featured_media":0,"parent":0,"menu_order":0,"comment_status":"closed","ping_status":"closed","template":"","meta":{"_joinchat":[],"footnotes":""},"class_list":["post-1592","page","type-page","status-publish","hentry"],"yoast_head":"<!-- This site is optimized with the Yoast SEO plugin v27.3 - https:\/\/yoast.com\/product\/yoast-seo-wordpress\/ -->\n<title>Comunicaci\u00f3n - eskamarket<\/title>\n<meta name=\"robots\" content=\"index, follow, max-snippet:-1, max-image-preview:large, max-video-preview:-1\" \/>\n<link rel=\"canonical\" href=\"https:\/\/www.eskamarket.com\/es\/comunicacion\/\" \/>\n<meta property=\"og:locale\" content=\"es_ES\" \/>\n<meta property=\"og:type\" content=\"article\" \/>\n<meta property=\"og:title\" content=\"Comunicaci\u00f3n - eskamarket\" \/>\n<meta property=\"og:description\" content=\"eskamarket.com Servicios de informaci\u00f3n y consultor\u00eda de Eska Alsu Ayano\u011flu Direcci\u00f3n de correspondencia: G\u00f6lc\u00fckler Mahallesi Narin Sokak No:8\/4 35471 Menderes Izmir T\u00fcrkiye Tel\u00e9fono: +90 554 770 70 90 M\u00f3vil: +90 554 770 70 90 Correo electr\u00f3nico:destek@eskamarket.com\" \/>\n<meta property=\"og:url\" content=\"https:\/\/www.eskamarket.com\/es\/comunicacion\/\" \/>\n<meta property=\"og:site_name\" content=\"eskamarket\" \/>\n<meta property=\"article:modified_time\" content=\"2025-04-24T12:09:03+00:00\" \/>\n<meta name=\"twitter:card\" content=\"summary_large_image\" \/>\n<script type=\"application\/ld+json\" class=\"yoast-schema-graph\">{\"@context\":\"https:\\\/\\\/schema.org\",\"@graph\":[{\"@type\":\"WebPage\",\"@id\":\"https:\\\/\\\/www.eskamarket.com\\\/es\\\/comunicacion\\\/\",\"url\":\"https:\\\/\\\/www.eskamarket.com\\\/es\\\/comunicacion\\\/\",\"name\":\"Comunicaci\u00f3n - eskamarket\",\"isPartOf\":{\"@id\":\"https:\\\/\\\/www.eskamarket.com\\\/es\\\/#website\"},\"datePublished\":\"2023-05-06T18:09:13+00:00\",\"dateModified\":\"2025-04-24T12:09:03+00:00\",\"breadcrumb\":{\"@id\":\"https:\\\/\\\/www.eskamarket.com\\\/es\\\/comunicacion\\\/#breadcrumb\"},\"inLanguage\":\"es\",\"potentialAction\":[{\"@type\":\"ReadAction\",\"target\":[\"https:\\\/\\\/www.eskamarket.com\\\/es\\\/comunicacion\\\/\"]}]},{\"@type\":\"BreadcrumbList\",\"@id\":\"https:\\\/\\\/www.eskamarket.com\\\/es\\\/comunicacion\\\/#breadcrumb\",\"itemListElement\":[{\"@type\":\"ListItem\",\"position\":1,\"name\":\"Anasayfa\",\"item\":\"https:\\\/\\\/www.eskamarket.com\\\/es\\\/pagina-de-inicio\\\/\"},{\"@type\":\"ListItem\",\"position\":2,\"name\":\"Comunicaci\u00f3n\"}]},{\"@type\":\"WebSite\",\"@id\":\"https:\\\/\\\/www.eskamarket.com\\\/es\\\/#website\",\"url\":\"https:\\\/\\\/www.eskamarket.com\\\/es\\\/\",\"name\":\"eskamarket\",\"description\":\"Katk\u0131 Maddeleri ve Hammaddeler\",\"potentialAction\":[{\"@type\":\"SearchAction\",\"target\":{\"@type\":\"EntryPoint\",\"urlTemplate\":\"https:\\\/\\\/www.eskamarket.com\\\/es\\\/?s={search_term_string}\"},\"query-input\":{\"@type\":\"PropertyValueSpecification\",\"valueRequired\":true,\"valueName\":\"search_term_string\"}}],\"inLanguage\":\"es\"}]}<\/script>\n<!-- \/ Yoast SEO plugin. -->","yoast_head_json":{"title":"Comunicaci\u00f3n - eskamarket","robots":{"index":"index","follow":"follow","max-snippet":"max-snippet:-1","max-image-preview":"max-image-preview:large","max-video-preview":"max-video-preview:-1"},"canonical":"https:\/\/www.eskamarket.com\/es\/comunicacion\/","og_locale":"es_ES","og_type":"article","og_title":"Comunicaci\u00f3n - eskamarket","og_description":"eskamarket.com Servicios de informaci\u00f3n y consultor\u00eda de Eska Alsu Ayano\u011flu Direcci\u00f3n de correspondencia: G\u00f6lc\u00fckler Mahallesi Narin Sokak No:8\/4 35471 Menderes Izmir T\u00fcrkiye Tel\u00e9fono: +90 554 770 70 90 M\u00f3vil: +90 554 770 70 90 Correo electr\u00f3nico:destek@eskamarket.com","og_url":"https:\/\/www.eskamarket.com\/es\/comunicacion\/","og_site_name":"eskamarket","article_modified_time":"2025-04-24T12:09:03+00:00","twitter_card":"summary_large_image","schema":{"@context":"https:\/\/schema.org","@graph":[{"@type":"WebPage","@id":"https:\/\/www.eskamarket.com\/es\/comunicacion\/","url":"https:\/\/www.eskamarket.com\/es\/comunicacion\/","name":"Comunicaci\u00f3n - eskamarket","isPartOf":{"@id":"https:\/\/www.eskamarket.com\/es\/#website"},"datePublished":"2023-05-06T18:09:13+00:00","dateModified":"2025-04-24T12:09:03+00:00","breadcrumb":{"@id":"https:\/\/www.eskamarket.com\/es\/comunicacion\/#breadcrumb"},"inLanguage":"es","potentialAction":[{"@type":"ReadAction","target":["https:\/\/www.eskamarket.com\/es\/comunicacion\/"]}]},{"@type":"BreadcrumbList","@id":"https:\/\/www.eskamarket.com\/es\/comunicacion\/#breadcrumb","itemListElement":[{"@type":"ListItem","position":1,"name":"Anasayfa","item":"https:\/\/www.eskamarket.com\/es\/pagina-de-inicio\/"},{"@type":"ListItem","position":2,"name":"Comunicaci\u00f3n"}]},{"@type":"WebSite","@id":"https:\/\/www.eskamarket.com\/es\/#website","url":"https:\/\/www.eskamarket.com\/es\/","name":"eskamarket","description":"Katk\u0131 Maddeleri ve Hammaddeler","potentialAction":[{"@type":"SearchAction","target":{"@type":"EntryPoint","urlTemplate":"https:\/\/www.eskamarket.com\/es\/?s={search_term_string}"},"query-input":{"@type":"PropertyValueSpecification","valueRequired":true,"valueName":"search_term_string"}}],"inLanguage":"es"}]}},"_links":{"self":[{"href":"https:\/\/www.eskamarket.com\/es\/wp-json\/wp\/v2\/pages\/1592","targetHints":{"allow":["GET"]}}],"collection":[{"href":"https:\/\/www.eskamarket.com\/es\/wp-json\/wp\/v2\/pages"}],"about":[{"href":"https:\/\/www.eskamarket.com\/es\/wp-json\/wp\/v2\/types\/page"}],"author":[{"embeddable":true,"href":"https:\/\/www.eskamarket.com\/es\/wp-json\/wp\/v2\/users\/1"}],"replies":[{"embeddable":true,"href":"https:\/\/www.eskamarket.com\/es\/wp-json\/wp\/v2\/comments?post=1592"}],"version-history":[{"count":2,"href":"https:\/\/www.eskamarket.com\/es\/wp-json\/wp\/v2\/pages\/1592\/revisions"}],"predecessor-version":[{"id":1594,"href":"https:\/\/www.eskamarket.com\/es\/wp-json\/wp\/v2\/pages\/1592\/revisions\/1594"}],"wp:attachment":[{"href":"https:\/\/www.eskamarket.com\/es\/wp-json\/wp\/v2\/media?parent=1592"}],"curies":[{"name":"wp","href":"https:\/\/api.w.org\/{rel}","templated":true}]}}