{"id":746,"date":"2023-05-06T22:04:03","date_gmt":"2023-05-06T19:04:03","guid":{"rendered":"https:\/\/www.eskamarket.com\/urun\/french-baguette-bread-improver-25-kg\/"},"modified":"2025-08-25T00:22:16","modified_gmt":"2025-08-24T21:22:16","slug":"french-baguette-bread-improver-25-kg","status":"publish","type":"product","link":"https:\/\/www.eskamarket.com\/en\/urun\/french-baguette-bread-improver-25-kg\/","title":{"rendered":"French Baguette Bread Developer 20 KG"},"content":{"rendered":"<h1><strong>French Baguette Bread Developer 20 KG<\/strong><\/h1>\n<p><strong>French Baguette Bread Improver<\/strong> is specially formulated to ensure high quality in the production of traditional French baguette breads. Ideal for use in industrial and semi-industrial bakeries, it helps you achieve the perfect crust, internal structure and gloss in baguette breads. It optimizes efficiency and improves your production process by increasing water lifting capacity.  <\/p>\n<hr>\n<h2><strong>Product Features<\/strong><\/h2>\n<ul>\n<li><strong>Appearance<\/strong> Crystalline, powdery white in color.<\/li>\n<li><strong>Amount of Use:<\/strong> 2-3% of the total amount of the dough should be used.<\/li>\n<li><strong>Packaging Type:<\/strong> Presented in 20 kg cardboard boxes.<\/li>\n<\/ul>\n<hr>\n<h2><strong>Areas of Use and Advantages<\/strong><\/h2>\n<p><strong>The French Baguette Bread Improver<\/strong> is an indispensable solution for the production of baguette breads, both for its quality-enhancing properties and the convenience it brings to the production process.<\/p>\n<h4><strong>1. Improving the Shell and Internal Structure<\/strong><\/h4>\n<ul>\n<li><strong>Crust Structure:<\/strong> Makes the outer crust of bread crispy and homogeneous.<\/li>\n<li><strong>Internal Structure:<\/strong> Creates a light, porous and airy internal structure.<\/li>\n<\/ul>\n<h4><strong>2. Attractive Bright Color<\/strong><\/h4>\n<ul>\n<li>It allows you to produce baguette breads with the desired shiny and golden color. This increases the visual appeal of the breads, attracting consumer interest. <\/li>\n<\/ul>\n<h4><strong>3. Efficiency and Water Lifting Capacity<\/strong><\/h4>\n<ul>\n<li><strong>Increases Water Lifting Capacity:<\/strong> Allows the dough to take up more water, increasing bread production quantity and optimizing costs.<\/li>\n<li><strong>Production Efficiency:<\/strong> Provides high efficiency in the production of frozen baguette breads and varieties.<\/li>\n<\/ul>\n<h4><strong>4. Flexible Use<\/strong><\/h4>\n<ul>\n<li>Can be used in industrial and semi-industrial production processes. Especially effective in frozen baguette breads. <\/li>\n<\/ul>\n<hr>\n<h2><strong>How to Use the French Baguette Bread Improver?<\/strong><\/h2>\n<ul>\n<li><strong>Instructions for use:<\/strong><br \/>\nFrench Baguette Bread Enhancer gives best results when used at 2-3% of the total weight of the dough. The product is easily applied by direct addition to the dough mix. <\/li>\n<li><strong>Storage Conditions:<\/strong><br \/>\nThe product should be stored in a cool and dry place. It should not be exposed to direct sunlight and should be hermetically protected after opening the package. <\/li>\n<\/ul>\n<hr>\n<h2><strong>Technological Advantages<\/strong><\/h2>\n<ol>\n<li><strong>Visual and Structural Quality:<\/strong>\n<ul>\n<li>It helps you get shiny and golden bread.<\/li>\n<li>It makes the crust of the bread uniformly crispy.<\/li>\n<\/ul>\n<\/li>\n<li><strong>Cost and Efficiency:<\/strong>\n<ul>\n<li>It increases the water lifting capacity and enables more economical use of the dough.<\/li>\n<li>Optimizes the production process and increases production capacity.<\/li>\n<\/ul>\n<\/li>\n<li><strong>Excellent Performance on Frozen Products:<\/strong>\n<ul>\n<li>Maintains texture and crust stability in frozen baguette breads and prevents volume loss during baking.<\/li>\n<\/ul>\n<\/li>\n<\/ol>\n<hr>\n<h2><strong>Excellent Performance in French Baguette Production<\/strong><\/h2>\n<p><strong>French Baguette Bread Improver<\/strong> is the ideal product that solves all the challenges of baguette bread production. It perfectly delivers the key characteristics of baguette breads, such as crispy crust, light interior structure and glossy appearance. It optimizes your production processes and helps you produce eye-catching and delicious products for consumers.  <\/p>\n<p>For other bread improver products <strong><a href=\"https:\/\/www.eskamarket.com\/en\/urun-kategori\/baking\/bread-developers\/\" target=\"_new\" rel=\"noopener\">Our Bread Developers category<\/a><\/strong> you can visit.<\/p>\n","protected":false},"excerpt":{"rendered":"<p>French Baguette Bread Developer 20 KG French Baguette Bread Improver is specially formulated to ensure high quality in the production of traditional French baguette breads. Ideal for use in industrial and semi-industrial bakeries, it helps you achieve the perfect crust, internal structure and gloss in baguette breads. It optimizes efficiency and improves your production process [&#8230;]\n","protected":false},"featured_media":630,"comment_status":"open","ping_status":"closed","template":"","meta":{"_joinchat":[]},"product_brand":[],"product_cat":[49,54],"product_tag":[],"class_list":{"0":"post-746","1":"product","2":"type-product","3":"status-publish","4":"has-post-thumbnail","6":"product_cat-baking","7":"product_cat-bread-developers","9":"first","10":"instock","11":"taxable","12":"shipping-taxable","13":"purchasable","14":"product-type-simple"},"yoast_head":"<!-- This site is optimized with the Yoast SEO plugin v27.3 - https:\/\/yoast.com\/product\/yoast-seo-wordpress\/ -->\n<title>French Baguette Bread Developer 20 KG - eskamarket<\/title>\n<meta name=\"description\" content=\"French Baguette Bread Enhancer provides crispy crust, light internal structure and bright color. Improves productivity with 2-3% utilization rate.\" \/>\n<meta name=\"robots\" content=\"index, follow, max-snippet:-1, max-image-preview:large, max-video-preview:-1\" \/>\n<link rel=\"canonical\" href=\"https:\/\/www.eskamarket.com\/en\/urun\/french-baguette-bread-improver-25-kg\/\" \/>\n<meta property=\"og:locale\" content=\"en_US\" \/>\n<meta property=\"og:type\" content=\"article\" \/>\n<meta property=\"og:title\" content=\"French Baguette Bread Developer 20 KG - eskamarket\" \/>\n<meta property=\"og:description\" content=\"French Baguette Bread Enhancer provides crispy crust, light internal structure and bright color. Improves productivity with 2-3% utilization rate.\" \/>\n<meta property=\"og:url\" content=\"https:\/\/www.eskamarket.com\/en\/urun\/french-baguette-bread-improver-25-kg\/\" \/>\n<meta property=\"og:site_name\" content=\"eskamarket\" \/>\n<meta property=\"article:modified_time\" content=\"2025-08-24T21:22:16+00:00\" \/>\n<meta property=\"og:image\" content=\"https:\/\/www.eskamarket.com\/wp-content\/uploads\/2023\/05\/Fransiz-Baget-Baguette-Ekmegi-Gelistiricisi.jpg\" \/>\n\t<meta property=\"og:image:width\" content=\"1920\" \/>\n\t<meta property=\"og:image:height\" content=\"1440\" \/>\n\t<meta property=\"og:image:type\" content=\"image\/jpeg\" \/>\n<meta name=\"twitter:card\" content=\"summary_large_image\" \/>\n<meta name=\"twitter:label1\" content=\"Est. reading time\" \/>\n\t<meta name=\"twitter:data1\" content=\"2 minutes\" \/>\n<script type=\"application\/ld+json\" class=\"yoast-schema-graph\">{\"@context\":\"https:\\\/\\\/schema.org\",\"@graph\":[{\"@type\":\"WebPage\",\"@id\":\"https:\\\/\\\/www.eskamarket.com\\\/en\\\/urun\\\/french-baguette-bread-improver-25-kg\\\/\",\"url\":\"https:\\\/\\\/www.eskamarket.com\\\/en\\\/urun\\\/french-baguette-bread-improver-25-kg\\\/\",\"name\":\"French Baguette Bread Developer 20 KG - eskamarket\",\"isPartOf\":{\"@id\":\"https:\\\/\\\/www.eskamarket.com\\\/en\\\/#website\"},\"primaryImageOfPage\":{\"@id\":\"https:\\\/\\\/www.eskamarket.com\\\/en\\\/urun\\\/french-baguette-bread-improver-25-kg\\\/#primaryimage\"},\"image\":{\"@id\":\"https:\\\/\\\/www.eskamarket.com\\\/en\\\/urun\\\/french-baguette-bread-improver-25-kg\\\/#primaryimage\"},\"thumbnailUrl\":\"https:\\\/\\\/www.eskamarket.com\\\/wp-content\\\/uploads\\\/2023\\\/05\\\/Fransiz-Baget-Baguette-Ekmegi-Gelistiricisi.jpg\",\"datePublished\":\"2023-05-06T19:04:03+00:00\",\"dateModified\":\"2025-08-24T21:22:16+00:00\",\"description\":\"French Baguette Bread Enhancer provides crispy crust, light internal structure and bright color. Improves productivity with 2-3% utilization rate.\",\"breadcrumb\":{\"@id\":\"https:\\\/\\\/www.eskamarket.com\\\/en\\\/urun\\\/french-baguette-bread-improver-25-kg\\\/#breadcrumb\"},\"inLanguage\":\"en-US\",\"potentialAction\":[{\"@type\":\"ReadAction\",\"target\":[\"https:\\\/\\\/www.eskamarket.com\\\/en\\\/urun\\\/french-baguette-bread-improver-25-kg\\\/\"]}]},{\"@type\":\"ImageObject\",\"inLanguage\":\"en-US\",\"@id\":\"https:\\\/\\\/www.eskamarket.com\\\/en\\\/urun\\\/french-baguette-bread-improver-25-kg\\\/#primaryimage\",\"url\":\"https:\\\/\\\/www.eskamarket.com\\\/wp-content\\\/uploads\\\/2023\\\/05\\\/Fransiz-Baget-Baguette-Ekmegi-Gelistiricisi.jpg\",\"contentUrl\":\"https:\\\/\\\/www.eskamarket.com\\\/wp-content\\\/uploads\\\/2023\\\/05\\\/Fransiz-Baget-Baguette-Ekmegi-Gelistiricisi.jpg\",\"width\":1920,\"height\":1440,\"caption\":\"Frans\u0131z Baget (Baguette) Ekme\u011fi Geli\u015ftiricisi\"},{\"@type\":\"BreadcrumbList\",\"@id\":\"https:\\\/\\\/www.eskamarket.com\\\/en\\\/urun\\\/french-baguette-bread-improver-25-kg\\\/#breadcrumb\",\"itemListElement\":[{\"@type\":\"ListItem\",\"position\":1,\"name\":\"Anasayfa\",\"item\":\"https:\\\/\\\/www.eskamarket.com\\\/en\\\/homepage\\\/\"},{\"@type\":\"ListItem\",\"position\":2,\"name\":\"Shop\",\"item\":\"https:\\\/\\\/www.eskamarket.com\\\/en\\\/shop\\\/\"},{\"@type\":\"ListItem\",\"position\":3,\"name\":\"French Baguette Bread Developer 20 KG\"}]},{\"@type\":\"WebSite\",\"@id\":\"https:\\\/\\\/www.eskamarket.com\\\/en\\\/#website\",\"url\":\"https:\\\/\\\/www.eskamarket.com\\\/en\\\/\",\"name\":\"eskamarket\",\"description\":\"Katk\u0131 Maddeleri ve Hammaddeler\",\"potentialAction\":[{\"@type\":\"SearchAction\",\"target\":{\"@type\":\"EntryPoint\",\"urlTemplate\":\"https:\\\/\\\/www.eskamarket.com\\\/en\\\/?s={search_term_string}\"},\"query-input\":{\"@type\":\"PropertyValueSpecification\",\"valueRequired\":true,\"valueName\":\"search_term_string\"}}],\"inLanguage\":\"en-US\"}]}<\/script>\n<!-- \/ Yoast SEO plugin. -->","yoast_head_json":{"title":"French Baguette Bread Developer 20 KG - eskamarket","description":"French Baguette Bread Enhancer provides crispy crust, light internal structure and bright color. Improves productivity with 2-3% utilization rate.","robots":{"index":"index","follow":"follow","max-snippet":"max-snippet:-1","max-image-preview":"max-image-preview:large","max-video-preview":"max-video-preview:-1"},"canonical":"https:\/\/www.eskamarket.com\/en\/urun\/french-baguette-bread-improver-25-kg\/","og_locale":"en_US","og_type":"article","og_title":"French Baguette Bread Developer 20 KG - eskamarket","og_description":"French Baguette Bread Enhancer provides crispy crust, light internal structure and bright color. Improves productivity with 2-3% utilization rate.","og_url":"https:\/\/www.eskamarket.com\/en\/urun\/french-baguette-bread-improver-25-kg\/","og_site_name":"eskamarket","article_modified_time":"2025-08-24T21:22:16+00:00","og_image":[{"width":1920,"height":1440,"url":"https:\/\/www.eskamarket.com\/wp-content\/uploads\/2023\/05\/Fransiz-Baget-Baguette-Ekmegi-Gelistiricisi.jpg","type":"image\/jpeg"}],"twitter_card":"summary_large_image","twitter_misc":{"Est. reading time":"2 minutes"},"schema":{"@context":"https:\/\/schema.org","@graph":[{"@type":"WebPage","@id":"https:\/\/www.eskamarket.com\/en\/urun\/french-baguette-bread-improver-25-kg\/","url":"https:\/\/www.eskamarket.com\/en\/urun\/french-baguette-bread-improver-25-kg\/","name":"French Baguette Bread Developer 20 KG - eskamarket","isPartOf":{"@id":"https:\/\/www.eskamarket.com\/en\/#website"},"primaryImageOfPage":{"@id":"https:\/\/www.eskamarket.com\/en\/urun\/french-baguette-bread-improver-25-kg\/#primaryimage"},"image":{"@id":"https:\/\/www.eskamarket.com\/en\/urun\/french-baguette-bread-improver-25-kg\/#primaryimage"},"thumbnailUrl":"https:\/\/www.eskamarket.com\/wp-content\/uploads\/2023\/05\/Fransiz-Baget-Baguette-Ekmegi-Gelistiricisi.jpg","datePublished":"2023-05-06T19:04:03+00:00","dateModified":"2025-08-24T21:22:16+00:00","description":"French Baguette Bread Enhancer provides crispy crust, light internal structure and bright color. Improves productivity with 2-3% utilization rate.","breadcrumb":{"@id":"https:\/\/www.eskamarket.com\/en\/urun\/french-baguette-bread-improver-25-kg\/#breadcrumb"},"inLanguage":"en-US","potentialAction":[{"@type":"ReadAction","target":["https:\/\/www.eskamarket.com\/en\/urun\/french-baguette-bread-improver-25-kg\/"]}]},{"@type":"ImageObject","inLanguage":"en-US","@id":"https:\/\/www.eskamarket.com\/en\/urun\/french-baguette-bread-improver-25-kg\/#primaryimage","url":"https:\/\/www.eskamarket.com\/wp-content\/uploads\/2023\/05\/Fransiz-Baget-Baguette-Ekmegi-Gelistiricisi.jpg","contentUrl":"https:\/\/www.eskamarket.com\/wp-content\/uploads\/2023\/05\/Fransiz-Baget-Baguette-Ekmegi-Gelistiricisi.jpg","width":1920,"height":1440,"caption":"Frans\u0131z Baget (Baguette) Ekme\u011fi Geli\u015ftiricisi"},{"@type":"BreadcrumbList","@id":"https:\/\/www.eskamarket.com\/en\/urun\/french-baguette-bread-improver-25-kg\/#breadcrumb","itemListElement":[{"@type":"ListItem","position":1,"name":"Anasayfa","item":"https:\/\/www.eskamarket.com\/en\/homepage\/"},{"@type":"ListItem","position":2,"name":"Shop","item":"https:\/\/www.eskamarket.com\/en\/shop\/"},{"@type":"ListItem","position":3,"name":"French Baguette Bread Developer 20 KG"}]},{"@type":"WebSite","@id":"https:\/\/www.eskamarket.com\/en\/#website","url":"https:\/\/www.eskamarket.com\/en\/","name":"eskamarket","description":"Katk\u0131 Maddeleri ve Hammaddeler","potentialAction":[{"@type":"SearchAction","target":{"@type":"EntryPoint","urlTemplate":"https:\/\/www.eskamarket.com\/en\/?s={search_term_string}"},"query-input":{"@type":"PropertyValueSpecification","valueRequired":true,"valueName":"search_term_string"}}],"inLanguage":"en-US"}]}},"_links":{"self":[{"href":"https:\/\/www.eskamarket.com\/en\/wp-json\/wp\/v2\/product\/746","targetHints":{"allow":["GET"]}}],"collection":[{"href":"https:\/\/www.eskamarket.com\/en\/wp-json\/wp\/v2\/product"}],"about":[{"href":"https:\/\/www.eskamarket.com\/en\/wp-json\/wp\/v2\/types\/product"}],"replies":[{"embeddable":true,"href":"https:\/\/www.eskamarket.com\/en\/wp-json\/wp\/v2\/comments?post=746"}],"wp:featuredmedia":[{"embeddable":true,"href":"https:\/\/www.eskamarket.com\/en\/wp-json\/wp\/v2\/media\/630"}],"wp:attachment":[{"href":"https:\/\/www.eskamarket.com\/en\/wp-json\/wp\/v2\/media?parent=746"}],"wp:term":[{"taxonomy":"product_brand","embeddable":true,"href":"https:\/\/www.eskamarket.com\/en\/wp-json\/wp\/v2\/product_brand?post=746"},{"taxonomy":"product_cat","embeddable":true,"href":"https:\/\/www.eskamarket.com\/en\/wp-json\/wp\/v2\/product_cat?post=746"},{"taxonomy":"product_tag","embeddable":true,"href":"https:\/\/www.eskamarket.com\/en\/wp-json\/wp\/v2\/product_tag?post=746"}],"curies":[{"name":"wp","href":"https:\/\/api.w.org\/{rel}","templated":true}]}}