{"id":1267,"date":"2023-05-06T20:50:35","date_gmt":"2023-05-06T17:50:35","guid":{"rendered":"https:\/\/www.eskamarket.com\/urun\/pilz-hemicellulase-enzym-25-kg\/"},"modified":"2025-09-06T13:05:36","modified_gmt":"2025-09-06T10:05:36","slug":"pilz-hemicellulase-enzym-25-kg","status":"publish","type":"product","link":"https:\/\/www.eskamarket.com\/de\/urun\/pilz-hemicellulase-enzym-25-kg\/","title":{"rendered":"Fungales Hemicellulase-Enzym 20 KG"},"content":{"rendered":"<h1><strong>Fungales Hemicellulase-Enzym 20 KG<\/strong><\/h1>\n<p><b>PRODUKTNAME: Fungales Hemicellulase-Enzym<\/b><\/p>\n<p><span style=\"font-weight: 400;\"><strong>KLASSE: <\/strong>Enzym<\/span><\/p>\n<p><span style=\"font-weight: 400;\"><strong>DEFINITION UND INHALT:<\/strong><br \/>Fungale Hemicellulase ist ein aus Pilzen gewonnenes Enzym und ist insbesondere daf\u00fcr verantwortlich, komplexe Kohlenhydrate namens Hemicellulose abzubauen, die in den Pflanzenzellw\u00e4nden vorkommen.<\/span><\/p>\n<p><span style=\"font-weight: 400;\">Hemicellulose ist ein wichtiger Bestandteil der pflanzlichen Zellw\u00e4nde und kommt zusammen mit anderen Komponenten wie Cellulose und Lignin vor. Hemicellulase-Enzyme bauen diese komplexen Strukturen ab und erm\u00f6glichen ihre Aufl\u00f6sung in einzelne Zuckereinheiten. <\/span><\/p>\n<p><span style=\"font-weight: 400;\"><strong>AUSSEHEN:<\/strong><br \/>Hell- bis dunkelgelbe Substanz<\/span><\/p>\n<p><span style=\"font-weight: 400;\"><strong>L\u00d6SLICHKEIT:<\/strong><br \/>In Wasser l\u00f6slich.<\/span><\/p>\n<p><span style=\"font-weight: 400;\"><strong>VERPACKUNG:<\/strong><br \/>20-kg-Kartonverpackung<\/span><\/p>\n<p>&nbsp;<\/p>\n<p><strong>Fungales Hemicellulase-Enzym und seine Bedeutung in der Brotherstellung<\/strong><\/p>\n<p><span style=\"font-weight: 400;\">Das in der Brotherstellung verwendete fungale Hemicellulase-Enzym spielt insbesondere eine wichtige Rolle bei der Verbesserung der Teigverarbeitbarkeit, der Erh\u00f6hung der Wasseraufnahmef\u00e4higkeit und der Steigerung der Brotqualit\u00e4t. In diesem Artikel werden die verschiedenen Wirkungen der fungalen Hemicellulase in der Brotherstellung sowie die richtigen Dosierungsmethoden behandelt. <\/span><\/p>\n<p><strong>Eigenschaften der fungalen Hemicellulase:<\/strong><\/p>\n<p><span style=\"font-weight: 400;\">Das fungale Hemicellulase-Enzym interagiert mit Gluten und Wasser und erh\u00f6ht dadurch die Elastizit\u00e4t des Teigs. Diese Eigenschaft erleichtert die Verarbeitung des Teigs und tr\u00e4gt dazu bei, die gew\u00fcnschten Textureigenschaften im Endprodukt zu erreichen. Gleichzeitig verbessert es die Brotqualit\u00e4t, indem es die Wasseraufnahmef\u00e4higkeit des Teigs erh\u00f6ht.  <\/span><\/p>\n<p><strong>Auswirkungen auf das Brot:<\/strong><\/p>\n<p><span style=\"font-weight: 400;\"><strong>Oberfl\u00e4chenfeuchtigkeit und Verarbeitbarkeit:<\/strong><br \/>Fungale Hemicellulase erh\u00f6ht die Oberfl\u00e4chenfeuchtigkeit des Teigs, was eine bessere Entwicklung erm\u00f6glicht und die Verarbeitbarkeit des Teigs verbessert. Dies optimiert den Brotproduktionsprozess. <\/span><\/p>\n<p><span style=\"font-weight: 400;\"><strong>Gasr\u00fcckhaltung und Volumen:<\/strong><br \/>Sorgt daf\u00fcr, dass die beim Backen entstehenden Gase im Teig gehalten werden, und vergr\u00f6\u00dfert dadurch das Brotvolumen. So erh\u00e4lt das Brot ein luftigeres und ansprechenderes Aussehen. <\/span><\/p>\n<p><span style=\"font-weight: 400;\"><strong>Kruste und Porenstruktur:<\/strong><br \/>Fungale Hemicellulase macht die Brotkruste d\u00fcnn und knusprig. Gleichzeitig reguliert sie die innere Porenstruktur und verbessert so die Brotqualit\u00e4t. <\/span><\/p>\n<p><span style=\"font-weight: 400;\"><strong>Schneidbarkeit und innere Weichheit:<\/strong><br \/>Die im Brot enthaltene fungale Hemicellulase sorgt beim Schneiden f\u00fcr gleichm\u00e4\u00dfigere Schnitte und macht die Krume weicher. Dies erf\u00fcllt die Qualit\u00e4tsstandards, die der Verbraucher von Brot erwartet. <\/span><\/p>\n<p><strong>Dosierung:<\/strong><\/p>\n<p><span style=\"font-weight: 400;\">Die richtige Dosierung von fungaler Hemicellulase liegt in der Regel zwischen 0,5 \u2013 2,0 g pro 50 kg Mehl. In spezifischen Anwendungen sollte die Einsatzmenge jedoch durch Tests bestimmt werden. Da jede Produktion unterschiedliche Teigeigenschaften, Mehlsorten und Herstellungsprozesse aufweist, ist die Festlegung der optimalen Dosierung von gro\u00dfer Bedeutung.  <\/span><\/p>\n<p><span style=\"font-weight: 400;\">Das fungale Hemicellulase-Enzym tritt als ein wichtiger Bestandteil in der Brotherstellung hervor. Dieses Enzym bietet eine Reihe positiver Effekte \u2013 von der Teigverarbeitung bis hin zum Backprozess \u2013 und tr\u00e4gt somit zur Herstellung von qualitativ hochwertigem und schmackhaftem Brot bei. Durch die richtige Dosierung werden die gew\u00fcnschten Eigenschaften in der Produktion erreicht und die Erwartungen der Verbraucher erf\u00fcllt.  <\/span><\/p>\n<p><span style=\"font-weight: 400;\"><strong>Funktionelle Eigenschaften:<\/strong><\/span><\/p>\n<p><span style=\"font-weight: 400;\"> Hemicellulose verf\u00fcgt \u00fcber einzigartige funktionelle Eigenschaften, darunter die F\u00e4higkeit zur Gelbildung und zur Verbesserung der Viskosit\u00e4t. In der M\u00fchlenindustrie k\u00f6nnen diese Eigenschaften wertvoll sein, um die Textur und die rheologischen Eigenschaften von Teigen oder anderen Mahlprodukten zu ver\u00e4ndern. <\/span><\/p>\n<p><span style=\"font-weight: 400;\"><strong>Wasseraufnahme:<\/strong><br \/>Hemicellulose besitzt die F\u00e4higkeit, Wasser zu absorbieren, was in Formulierungen, bei denen die Wasserr\u00fcckhaltung wichtig ist, von Vorteil sein kann. Diese Eigenschaft kann zur besseren Feuchtigkeitsspeicherung in Mahlprodukten beitragen. <\/span><\/p>\n<p><span style=\"font-weight: 400;\"><strong>Texturverbesserung:<\/strong><br \/>Hemicellulose kann zur allgemeinen Textur und zum Mundgef\u00fchl von Mahlprodukten beitragen. Sie kann potenziell die Weichheit, Kaubarkeit oder andere texturelle Eigenschaften von Backwaren verbessern. <\/span><\/p>\n<p><span style=\"font-weight: 400;\"><strong>Teigruhe:<\/strong><br \/>Bei der Herstellung von Backwaren, einschlie\u00dflich Brot und Feinbackwaren, werden bestimmte Zutaten zur Konditionierung des Teigs verwendet. Hemicellulose kann dabei als nat\u00fcrlicher Inhaltsstoff mit teigweichmachenden Eigenschaften in Betracht gezogen werden. <\/span><\/p>\n<p><span style=\"font-weight: 400;\"><strong>Erh\u00f6hung des N\u00e4hrwerts:<\/strong><br \/>Je nach Quelle und Zusammensetzung kann Hemicellulose Ballaststoffe enthalten. Wird in der M\u00fchlenindustrie fungale Hemicellulose eingesetzt, kann sie zum Ballaststoffgehalt der Endprodukte beitragen. <\/span><\/p>\n<p><span style=\"font-weight: 400;\"><strong>Glutenfreie Formulierungen:<\/strong><br \/>F\u00fcr glutenfreie Produkte werden h\u00e4ufig alternative Inhaltsstoffe gesucht, die die Struktur und Eigenschaften von Gluten nachahmen k\u00f6nnen. Aufgrund ihrer Gelbildungs- und Wasseraufnahmeeigenschaften kann Hemicellulose in solchen Formulierungen in Betracht gezogen werden. <\/span><\/p>\n<p><span style=\"font-weight: 400;\">Es ist wichtig zu beachten, dass die speziellen Anwendungen und Vorteile der fungalen Hemicellulose in der M\u00fchlenindustrie von den Eigenschaften der durch Pilze produzierten Hemicellulose sowie von den spezifischen Anforderungen der hergestellten Produkte abh\u00e4ngen. Die Forschung und Entwicklung in diesem Bereich wird fortgesetzt, und die industriellen Anwendungen k\u00f6nnen sich im Laufe der Zeit weiterentwickeln. <\/span><\/p>\n<p><span style=\"font-weight: 400;\">F\u00fcr die aktuellsten und detailliertesten Informationen \u00fcber den Einsatz fungaler Hemicellulose in der M\u00fchlenindustrie wird empfohlen, die neueste wissenschaftliche Literatur und Branchenpublikationen zu konsultieren oder Kontakt mit Fachleuten auf diesem Gebiet aufzunehmen.<\/span><\/p>\n","protected":false},"excerpt":{"rendered":"<p>Fungales Hemicellulase-Enzym 20 KG PRODUKTNAME: Fungales Hemicellulase-Enzym KLASSE: Enzym DEFINITION UND INHALT:Fungale Hemicellulase ist ein aus Pilzen gewonnenes Enzym und ist insbesondere daf\u00fcr verantwortlich, komplexe Kohlenhydrate namens Hemicellulose abzubauen, die in den Pflanzenzellw\u00e4nden vorkommen. Hemicellulose ist ein wichtiger Bestandteil der pflanzlichen Zellw\u00e4nde und kommt zusammen mit anderen Komponenten wie Cellulose und Lignin vor. Hemicellulase-Enzyme bauen [&#8230;]\n","protected":false},"featured_media":1270,"comment_status":"open","ping_status":"closed","template":"","meta":{"_joinchat":[]},"product_brand":[],"product_cat":[95,104],"product_tag":[],"class_list":{"0":"post-1267","1":"product","2":"type-product","3":"status-publish","4":"has-post-thumbnail","6":"product_cat-ekmekcilik-de","7":"product_cat-ekmekcilik-enzimleri-de","9":"first","10":"instock","11":"taxable","12":"shipping-taxable","13":"purchasable","14":"product-type-simple"},"_links":{"self":[{"href":"https:\/\/www.eskamarket.com\/de\/wp-json\/wp\/v2\/product\/1267","targetHints":{"allow":["GET"]}}],"collection":[{"href":"https:\/\/www.eskamarket.com\/de\/wp-json\/wp\/v2\/product"}],"about":[{"href":"https:\/\/www.eskamarket.com\/de\/wp-json\/wp\/v2\/types\/product"}],"replies":[{"embeddable":true,"href":"https:\/\/www.eskamarket.com\/de\/wp-json\/wp\/v2\/comments?post=1267"}],"wp:featuredmedia":[{"embeddable":true,"href":"https:\/\/www.eskamarket.com\/de\/wp-json\/wp\/v2\/media\/1270"}],"wp:attachment":[{"href":"https:\/\/www.eskamarket.com\/de\/wp-json\/wp\/v2\/media?parent=1267"}],"wp:term":[{"taxonomy":"product_brand","embeddable":true,"href":"https:\/\/www.eskamarket.com\/de\/wp-json\/wp\/v2\/product_brand?post=1267"},{"taxonomy":"product_cat","embeddable":true,"href":"https:\/\/www.eskamarket.com\/de\/wp-json\/wp\/v2\/product_cat?post=1267"},{"taxonomy":"product_tag","embeddable":true,"href":"https:\/\/www.eskamarket.com\/de\/wp-json\/wp\/v2\/product_tag?post=1267"}],"curies":[{"name":"wp","href":"https:\/\/api.w.org\/{rel}","templated":true}]}}