{"id":1247,"date":"2023-05-06T20:42:37","date_gmt":"2023-05-06T17:42:37","guid":{"rendered":"https:\/\/www.eskamarket.com\/urun\/datem-ersatz-enzym-mix-25-kg\/"},"modified":"2025-09-06T12:19:09","modified_gmt":"2025-09-06T09:19:09","slug":"datem-ersatz-enzym-mix-25-kg","status":"publish","type":"product","link":"https:\/\/www.eskamarket.com\/de\/urun\/datem-ersatz-enzym-mix-25-kg\/","title":{"rendered":"DATEM-Ersatz (Replacer) Enzym-Mix 25 KG"},"content":{"rendered":"<h1><strong>DATEM-Ersatz (Replacer) Enzym-Mix 25 KG<\/strong><\/h1>\n<p><strong>DATEM-Ersatz (Replacer) Enzym-Mix <\/strong>ist eine spezielle Mischung, die insbesondere als Ersatz f\u00fcr DATEM (Diacetylweins\u00e4ureester von Mono- und Diglyceriden von Fetts\u00e4uren) eingesetzt wird und die Teigeigenschaften bei der Backwarenherstellung verbessert. Die in dieser Enzymmischung enthaltenen Komponenten erh\u00f6hen die Struktur und Stabilit\u00e4t des Teigs und bieten gleichzeitig Kosteneinsparungen. <\/p>\n<p><strong>Aussehen:<\/strong><br \/>Wei\u00dfes bis cremefarbenes Pulver<br \/>\n<strong>Inhaltsstoffe:<\/strong><br \/>Enzyme, Mehl und Ascorbins\u00e4ure (E300)<br \/>\n<strong>Verpackungsform:<\/strong><br \/>25-kg-Kartonverpackung<\/p>\n<hr>\n<h2><strong>Anwendungsbereiche des DATEM-Ersatzes (Replacer) Enzym-Mix<\/strong><\/h2>\n<p>Der DATEM-Ersatz kann <strong>wirksam in Weizenbrotanwendungen <\/strong>und in allen Backwaren eingesetzt werden, in denen DATEM verwendet wird: <\/p>\n<ol>\n<li><strong>Br\u00f6tchen:<\/strong><br \/>Sorgt f\u00fcr mehr Weichheit und Volumen.<\/li>\n<li><strong>Baguettebrote:<\/strong><br \/>Verbessert die Krustenstruktur und erh\u00f6ht das Volumen.<\/li>\n<li><strong>Sandwichbrote:<\/strong><br \/>Tr\u00e4gt zu einer homogeneren Struktur bei.<\/li>\n<li><strong>Croissants:<\/strong><br \/>Unterst\u00fctzt die Schichtstruktur und erleichtert die Teigverarbeitung.<\/li>\n<li><strong>M\u00fchlen und B\u00e4ckereien:<\/strong><br \/>Bietet Kosteneffizienz bei gro\u00df angelegten Produktionen.<\/li>\n<\/ol>\n<hr>\n<h2><strong>Vorteile<\/strong><\/h2>\n<ul>\n<li><strong>Verbesserung der Teigst\u00e4rke:<\/strong><br \/>St\u00e4rkt das Glutennetzwerk und erh\u00f6ht die Elastizit\u00e4t des Teigs.<\/li>\n<li><strong>Verringerung der Klebrigkeit:<\/strong><br \/>Erm\u00f6glicht eine leichtere Formgebung w\u00e4hrend der Teigverarbeitung.<\/li>\n<li><strong>Fermentationstoleranz:<\/strong><br \/>Bietet eine bessere Gasr\u00fcckhaltung und Stabilit\u00e4t w\u00e4hrend der Fermentation.<\/li>\n<li><strong>Erh\u00f6hung des Brotvolumens:<\/strong><br \/>Liefert hervorragende Ergebnisse, selbst bei schwachen Mehlen.<\/li>\n<li><strong>Kostenvorteil:<\/strong><br \/>Bietet die gleiche Leistung bei 10\u201320 % geringerer Einsatzmenge im Vergleich zur Verwendung von DATEM.<\/li>\n<\/ul>\n<hr>\n<h2><strong>Verwendungsdosierung<\/strong><\/h2>\n<ul>\n<li>Durch den Einsatz von <strong>100\u2013300 ppm <\/strong>kann ein 100%iger Ersatz von DATEM erreicht werden.<\/li>\n<li>Durch die Verwendung <strong>von 1\/10\u20131\/20 der DATEM<\/strong>-Menge werden erhebliche Kosteneinsparungen erzielt.<\/li>\n<\/ul>\n<hr>\n<h2><strong>Kombination<\/strong><\/h2>\n<ul>\n<li>Der DATEM-Ersatz-Enzym-Mix kann leicht mit anderen Zusatzstoffen kombiniert werden und bietet so eine kompatible L\u00f6sung f\u00fcr verschiedene Backwaren.<\/li>\n<\/ul>\n<hr>\n<h3><strong>Zus\u00e4tzliche Informationen<\/strong><\/h3>\n<p><strong>Der DATEM-Ersatz <\/strong>wurde speziell als L\u00f6sung zur Verbesserung der Leistung schwacher Mehle entwickelt. Er verl\u00e4ngert die Haltbarkeit der Produkte und tr\u00e4gt zur Herstellung von Broten mit homogener Struktur bei. Zudem unterst\u00fctzt er bei schichtweisen Produkten wie Croissants die Flexibilit\u00e4t und die Texturqualit\u00e4t.  <\/p>\n<hr>\n<p>F\u00fcr weitere Informationen \u00fcber andere Zusatzstoffe, die in der Backwarenherstellung verwendet werden, besuchen Sie bitte <a href=\"https:\/\/www.eskamarket.com\/de\/urun-kategori\/ekmekcilik-de\/hammaddeler-de\/\" target=\"_new\" rel=\"noopener\">unsere Rohstoffkategorie. <\/a><\/p>\n","protected":false},"excerpt":{"rendered":"<p>DATEM-Ersatz (Replacer) Enzym-Mix 25 KG DATEM-Ersatz (Replacer) Enzym-Mix ist eine spezielle Mischung, die insbesondere als Ersatz f\u00fcr DATEM (Diacetylweins\u00e4ureester von Mono- und Diglyceriden von Fetts\u00e4uren) eingesetzt wird und die Teigeigenschaften bei der Backwarenherstellung verbessert. Die in dieser Enzymmischung enthaltenen Komponenten erh\u00f6hen die Struktur und Stabilit\u00e4t des Teigs und bieten gleichzeitig Kosteneinsparungen. Aussehen:Wei\u00dfes bis cremefarbenes Pulver [&#8230;]\n","protected":false},"featured_media":1250,"comment_status":"open","ping_status":"closed","template":"","meta":{"_joinchat":[]},"product_brand":[],"product_cat":[95,99],"product_tag":[],"class_list":{"0":"post-1247","1":"product","2":"type-product","3":"status-publish","4":"has-post-thumbnail","6":"product_cat-ekmekcilik-de","7":"product_cat-hammaddeler-de","9":"first","10":"instock","11":"taxable","12":"shipping-taxable","13":"purchasable","14":"product-type-simple"},"yoast_head":"<!-- This site is optimized with the Yoast SEO plugin v27.3 - https:\/\/yoast.com\/product\/yoast-seo-wordpress\/ -->\n<title>DATEM-Ersatz (Replacer) Enzym-Mix 25 KG - eskamarket<\/title>\n<meta name=\"description\" content=\"Der DATEM-Ersatz (Replacer) Enzym-Mix erh\u00f6ht die Teigst\u00e4rke, reduziert die Klebrigkeit in Backwaren und bietet eine kosteneffiziente Alternative zu DATEM.\" \/>\n<meta name=\"robots\" content=\"index, follow, max-snippet:-1, max-image-preview:large, max-video-preview:-1\" \/>\n<link rel=\"canonical\" href=\"https:\/\/www.eskamarket.com\/de\/urun\/datem-ersatz-enzym-mix-25-kg\/\" \/>\n<meta property=\"og:locale\" content=\"de_DE\" \/>\n<meta property=\"og:type\" content=\"article\" \/>\n<meta property=\"og:title\" content=\"DATEM-Ersatz (Replacer) Enzym-Mix 25 KG - eskamarket\" \/>\n<meta property=\"og:description\" content=\"Der DATEM-Ersatz (Replacer) Enzym-Mix erh\u00f6ht die Teigst\u00e4rke, reduziert die Klebrigkeit in Backwaren und bietet eine kosteneffiziente Alternative zu DATEM.\" \/>\n<meta property=\"og:url\" content=\"https:\/\/www.eskamarket.com\/de\/urun\/datem-ersatz-enzym-mix-25-kg\/\" \/>\n<meta property=\"og:site_name\" content=\"eskamarket\" \/>\n<meta property=\"article:modified_time\" content=\"2025-09-06T09:19:09+00:00\" \/>\n<meta property=\"og:image\" content=\"https:\/\/www.eskamarket.com\/wp-content\/uploads\/2023\/05\/Datem-Ikame-Replacer-Enzim-Miksi.jpg\" \/>\n\t<meta property=\"og:image:width\" content=\"1920\" \/>\n\t<meta property=\"og:image:height\" content=\"1440\" \/>\n\t<meta property=\"og:image:type\" content=\"image\/jpeg\" \/>\n<meta name=\"twitter:card\" content=\"summary_large_image\" \/>\n<meta name=\"twitter:label1\" content=\"Gesch\u00e4tzte Lesezeit\" \/>\n\t<meta name=\"twitter:data1\" content=\"2\u00a0Minuten\" \/>\n<script type=\"application\/ld+json\" class=\"yoast-schema-graph\">{\"@context\":\"https:\\\/\\\/schema.org\",\"@graph\":[{\"@type\":\"WebPage\",\"@id\":\"https:\\\/\\\/www.eskamarket.com\\\/de\\\/urun\\\/datem-ersatz-enzym-mix-25-kg\\\/\",\"url\":\"https:\\\/\\\/www.eskamarket.com\\\/de\\\/urun\\\/datem-ersatz-enzym-mix-25-kg\\\/\",\"name\":\"DATEM-Ersatz (Replacer) Enzym-Mix 25 KG - eskamarket\",\"isPartOf\":{\"@id\":\"https:\\\/\\\/www.eskamarket.com\\\/de\\\/#website\"},\"primaryImageOfPage\":{\"@id\":\"https:\\\/\\\/www.eskamarket.com\\\/de\\\/urun\\\/datem-ersatz-enzym-mix-25-kg\\\/#primaryimage\"},\"image\":{\"@id\":\"https:\\\/\\\/www.eskamarket.com\\\/de\\\/urun\\\/datem-ersatz-enzym-mix-25-kg\\\/#primaryimage\"},\"thumbnailUrl\":\"https:\\\/\\\/www.eskamarket.com\\\/wp-content\\\/uploads\\\/2023\\\/05\\\/Datem-Ikame-Replacer-Enzim-Miksi.jpg\",\"datePublished\":\"2023-05-06T17:42:37+00:00\",\"dateModified\":\"2025-09-06T09:19:09+00:00\",\"description\":\"Der DATEM-Ersatz (Replacer) Enzym-Mix erh\u00f6ht die Teigst\u00e4rke, reduziert die Klebrigkeit in Backwaren und bietet eine kosteneffiziente Alternative zu DATEM.\",\"breadcrumb\":{\"@id\":\"https:\\\/\\\/www.eskamarket.com\\\/de\\\/urun\\\/datem-ersatz-enzym-mix-25-kg\\\/#breadcrumb\"},\"inLanguage\":\"de\",\"potentialAction\":[{\"@type\":\"ReadAction\",\"target\":[\"https:\\\/\\\/www.eskamarket.com\\\/de\\\/urun\\\/datem-ersatz-enzym-mix-25-kg\\\/\"]}]},{\"@type\":\"ImageObject\",\"inLanguage\":\"de\",\"@id\":\"https:\\\/\\\/www.eskamarket.com\\\/de\\\/urun\\\/datem-ersatz-enzym-mix-25-kg\\\/#primaryimage\",\"url\":\"https:\\\/\\\/www.eskamarket.com\\\/wp-content\\\/uploads\\\/2023\\\/05\\\/Datem-Ikame-Replacer-Enzim-Miksi.jpg\",\"contentUrl\":\"https:\\\/\\\/www.eskamarket.com\\\/wp-content\\\/uploads\\\/2023\\\/05\\\/Datem-Ikame-Replacer-Enzim-Miksi.jpg\",\"width\":1920,\"height\":1440,\"caption\":\"Datem \u0130kame (Replacer) Enzim Miksi\"},{\"@type\":\"BreadcrumbList\",\"@id\":\"https:\\\/\\\/www.eskamarket.com\\\/de\\\/urun\\\/datem-ersatz-enzym-mix-25-kg\\\/#breadcrumb\",\"itemListElement\":[{\"@type\":\"ListItem\",\"position\":1,\"name\":\"Anasayfa\",\"item\":\"https:\\\/\\\/www.eskamarket.com\\\/de\\\/homepage\\\/\"},{\"@type\":\"ListItem\",\"position\":2,\"name\":\"Shop\",\"item\":\"https:\\\/\\\/www.eskamarket.com\\\/shop\\\/\"},{\"@type\":\"ListItem\",\"position\":3,\"name\":\"DATEM-Ersatz (Replacer) Enzym-Mix 25 KG\"}]},{\"@type\":\"WebSite\",\"@id\":\"https:\\\/\\\/www.eskamarket.com\\\/de\\\/#website\",\"url\":\"https:\\\/\\\/www.eskamarket.com\\\/de\\\/\",\"name\":\"eskamarket\",\"description\":\"Katk\u0131 Maddeleri ve Hammaddeler\",\"potentialAction\":[{\"@type\":\"SearchAction\",\"target\":{\"@type\":\"EntryPoint\",\"urlTemplate\":\"https:\\\/\\\/www.eskamarket.com\\\/de\\\/?s={search_term_string}\"},\"query-input\":{\"@type\":\"PropertyValueSpecification\",\"valueRequired\":true,\"valueName\":\"search_term_string\"}}],\"inLanguage\":\"de\"}]}<\/script>\n<!-- \/ Yoast SEO plugin. -->","yoast_head_json":{"title":"DATEM-Ersatz (Replacer) Enzym-Mix 25 KG - eskamarket","description":"Der DATEM-Ersatz (Replacer) Enzym-Mix erh\u00f6ht die Teigst\u00e4rke, reduziert die Klebrigkeit in Backwaren und bietet eine kosteneffiziente Alternative zu DATEM.","robots":{"index":"index","follow":"follow","max-snippet":"max-snippet:-1","max-image-preview":"max-image-preview:large","max-video-preview":"max-video-preview:-1"},"canonical":"https:\/\/www.eskamarket.com\/de\/urun\/datem-ersatz-enzym-mix-25-kg\/","og_locale":"de_DE","og_type":"article","og_title":"DATEM-Ersatz (Replacer) Enzym-Mix 25 KG - eskamarket","og_description":"Der DATEM-Ersatz (Replacer) Enzym-Mix erh\u00f6ht die Teigst\u00e4rke, reduziert die Klebrigkeit in Backwaren und bietet eine kosteneffiziente Alternative zu DATEM.","og_url":"https:\/\/www.eskamarket.com\/de\/urun\/datem-ersatz-enzym-mix-25-kg\/","og_site_name":"eskamarket","article_modified_time":"2025-09-06T09:19:09+00:00","og_image":[{"width":1920,"height":1440,"url":"https:\/\/www.eskamarket.com\/wp-content\/uploads\/2023\/05\/Datem-Ikame-Replacer-Enzim-Miksi.jpg","type":"image\/jpeg"}],"twitter_card":"summary_large_image","twitter_misc":{"Gesch\u00e4tzte Lesezeit":"2\u00a0Minuten"},"schema":{"@context":"https:\/\/schema.org","@graph":[{"@type":"WebPage","@id":"https:\/\/www.eskamarket.com\/de\/urun\/datem-ersatz-enzym-mix-25-kg\/","url":"https:\/\/www.eskamarket.com\/de\/urun\/datem-ersatz-enzym-mix-25-kg\/","name":"DATEM-Ersatz (Replacer) Enzym-Mix 25 KG - eskamarket","isPartOf":{"@id":"https:\/\/www.eskamarket.com\/de\/#website"},"primaryImageOfPage":{"@id":"https:\/\/www.eskamarket.com\/de\/urun\/datem-ersatz-enzym-mix-25-kg\/#primaryimage"},"image":{"@id":"https:\/\/www.eskamarket.com\/de\/urun\/datem-ersatz-enzym-mix-25-kg\/#primaryimage"},"thumbnailUrl":"https:\/\/www.eskamarket.com\/wp-content\/uploads\/2023\/05\/Datem-Ikame-Replacer-Enzim-Miksi.jpg","datePublished":"2023-05-06T17:42:37+00:00","dateModified":"2025-09-06T09:19:09+00:00","description":"Der DATEM-Ersatz (Replacer) Enzym-Mix erh\u00f6ht die Teigst\u00e4rke, reduziert die Klebrigkeit in Backwaren und bietet eine kosteneffiziente Alternative zu DATEM.","breadcrumb":{"@id":"https:\/\/www.eskamarket.com\/de\/urun\/datem-ersatz-enzym-mix-25-kg\/#breadcrumb"},"inLanguage":"de","potentialAction":[{"@type":"ReadAction","target":["https:\/\/www.eskamarket.com\/de\/urun\/datem-ersatz-enzym-mix-25-kg\/"]}]},{"@type":"ImageObject","inLanguage":"de","@id":"https:\/\/www.eskamarket.com\/de\/urun\/datem-ersatz-enzym-mix-25-kg\/#primaryimage","url":"https:\/\/www.eskamarket.com\/wp-content\/uploads\/2023\/05\/Datem-Ikame-Replacer-Enzim-Miksi.jpg","contentUrl":"https:\/\/www.eskamarket.com\/wp-content\/uploads\/2023\/05\/Datem-Ikame-Replacer-Enzim-Miksi.jpg","width":1920,"height":1440,"caption":"Datem \u0130kame (Replacer) Enzim Miksi"},{"@type":"BreadcrumbList","@id":"https:\/\/www.eskamarket.com\/de\/urun\/datem-ersatz-enzym-mix-25-kg\/#breadcrumb","itemListElement":[{"@type":"ListItem","position":1,"name":"Anasayfa","item":"https:\/\/www.eskamarket.com\/de\/homepage\/"},{"@type":"ListItem","position":2,"name":"Shop","item":"https:\/\/www.eskamarket.com\/shop\/"},{"@type":"ListItem","position":3,"name":"DATEM-Ersatz (Replacer) Enzym-Mix 25 KG"}]},{"@type":"WebSite","@id":"https:\/\/www.eskamarket.com\/de\/#website","url":"https:\/\/www.eskamarket.com\/de\/","name":"eskamarket","description":"Katk\u0131 Maddeleri ve Hammaddeler","potentialAction":[{"@type":"SearchAction","target":{"@type":"EntryPoint","urlTemplate":"https:\/\/www.eskamarket.com\/de\/?s={search_term_string}"},"query-input":{"@type":"PropertyValueSpecification","valueRequired":true,"valueName":"search_term_string"}}],"inLanguage":"de"}]}},"_links":{"self":[{"href":"https:\/\/www.eskamarket.com\/de\/wp-json\/wp\/v2\/product\/1247","targetHints":{"allow":["GET"]}}],"collection":[{"href":"https:\/\/www.eskamarket.com\/de\/wp-json\/wp\/v2\/product"}],"about":[{"href":"https:\/\/www.eskamarket.com\/de\/wp-json\/wp\/v2\/types\/product"}],"replies":[{"embeddable":true,"href":"https:\/\/www.eskamarket.com\/de\/wp-json\/wp\/v2\/comments?post=1247"}],"wp:featuredmedia":[{"embeddable":true,"href":"https:\/\/www.eskamarket.com\/de\/wp-json\/wp\/v2\/media\/1250"}],"wp:attachment":[{"href":"https:\/\/www.eskamarket.com\/de\/wp-json\/wp\/v2\/media?parent=1247"}],"wp:term":[{"taxonomy":"product_brand","embeddable":true,"href":"https:\/\/www.eskamarket.com\/de\/wp-json\/wp\/v2\/product_brand?post=1247"},{"taxonomy":"product_cat","embeddable":true,"href":"https:\/\/www.eskamarket.com\/de\/wp-json\/wp\/v2\/product_cat?post=1247"},{"taxonomy":"product_tag","embeddable":true,"href":"https:\/\/www.eskamarket.com\/de\/wp-json\/wp\/v2\/product_tag?post=1247"}],"curies":[{"name":"wp","href":"https:\/\/api.w.org\/{rel}","templated":true}]}}