{"id":1205,"date":"2023-05-06T22:02:24","date_gmt":"2023-05-06T19:02:24","guid":{"rendered":"https:\/\/www.eskamarket.com\/urun\/hamburger-toastbrot-sandwichbrotverbesserer-25-kg\/"},"modified":"2025-08-25T22:19:10","modified_gmt":"2025-08-25T19:19:10","slug":"hamburger-toastbrot-sandwichbrotverbesserer-25-kg","status":"publish","type":"product","link":"https:\/\/www.eskamarket.com\/de\/urun\/hamburger-toastbrot-sandwichbrotverbesserer-25-kg\/","title":{"rendered":"Hamburger-, Toast- und Sandwichbrot-Entwickler 20 KG"},"content":{"rendered":"<h1><strong>Hamburger-, Toast- und Sandwichbrot-Entwickler 20 KG<\/strong><\/h1>\n<p><strong>Der Hamburger-, Toast- und Sandwichbrot-Entwickler <\/strong>ist eine L\u00f6sung, die entwickelt wurde, um die Qualit\u00e4t bei der Herstellung von weizenbasierten Broten zu verbessern und die Produktionsprozesse zu erleichtern. Diese spezielle Formulierung erm\u00f6glicht es, in jeder Phase \u2013 von der Teigverarbeitung bis zum Endprodukt \u2013 hervorragende Ergebnisse zu erzielen. Ideal f\u00fcr Fachleute, die weiche, homogene Brote mit langer Haltbarkeit herstellen m\u00f6chten.  <\/p>\n<hr>\n<h2><strong>Produkteigenschaften<\/strong><\/h2>\n<ul>\n<li><strong>Produkttyp:<\/strong> Speziell formulierter Entwickler f\u00fcr Hamburger-, Sandwich- und Toastbrote.<\/li>\n<li><strong>Verwendungsmenge:<\/strong> 0,5\u20131 % des Gesamtgewichts des Teigs.<\/li>\n<li><strong>Verpackungsform:<\/strong> Wird in 20-kg-Kartonverpackungen angeboten.<\/li>\n<\/ul>\n<hr>\n<h2><strong>Verwendungszwecke und Vorteile<\/strong><\/h2>\n<p><strong>Der Hamburger-, Toast- und Sandwichbrot-Entwickler <\/strong>hilft Ihnen, Herausforderungen w\u00e4hrend der Produktion zu \u00fcberwinden und die Qualit\u00e4t Ihres Endprodukts zu steigern. Hier sind die Hauptvorteile dieses Produkts: <\/p>\n<h4><strong>1.Einfachere Teigverarbeitung<\/strong><\/h4>\n<ul>\n<li><strong>Reduziert Anhaften und Rei\u00dfen:<\/strong><br \/>\nEnth\u00e4lt Enzyme und Emulgatoren, die die Verarbeitbarkeit des Teigs verbessern. Dadurch l\u00e4sst sich der Teig in den Produktionslinien leicht formen und Probleme mit Anhaften werden auf ein Minimum reduziert. <\/li>\n<li><strong>Effiziente Verarbeitung:<\/strong><br \/>\nW\u00e4hrend der Teigbearbeitung treten weniger Risse und Deformationen auf.<\/p>\n<p><\/li>\n<\/ul>\n<h4><strong>2. Verbesserte Brotstruktur<\/strong><\/h4>\n<ul>\n<li><strong>Weichere und homogenere Textur:<\/strong><br \/>\nDie speziellen Inhaltsstoffe verbessern die innere Struktur des Brotes. Das Endprodukt erh\u00e4lt eine weiche Textur und ein glattes Erscheinungsbild. <\/li>\n<li><strong>Volumen und Struktur:<\/strong><br \/>\nDurch Inhaltsstoffe, die die Hefeaktivit\u00e4t unterst\u00fctzen, vergr\u00f6\u00dfert sich das Teigvolumen, es entsteht ein besserer Ofentrieb und eine luftige Struktur.<\/li>\n<\/ul>\n<h4><strong>3. Verl\u00e4ngerte Frische<\/strong><\/h4>\n<ul>\n<li><strong>Verz\u00f6gert das Altbackenwerden:<\/strong><br \/>\nEnzyme und Emulgatoren, die das Altbackenwerden verhindern, verl\u00e4ngern die Haltbarkeit des Brotes. Die Brote bleiben l\u00e4nger weich und frisch. <\/li>\n<li><strong>Verhindert Austrocknen:<\/strong><br \/>\nDas Produkt sch\u00fctzt die Brote vor dem Austrocknen und sorgt daf\u00fcr, dass sie w\u00e4hrend der gesamten Haltbarkeitsdauer frisch bleiben.<\/p>\n<p><\/li>\n<\/ul>\n<h4><strong>4. Konsistenz im Produktionsprozess<\/strong><\/h4>\n<ul>\n<li><strong>Standardisierte Qualit\u00e4t:<\/strong><br \/>\nDie Formulierung gew\u00e4hrleistet in jedem Produktionszyklus gleichbleibende Ergebnisse und minimiert Qualit\u00e4tsschwankungen in Ihrem Produkt. <\/li>\n<li><strong>Verhindert Oberfl\u00e4chenfehler:<\/strong><br \/>\nVermeidet Faltenbildung auf der Brotoberfl\u00e4che nach dem Backen und sorgt f\u00fcr ein optisch einwandfreies Ergebnis.<\/li>\n<\/ul>\n<hr>\n<h2><strong>Wie wird der Hamburger-, Toast- und Sandwichbrot-Entwickler verwendet?<\/strong><\/h2>\n<ul>\n<li><strong>Gebrauchsanweisung:<\/strong><br \/>\nDer Entwickler sollte in einer Menge von 0,5\u20131 % des Gesamtgewichts des Teigs verwendet werden. Er wird direkt der Teigmischung hinzugef\u00fcgt und l\u00e4sst sich leicht einarbeiten. <\/li>\n<li><strong>Lagerbedingungen:<\/strong><br \/>\nDas Produkt sollte an einem k\u00fchlen und trockenen Ort aufbewahrt werden. Direkte Sonneneinstrahlung ist zu vermeiden, und nach dem \u00d6ffnen der Verpackung sollte es luftdicht verschlossen gelagert werden. <\/li>\n<\/ul>\n<hr>\n<h2><strong>Technologische Vorteile<\/strong><\/h2>\n<ol>\n<li><strong>Lang anhaltende Frische:<\/strong><br \/>\nEnzym- und Emulgatorbestandteile verz\u00f6gern das Altbackenwerden und verl\u00e4ngern die Haltbarkeit.<\/li>\n<li><strong>Optimierung des Produktionsprozesses:<\/strong><br \/>\nReduziert die Fehlerquote w\u00e4hrend der Teigverarbeitung und steigert die Effizienz der Produktionslinie.<\/li>\n<li><strong>Standardisierte Ergebnisse:<\/strong><br \/>\nSorgt in jeder Charge f\u00fcr die gleiche Qualit\u00e4t und Eigenschaften und optimiert so Ihren Produktionsprozess.<\/li>\n<\/ol>\n<hr>\n<h3><strong>Hochwertige Hamburger-, Toast- und Sandwichbrote<\/strong><\/h3>\n<p><strong>Der Hamburger-, Toast- und Sandwichbrot-Entwickler <\/strong>bietet in Ihrem Produktionsprozess Funktionalit\u00e4t, Qualit\u00e4t und Effizienz und unterst\u00fctzt Sie dabei, Ihren Kunden Produkte mit hervorragenden Eigenschaften zu liefern. Mit homogener Struktur, langer Haltbarkeit und einfacher Verarbeitbarkeit setzt er Ma\u00dfst\u00e4be in der Brotherstellung. <\/p>\n<p>Besuchen Sie f\u00fcr weitere<strong><a href=\"https:\/\/www.eskamarket.com\/de\/urun-kategori\/ekmekcilik-de\/ekmek-gelistiriciler-de\/\" target=\"_new\" rel=\"noopener\"> Brotverbesserungsprodukte <\/a><\/strong>unsere Kategorie Brotverbesserer.<\/p>\n","protected":false},"excerpt":{"rendered":"<p>Hamburger-, Toast- und Sandwichbrot-Entwickler 20 KG Der Hamburger-, Toast- und Sandwichbrot-Entwickler ist eine L\u00f6sung, die entwickelt wurde, um die Qualit\u00e4t bei der Herstellung von weizenbasierten Broten zu verbessern und die Produktionsprozesse zu erleichtern. Diese spezielle Formulierung erm\u00f6glicht es, in jeder Phase \u2013 von der Teigverarbeitung bis zum Endprodukt \u2013 hervorragende Ergebnisse zu erzielen. Ideal f\u00fcr [&#8230;]\n","protected":false},"featured_media":1210,"comment_status":"open","ping_status":"closed","template":"","meta":{"_joinchat":[]},"product_brand":[],"product_cat":[97,95],"product_tag":[],"class_list":{"0":"post-1205","1":"product","2":"type-product","3":"status-publish","4":"has-post-thumbnail","6":"product_cat-ekmek-gelistiriciler-de","7":"product_cat-ekmekcilik-de","9":"first","10":"instock","11":"taxable","12":"shipping-taxable","13":"purchasable","14":"product-type-simple"},"_links":{"self":[{"href":"https:\/\/www.eskamarket.com\/de\/wp-json\/wp\/v2\/product\/1205","targetHints":{"allow":["GET"]}}],"collection":[{"href":"https:\/\/www.eskamarket.com\/de\/wp-json\/wp\/v2\/product"}],"about":[{"href":"https:\/\/www.eskamarket.com\/de\/wp-json\/wp\/v2\/types\/product"}],"replies":[{"embeddable":true,"href":"https:\/\/www.eskamarket.com\/de\/wp-json\/wp\/v2\/comments?post=1205"}],"wp:featuredmedia":[{"embeddable":true,"href":"https:\/\/www.eskamarket.com\/de\/wp-json\/wp\/v2\/media\/1210"}],"wp:attachment":[{"href":"https:\/\/www.eskamarket.com\/de\/wp-json\/wp\/v2\/media?parent=1205"}],"wp:term":[{"taxonomy":"product_brand","embeddable":true,"href":"https:\/\/www.eskamarket.com\/de\/wp-json\/wp\/v2\/product_brand?post=1205"},{"taxonomy":"product_cat","embeddable":true,"href":"https:\/\/www.eskamarket.com\/de\/wp-json\/wp\/v2\/product_cat?post=1205"},{"taxonomy":"product_tag","embeddable":true,"href":"https:\/\/www.eskamarket.com\/de\/wp-json\/wp\/v2\/product_tag?post=1205"}],"curies":[{"name":"wp","href":"https:\/\/api.w.org\/{rel}","templated":true}]}}