{"id":1201,"date":"2023-05-06T21:59:55","date_gmt":"2023-05-06T18:59:55","guid":{"rendered":"https:\/\/www.eskamarket.com\/urun\/tortilla-enhancer-25-kg\/"},"modified":"2025-08-25T22:41:09","modified_gmt":"2025-08-25T19:41:09","slug":"tortilla-enhancer-25-kg","status":"publish","type":"product","link":"https:\/\/www.eskamarket.com\/de\/urun\/tortilla-enhancer-25-kg\/","title":{"rendered":"Tortilla-Entwickler 20 KG"},"content":{"rendered":"<h1><strong>Tortilla-Entwickler 20 KG<\/strong><\/h1>\n<p><strong>Der Tortilla-Entwickler<\/strong> ist ein speziell entwickeltes Konzentrat zur Verbesserung der Qualit\u00e4t und Optimierung der Produktionsprozesse bei der Herstellung von Tortillabroten. F\u00fcr Tortillas aus Mais- oder Weizenmehl, die ein unverzichtbarer Bestandteil der mexikanischen K\u00fcche sind, bietet er perfekte Elastizit\u00e4t, ein nat\u00fcrliches Erscheinungsbild und eine lange Haltbarkeit. Das Produkt verf\u00fcgt \u00fcber eine Formulierung, die sowohl f\u00fcr industrielle als auch f\u00fcr kleinma\u00dfst\u00e4bliche Produktionsprozesse geeignet ist.  <\/p>\n<hr>\n<h2><strong>Produkteigenschaften<\/strong><\/h2>\n<ul>\n<li><strong>Form: <\/strong>Konzentriert und in Pulverform.<\/li>\n<li><strong>Verwendungsmenge:<\/strong><br \/>Es sollte in einer Menge von 0,5\u20131 % des Gesamtteiggewichts verwendet werden.<\/li>\n<li><strong>Verpackungsform:<\/strong> Wird in 20-kg-Kartonverpackungen angeboten.<\/li>\n<li><strong>Flexibilit\u00e4t: <\/strong>Mit ma\u00dfgeschneiderten Formulierungen kann er an Ihre Produktionslinie und Ihre spezifischen Anforderungen angepasst werden.<\/li>\n<\/ul>\n<hr>\n<h2><strong>Verwendungszwecke und Vorteile<\/strong><\/h2>\n<h4><strong>1. Lang anhaltende Frische<\/strong><\/h4>\n<ul>\n<li><strong>Frische \u00fcber die gesamte Haltbarkeitsdauer:<\/strong><br \/>Das Produkt sorgt daf\u00fcr, dass Tortillas w\u00e4hrend ihrer Haltbarkeitsdauer von 4 Monaten und l\u00e4nger frisch bleiben.<\/li>\n<li><strong>Unterst\u00fctzung gegen Schimmelbildung:<\/strong><br \/>Es verf\u00fcgt \u00fcber eine nat\u00fcrliche Formulierung und kann zus\u00e4tzliche Konservierungsstoffe erfordern. F\u00fcr die Vermeidung von Schimmelbildung k\u00f6nnen Sie Informationen zu unterst\u00fctzenden Produkten erhalten. <\/li>\n<\/ul>\n<h4><strong>2. Elastizit\u00e4t und Haltbarkeit<\/strong><\/h4>\n<ul>\n<li><strong>Bruchfestigkeit:<\/strong> Erh\u00f6ht die Elastizit\u00e4t der Tortillas und verhindert Risse sowie Bruch. Diese Eigenschaft sorgt insbesondere bei Anwendungen wie Wraps f\u00fcr eine hervorragende Performance. <\/li>\n<li><strong>Formbest\u00e4ndigkeit<\/strong>: Hilft dabei, die Form der Tortillas w\u00e4hrend des Backens zu bewahren.<\/li>\n<\/ul>\n<h4><strong>3. Nat\u00fcrliches Aussehen und Geschmack<\/strong><\/h4>\n<ul>\n<li><strong>Nat\u00fcrliche Farbe: <\/strong>Sorgt bei Tortillas f\u00fcr eine homogene, nat\u00fcrliche und ansprechende Farbgebung.<\/li>\n<li><strong>Geschmack und Aussehen:<\/strong> Verbessert den Geschmack und die Optik des Endprodukts.<\/li>\n<\/ul>\n<h4><strong>4.Einfachere Teigverarbeitung<\/strong><\/h4>\n<ul>\n<li><strong>Maschinenkompatibel:<\/strong> Erleichtert die Verarbeitung des Teigs und verhindert Haftungsprobleme in den Produktionslinien.<\/li>\n<li><strong>Teigausbeute: <\/strong>Erm\u00f6glicht eine gr\u00f6\u00dfere Teigmenge und optimiert dadurch die Produktionskosten.<\/li>\n<\/ul>\n<h4><strong>5. Anpassbare Formulierung<\/strong><\/h4>\n<ul>\n<li><strong>Tailor-Made L\u00f6sungen: <\/strong>Bietet speziell auf Ihre Produktionslinie abgestimmte Formulierungen und gew\u00e4hrleistet so eine optimale Anpassung an Ihre Tortilla-Produktionsanforderungen.<\/li>\n<\/ul>\n<hr>\n<h2><strong>Wie wird der Tortilla-Entwickler verwendet?<\/strong><\/h2>\n<ul>\n<li><strong>Gebrauchsanweisung:<\/strong><br \/>\nDer Tortilla-Entwickler sollte in einer Menge von 0,5\u20131 % des Gesamtgewichts des Teigs verwendet werden. Er wird direkt der Teigmischung zugegeben und l\u00e4sst sich leicht mit den anderen Zutaten vermischen. <\/li>\n<li><strong>Lagerbedingungen:<\/strong><br \/>\nDas Produkt sollte an einem k\u00fchlen und trockenen Ort aufbewahrt werden. Es ist vor direkter Sonneneinstrahlung zu sch\u00fctzen und nach dem \u00d6ffnen der Verpackung luftdicht verschlossen zu halten.<\/p>\n<\/li>\n<\/ul>\n<hr>\n<h2><strong>Technologische Vorteile<\/strong><\/h2>\n<ol>\n<li><strong>Elastizit\u00e4t und Haltbarkeit:<\/strong><br \/>\nSorgt f\u00fcr hervorragende Elastizit\u00e4t der Tortillas und minimiert das Risiko von Rissen w\u00e4hrend des Backens.<\/li>\n<li><strong>Verl\u00e4ngerte Haltbarkeit:<\/strong><br \/>\nGew\u00e4hrleistet nat\u00fcrliche Frische und erh\u00f6ht die Widerstandsf\u00e4higkeit w\u00e4hrend der gesamten Haltbarkeitsdauer.<\/li>\n<li><strong>Optimierung des Produktionsprozesses:<\/strong><br \/>\nVerbessert die maschinelle Verarbeitbarkeit des Teigs und senkt die Fehlerquote in der Produktion.<\/li>\n<li><strong>Vielseitigkeit:<\/strong><br \/>\nKann f\u00fcr Tortillas auf Mais- oder Weizenbasis verwendet werden.<\/li>\n<\/ol>\n<hr>\n<h2><strong> Qualit\u00e4t und Effizienz in der Tortilla-Produktion<\/strong><\/h2>\n<p><strong>Der Tortilla-Entwickler <\/strong>verbessert wesentliche Eigenschaften von Tortillabroten wie Elastizit\u00e4t, nat\u00fcrliche Farbe, Geschmack und lange Haltbarkeit. Er erleichtert Ihre Produktionsprozesse und erm\u00f6glicht die Herstellung hochwertiger, verbraucherfreundlicher Produkte. F\u00fcr ma\u00dfgeschneiderte Formulierungen, die Ihren Anforderungen entsprechen, k\u00f6nnen Sie uns gerne kontaktieren.  <\/p>\n<p>Besuchen Sie f\u00fcr weitere<strong><a href=\"https:\/\/www.eskamarket.com\/de\/urun-kategori\/ekmekcilik-de\/ekmek-gelistiriciler-de\/\" target=\"_new\" rel=\"noopener\"> Brotverbesserungsprodukte <\/a><\/strong>unsere Kategorie Brotverbesserer.<\/p>\n","protected":false},"excerpt":{"rendered":"<p>Tortilla-Entwickler 20 KG Der Tortilla-Entwickler ist ein speziell entwickeltes Konzentrat zur Verbesserung der Qualit\u00e4t und Optimierung der Produktionsprozesse bei der Herstellung von Tortillabroten. F\u00fcr Tortillas aus Mais- oder Weizenmehl, die ein unverzichtbarer Bestandteil der mexikanischen K\u00fcche sind, bietet er perfekte Elastizit\u00e4t, ein nat\u00fcrliches Erscheinungsbild und eine lange Haltbarkeit. Das Produkt verf\u00fcgt \u00fcber eine Formulierung, die [&#8230;]\n","protected":false},"featured_media":1203,"comment_status":"open","ping_status":"closed","template":"","meta":{"_joinchat":[]},"product_brand":[],"product_cat":[97,95],"product_tag":[],"class_list":{"0":"post-1201","1":"product","2":"type-product","3":"status-publish","4":"has-post-thumbnail","6":"product_cat-ekmek-gelistiriciler-de","7":"product_cat-ekmekcilik-de","9":"first","10":"instock","11":"taxable","12":"shipping-taxable","13":"purchasable","14":"product-type-simple"},"_links":{"self":[{"href":"https:\/\/www.eskamarket.com\/de\/wp-json\/wp\/v2\/product\/1201","targetHints":{"allow":["GET"]}}],"collection":[{"href":"https:\/\/www.eskamarket.com\/de\/wp-json\/wp\/v2\/product"}],"about":[{"href":"https:\/\/www.eskamarket.com\/de\/wp-json\/wp\/v2\/types\/product"}],"replies":[{"embeddable":true,"href":"https:\/\/www.eskamarket.com\/de\/wp-json\/wp\/v2\/comments?post=1201"}],"wp:featuredmedia":[{"embeddable":true,"href":"https:\/\/www.eskamarket.com\/de\/wp-json\/wp\/v2\/media\/1203"}],"wp:attachment":[{"href":"https:\/\/www.eskamarket.com\/de\/wp-json\/wp\/v2\/media?parent=1201"}],"wp:term":[{"taxonomy":"product_brand","embeddable":true,"href":"https:\/\/www.eskamarket.com\/de\/wp-json\/wp\/v2\/product_brand?post=1201"},{"taxonomy":"product_cat","embeddable":true,"href":"https:\/\/www.eskamarket.com\/de\/wp-json\/wp\/v2\/product_cat?post=1201"},{"taxonomy":"product_tag","embeddable":true,"href":"https:\/\/www.eskamarket.com\/de\/wp-json\/wp\/v2\/product_tag?post=1201"}],"curies":[{"name":"wp","href":"https:\/\/api.w.org\/{rel}","templated":true}]}}