{"id":1091,"date":"2023-05-06T20:47:44","date_gmt":"2023-05-06T17:47:44","guid":{"rendered":"https:\/\/www.eskamarket.com\/urun\/%d8%a8%d9%83%d8%aa%d8%b1%d9%8a%d9%8a%d9%84-%d8%a3%d9%84%d9%81%d8%a7-%d8%a3%d9%85%d9%8a%d9%84%d8%a7%d8%b2-%d8%a7%d9%86%d8%b2%d9%8a%d9%85%d9%8a-20-%d9%83%d8%ac%d9%85\/"},"modified":"2023-05-06T20:47:44","modified_gmt":"2023-05-06T17:47:44","slug":"%d8%a8%d9%83%d8%aa%d8%b1%d9%8a%d9%8a%d9%84-%d8%a3%d9%84%d9%81%d8%a7-%d8%a3%d9%85%d9%8a%d9%84%d8%a7%d8%b2-%d8%a7%d9%86%d8%b2%d9%8a%d9%85%d9%8a-20-%d9%83%d8%ac%d9%85","status":"publish","type":"product","link":"https:\/\/www.eskamarket.com\/ar\/urun\/%d8%a8%d9%83%d8%aa%d8%b1%d9%8a%d9%8a%d9%84-%d8%a3%d9%84%d9%81%d8%a7-%d8%a3%d9%85%d9%8a%d9%84%d8%a7%d8%b2-%d8%a7%d9%86%d8%b2%d9%8a%d9%85%d9%8a-20-%d9%83%d8%ac%d9%85\/","title":{"rendered":"\u0628\u0643\u062a\u0631\u064a\u064a\u0644 \u0623\u0644\u0641\u0627 \u0623\u0645\u064a\u0644\u0627\u0632 \u0627\u0646\u0632\u064a\u0645\u064a 20 \u0643\u062c\u0645"},"content":{"rendered":"<h1><strong>\u0628\u0643\u062a\u0631\u064a\u064a\u0644 \u0623\u0644\u0641\u0627 \u0623\u0644\u0641\u0627 \u0623\u0645\u064a\u0644\u0627\u0632 \u0627\u0646\u0632\u064a\u0645\u064a &#8211; 20 \u0643\u062c\u0645<\/strong><\/h1>\n<p><strong>Bakteriyel Alfa Alfa \u03b1 Amilaz Enzimi<\/strong>, f\u0131r\u0131nc\u0131l\u0131k ve ni\u015fasta bazl\u0131 s\u00fcre\u00e7lerinde y\u00fcksek performans sa\u011flayan, saf ve standardize edilmi\u015f bir enzimdir. \u0643\u0645\u0627 \u0623\u0646 \u0647\u0630\u0647 \u0627\u0644\u0639\u0645\u0644\u064a\u0629 \u0644\u0627 \u064a\u0645\u0643\u0646 \u0623\u0646 \u062a\u0643\u0648\u0646 \u0645\u0643\u0644\u0641\u0629 \u0641\u064a \u0627\u0644\u0648\u0642\u062a \u0627\u0644\u062d\u0627\u0644\u064a. \u0644\u0627 \u064a\u0645\u0643\u0646 \u0623\u0646 \u064a\u0643\u0648\u0646 \u0647\u0646\u0627\u0643 \u0623\u064a \u0634\u064a\u0621 \u064a\u0645\u0643\u0646 \u0623\u0646 \u064a\u0643\u0648\u0646 \u0644\u0647 \u062a\u0623\u062b\u064a\u0631 \u0639\u0644\u0649 \u0635\u062d\u0629 \u0627\u0644\u0625\u0646\u0633\u0627\u0646 \u0623\u0648 \u0639\u0644\u0649 \u0635\u062d\u0629 \u0627\u0644\u0625\u0646\u0633\u0627\u0646.  <\/p>\n<hr>\n<h2><strong>Bakteriyel Alfa Amilaz Amilaz Enzimi Karakteristik \u00d6zellikler<\/strong><\/h2>\n<ul>\n<li><strong>\u0635\u0641 \u0628\u0643\u062a\u0631\u064a\u064a\u0644 \u0623\u0644\u0641\u0627-\u0623\u0645\u064a\u0644\u0627\u0632:<\/strong> Dallanm\u0131\u015fam\u0131\u015f ni\u015fasta molek\u00fcllerini bile d\u00fc\u015f\u00fck pH seviyelerinde k\u00fc\u00e7\u00fck bile\u015fenlere a\u0131r\u0131r\u0131r.<\/li>\n<li><strong>\u062f\u0631\u062c\u0629 \u0627\u0644\u062d\u0631\u0627\u0631\u0629 \u0627\u0644\u0645\u062b\u0644\u0649:<\/strong> 50 \u02daC<\/li>\n<li><strong>\u0627\u0644\u0623\u0633 \u0627\u0644\u0647\u064a\u062f\u0631\u0648\u062c\u064a\u0646\u064a \u0627\u0644\u0623\u0645\u062b\u0644:<\/strong> 3.8 &#8211; 6.7<\/li>\n<li><strong>\u0627\u0644\u0633\u062a\u064a\u0644\u0627\u064a\u062a:<\/strong>\n<ul>\n<li><strong>S\u0131cakl\u0131k Stabilitesi:<\/strong> 50 \u02daC&#8217;de %90 aktiviteyi 2 saat boyunca korurur.<\/li>\n<li><strong>\u0627\u0633\u062a\u0642\u0631\u0627\u0631 \u0627\u0644\u0623\u0633 \u0627\u0644\u0647\u064a\u062f\u0631\u0648\u062c\u064a\u0646\u064a:<\/strong> 4,0 &#8211; 10,0 \u062f\u0631\u062c\u0629 \u062d\u0645\u0648\u0636\u0629.<\/li>\n<\/ul>\n<\/li>\n<\/ul>\n<hr>\n<h2><strong>\u0623\u0648\u064a\u063a\u0648\u0644\u0627\u0645\u0627 \u0623\u0644\u0627\u0646\u0644\u0627\u0631\u064a<\/strong><\/h2>\n<p><strong>Bakteriyel Alfa Alfa \u03b1 Amilaz Enzimi<\/strong>, bir\u00e7ok sekt\u00f6rde geni\u015f geni\u015f bir kullan\u0131m alan\u0131na sahiptir:<\/p>\n<h4><strong>1. F\u0131rnc\u0131l\u0131k Sekt\u00f6r\u00fc<\/strong><\/h4>\n<ul>\n<li><strong>Un Standardizasyonu:<\/strong> Bu\u011fday unlar\u0131n\u0131n a\u00e7\u0131s\u0131ndan dengelenmesini sa\u011f\u0131lar, b\u00f6ylece tutarl\u0131 kalite elde edilir.<\/li>\n<li><strong>Unlu Mamuller:<\/strong> Maya ile kabart\u0131lm\u0131\u015f kabart\u0131lm\u0131\u015f ekmek, kek ve kurabiye \u00fcretiminde dokuyu, hacmi ve g\u00f6r\u00fcn\u00fcm\u00fcm\u00fc iyile\u015ftir.<\/li>\n<\/ul>\n<h4><strong>2. \u0646\u064a\u0634\u0627\u0633\u062a\u0627 \u0625\u064a\u0634\u0644\u064a\u0645<\/strong><\/h4>\n<ul>\n<li><strong>\u0633\u0643\u0627\u0631\u064a\u0641\u064a\u0643\u0627\u0633\u064a\u0648\u0646:<\/strong> Ni\u015fasta i\u00e7eren hammaddaddelerin k\u00fc\u00e7\u00fck \u015feker molek\u00fcllerine (glikoz gibi) d\u00f6n\u00fc\u015ft\u00fcr\u00fclmesi i\u00e7in kullan\u0131l\u0131l\u0131r.<\/li>\n<\/ul>\n<h4><strong>3. \u0130\u00e7ececek Sekt\u00f6r\u00fc<\/strong><\/h4>\n<ul>\n<li><strong>Bira \u00dcretimi:<\/strong> Bira \u00fcretiminde ni\u015fasta molek\u00fcllerininin \u015fekerlere ayr\u0131lmas\u0131n\u0131 kolayla\u015ft\u0131r\u0131r\u060c fermantasyon verimlili\u011fini art\u0131r\u0131r\u0131r.<\/li>\n<li><strong>Meyve Sular\u0131:<\/strong> Meyve suyu gibi i\u00e7ececeklerin depolama karararl\u0131l\u0131l\u0131\u011f\u0131n\u0131 ve stabilitesini gel\u015ftirir.<\/li>\n<\/ul>\n<hr>\n<h2><strong>\u00d6ne \u00c7\u0131kan \u00d6zellikler ve Avantajlar<\/strong><\/h2>\n<ol>\n<li><strong>H\u0131zl\u0131 ve G\u00fcvenli Ni\u015fasta Hidrolizi:<\/strong><br \/>\nNi\u015fasta Ni\u015fasta molek\u00fcllerini h\u0131zl\u0131ca hidrol\u0131ca ederek etkili sonu\u00e7lar sunar.<\/li>\n<li><strong>Hacim ve Doku Geli\u015ftirme:<\/strong><br \/>\nEkmeklerde daha b\u00fcy\u00fc\u00fck hacim ve yumu\u015fak i\u00e7 yap\u0131 sa\u011flar.<\/li>\n<li><strong>Ekmek Kabu\u011fu ve Renk \u0130yile\u015ftirme<\/strong>:<br \/>\nKabu\u011fun Homojen ve \u00e7ekici bir renk almas\u0131na yard\u0131mc\u0131 olur.<\/li>\n<li><strong>Raf \u00d6mr\u00fc Uzatma:<\/strong><br \/>\nNi\u015fastan\u0131n yeniden kristalle\u015fmesini gecikiktirerek bayatlamay\u0131 \u00f6nler.<\/li>\n<li><strong>Esnek \u00c7al\u0131\u015fma Ko\u015fullar\u0131:<\/strong><br \/>\nGeni\u015f pH ve s\u0131cakl\u0131k aral\u0131\u011f\u0131nda etkili bir performans sunar.<\/li>\n<\/ol>\n<hr>\n<h2><strong>\u062f\u0648\u0632\u0627\u062c \u0641\u064a \u0643\u0648\u0644\u0627\u0646\u064a\u0645<\/strong><\/h2>\n<ul>\n<li>\n  \u0641\u064a \u0627<strong>\u0644\u0627\u062e\u062a\u0628\u0627\u0631 \u0627\u0644\u0623\u0645\u062b\u0644: 0,1 &#8211; 0,75 \u062c\u0645 \/ 50 \u0643\u062c\u0645 \u0641\u064a \u0627\u062e\u062a\u0628\u0627\u0631 \u0627\u0644\u0627\u062e\u062a\u0628\u0627\u0631 \u0627\u0644\u0623\u0645\u062b\u0644.<\/strong> <\/li>\n<li><strong>Kullan\u0131m \u015eekli:<\/strong> Enzim, hamurun kar\u0131\u015f\u0131m\u0131m\u0131na do\u011frudan eklenebilir ve di\u011fer bile\u015fenlerle kolayca kar\u0131\u015f\u0131r.<\/li>\n<\/ul>\n<hr>\n<h2><strong>\u062f\u064a\u0628\u0648\u0644\u0627\u0645\u0627 \u0641\u064a \u0631\u0627\u0641 \u0639\u0645\u0631\u0648<\/strong><\/h2>\n<ul>\n<li><strong>Saklama Ko\u015fullar\u0131:<\/strong> \u00dcr\u00fcn, kuru ve serin bir yerde, orijinal ambalaj\u0131nda muhafaza edilmelidir.<\/li>\n<li><strong>\u0631\u0627\u0641 \u0623\u0648\u0645\u0631\u0648:<\/strong> Uygun ko\u015fullarda sakland\u0131\u011f\u0131nda, 1 y\u0131l i\u00e7inde aktivivite kayb\u0131 10 %&#8217;dan azd\u0131r.<\/li>\n<\/ul>\n<hr>\n<h2><strong>\u0628\u0627\u0643\u064a\u062a\u0644\u064a\u0645\u064a<\/strong><\/h2>\n<ul>\n<li><strong>\u0623\u0645\u0628\u0627\u0644\u0627\u062c:<\/strong> PE i\u00e7 ambalajl\u0131 karton kolilerde\u060c \u0635\u0627\u0641\u064a 20 \u0643\u062c\u0645 a\u011f\u0131rl\u0131k.<\/li>\n<\/ul>\n<hr>\n<h2><strong>\u0623\u062f\u0627\u0621\u0627\u062a F\u0131r\u0131nc\u0131l\u0131kta ve End\u00fcstride M\u00fckemel Performans<\/strong><\/h2>\n<p><strong>Bakteriyel Alfa \u03b1 Amilaz Enzimi<\/strong>, unlu mamullerde kaliteyi art\u0131rmak ve end\u00fcstriyel s\u00fcre\u00e7lerde etkinli\u011fi optimize etmek i\u00e7in iemplin bir \u00e7\u00f6z\u00fcm sunar. \u0643\u0645\u0627 \u0623\u0646 \u0627\u0633\u062a\u0642\u0631\u0627\u0631 \u0627\u0644\u0646\u0638\u0627\u0645 \u0641\u064a \u0627\u0644\u0648\u0642\u062a \u0627\u0644\u062d\u0627\u0644\u064a \u0644\u0627 \u064a\u0639\u0646\u064a \u0628\u0627\u0644\u0636\u0631\u0648\u0631\u0629 \u0623\u0646 \u064a\u0643\u0648\u0646 \u0647\u0646\u0627\u0643 \u0623\u064a \u062a\u063a\u064a\u064a\u0631 \u0641\u064a \u0637\u0631\u064a\u0642\u0629 \u0639\u0645\u0644\u0647\u060c \u0628\u0644 \u0639\u0644\u0649 \u0627\u0644\u0639\u0643\u0633 \u0645\u0646 \u0630\u0644\u0643 \u0641\u0625\u0646 \u0627\u0633\u062a\u0642\u0631\u0627\u0631\u0647 \u0633\u064a\u0624\u062f\u064a \u0625\u0644\u0649 \u062a\u062d\u0633\u064a\u0646\u0647. <\/p>\n<hr>\n<h2><strong>F\u0131r\u0131nc\u0131l\u0131k ve End\u00fcstriyel Kullan\u0131mda G\u00fcvenilir \u00c7\u00f6z\u00fcm<\/strong><\/h2>\n<p><strong>Bakteriyel Alfa Alfa \u03b1 Amilaz Enzimi<\/strong>, unlu mamullerde doku ve hacim art\u0131r\u0131r\u0131rken, <strong>ni\u015f\u0131asta<\/strong> bazl\u0131 hammaddelerin h\u0131zrolizini h\u0131zland\u0131rarark f\u0131r\u0131nc\u0131l\u0131k, bira \u00fcretimi ve ni\u015fasta i\u015fleme sekt\u00f6rlerlerinde \u00fcst\u00fcn performans sunar. \u0643\u0645\u0627 \u064a\u0645\u0643\u0646 \u0623\u0646 <a href=\"https:\/\/www.eskamarket.com\/ar\/urun-kategori\/%d9%85%d8%ae%d8%a8%d8%b2\/ekmcilik-enzimleri\/\" target=\"_new\" rel=\"noopener\">\u064a\u0643\u0648\u0646<\/a> \u0647\u0646\u0627\u0643 \u0627\u0644\u0639\u062f\u064a\u062f \u0645\u0646 \u0627\u0644\u0641\u0631\u0635 \u0627\u0644\u062a\u064a \u064a\u0645\u0643\u0646 \u0623\u0646 \u062a\u062a\u062d\u0642\u0642 \u0645\u0646 \u062e\u0644\u0627\u0644 \u0647\u0630\u0647 \u0627\u0644\u062e\u062f\u0645\u0629. <\/p>\n","protected":false},"excerpt":{"rendered":"<p>\u0628\u0643\u062a\u0631\u064a\u064a\u0644 \u0623\u0644\u0641\u0627 \u0623\u0644\u0641\u0627 \u0623\u0645\u064a\u0644\u0627\u0632 \u0627\u0646\u0632\u064a\u0645\u064a &#8211; 20 \u0643\u062c\u0645 Bakteriyel Alfa Alfa \u03b1 Amilaz Enzimi, f\u0131r\u0131nc\u0131l\u0131k ve ni\u015fasta bazl\u0131 s\u00fcre\u00e7lerinde y\u00fcksek performans sa\u011flayan, saf ve standardize edilmi\u015f bir enzimdir. \u0643\u0645\u0627 \u0623\u0646 \u0647\u0630\u0647 \u0627\u0644\u0639\u0645\u0644\u064a\u0629 \u0644\u0627 \u064a\u0645\u0643\u0646 \u0623\u0646 \u062a\u0643\u0648\u0646 \u0645\u0643\u0644\u0641\u0629 \u0641\u064a \u0627\u0644\u0648\u0642\u062a \u0627\u0644\u062d\u0627\u0644\u064a. \u0644\u0627 \u064a\u0645\u0643\u0646 \u0623\u0646 \u064a\u0643\u0648\u0646 \u0647\u0646\u0627\u0643 \u0623\u064a \u0634\u064a\u0621 \u064a\u0645\u0643\u0646 \u0623\u0646 \u064a\u0643\u0648\u0646 \u0644\u0647 \u062a\u0623\u062b\u064a\u0631 \u0639\u0644\u0649 \u0635\u062d\u0629 \u0627\u0644\u0625\u0646\u0633\u0627\u0646 [&#8230;]\n","protected":false},"featured_media":1092,"comment_status":"open","ping_status":"closed","template":"","meta":{"_joinchat":[]},"product_brand":[],"product_cat":[89,78],"product_tag":[],"class_list":{"0":"post-1091","1":"product","2":"type-product","3":"status-publish","4":"has-post-thumbnail","6":"product_cat-ekmcilik-enzimleri","7":"product_cat-78","9":"first","10":"instock","11":"taxable","12":"shipping-taxable","13":"purchasable","14":"product-type-simple"},"_links":{"self":[{"href":"https:\/\/www.eskamarket.com\/ar\/wp-json\/wp\/v2\/product\/1091","targetHints":{"allow":["GET"]}}],"collection":[{"href":"https:\/\/www.eskamarket.com\/ar\/wp-json\/wp\/v2\/product"}],"about":[{"href":"https:\/\/www.eskamarket.com\/ar\/wp-json\/wp\/v2\/types\/product"}],"replies":[{"embeddable":true,"href":"https:\/\/www.eskamarket.com\/ar\/wp-json\/wp\/v2\/comments?post=1091"}],"wp:featuredmedia":[{"embeddable":true,"href":"https:\/\/www.eskamarket.com\/ar\/wp-json\/wp\/v2\/media\/1092"}],"wp:attachment":[{"href":"https:\/\/www.eskamarket.com\/ar\/wp-json\/wp\/v2\/media?parent=1091"}],"wp:term":[{"taxonomy":"product_brand","embeddable":true,"href":"https:\/\/www.eskamarket.com\/ar\/wp-json\/wp\/v2\/product_brand?post=1091"},{"taxonomy":"product_cat","embeddable":true,"href":"https:\/\/www.eskamarket.com\/ar\/wp-json\/wp\/v2\/product_cat?post=1091"},{"taxonomy":"product_tag","embeddable":true,"href":"https:\/\/www.eskamarket.com\/ar\/wp-json\/wp\/v2\/product_tag?post=1091"}],"curies":[{"name":"wp","href":"https:\/\/api.w.org\/{rel}","templated":true}]}}