{"id":988,"date":"2023-05-06T21:09:13","date_gmt":"2023-05-06T18:09:13","guid":{"rendered":"https:\/\/www.eskamarket.com\/%d8%a7%d8%aa%d8%b5%d9%84-%d8%a8%d9%86%d8%a7\/"},"modified":"2025-04-11T00:46:00","modified_gmt":"2025-04-10T21:46:00","slug":"%d8%a7%d8%aa%d8%b5%d9%84-%d8%a8%d9%86%d8%a7","status":"publish","type":"page","link":"https:\/\/www.eskamarket.com\/ar\/%d8%a7%d8%aa%d8%b5%d9%84-%d8%a8%d9%86%d8%a7\/","title":{"rendered":"\u0627\u062a\u0635\u0644 \u0628\u0646\u0627"},"content":{"rendered":"<div class=\"container section-title-container\" ><h3 class=\"section-title section-title-center\"><b><\/b><span class=\"section-title-main\" >\u0645\u0639\u0644\u0648\u0645\u0627\u062a \u0627\u0644\u0627\u062a\u0635\u0627\u0644<\/span><b><\/b><\/h3><\/div>\n<p><span style=\"color: #333399;\"><strong>eskamarket.com Eska Bili\u015fim ve Dan\u0131\u015fmanl\u0131k Hizmetleri Alsu Ayano\u011flu<\/strong><\/span><\/p>\n<p><span style=\"color: #333399;\">\u0639\u0646\u0648\u0627\u0646 \u0627\u0644\u0645\u0631\u0627\u0633\u0644\u0629 : \u062c\u0648\u0644\u0643\u0648\u0643\u0644\u0631 \u0645\u0627\u0647\u0627\u0644\u064a\u0633\u064a \u0646\u0627\u0631\u064a\u0646 \u0633\u0648\u0643\u0627\u0643 \u0631\u0642\u0645: 8\/4 35471 \u0645\u0646\u062f\u0631\u064a\u0633 \u0625\u0632\u0645\u064a\u0631 \u062a\u0631\u0643\u064a\u0627<\/span><\/p>\n<p><span style=\"color: #333399;\">\u062a\u0644\u064a\u0641\u0648\u0646 +90 554 770 70 90 <\/span><\/p>\n<p><span style=\"color: #333399;\">\u0647\u0627\u062a\u0641 \u0645\u062d\u0645\u0648\u0644 +90 554 770 70 90<\/span><\/p>\n<p><span style=\"color: #333399;\">\u0627\u0644\u0628\u0631\u064a\u062f \u0627\u0644\u0625\u0644\u0643\u062a\u0631\u0648\u0646\u064a: destek@eskamarket.com<\/span><\/p>\n<div class=\"container section-title-container\" ><h3 class=\"section-title section-title-center\"><b><\/b><span class=\"section-title-main\" >\u0646\u0645\u0648\u0630\u062c \u0627\u0644\u0627\u062a\u0635\u0627\u0644<\/span><b><\/b><\/h3><\/div>\n<style id=\"wpforms-css-vars-205\">\n\t\t\t\t#wpforms-205 {\n\t\t\t\t\n\t\t\t}\n\t\t\t<\/style><div class=\"wpforms-container wpforms-container-full wpforms-render-modern\" id=\"wpforms-205\"><form id=\"wpforms-form-205\" class=\"wpforms-validate wpforms-form wpforms-ajax-form\" data-formid=\"205\" method=\"post\" enctype=\"multipart\/form-data\" action=\"\/ar\/wp-json\/wp\/v2\/pages\/988\" data-token=\"c05f8bf9cfb34fcd404780edc240dc0b\" data-token-time=\"1777520784\"><noscript class=\"wpforms-error-noscript\">Please enable JavaScript in your browser to complete this form.<\/noscript><div id=\"wpforms-error-noscript\" style=\"display: none;\">Please enable JavaScript in your browser to complete this form.<\/div><div class=\"wpforms-field-container\"><div id=\"wpforms-205-field_0-container\" class=\"wpforms-field wpforms-field-name\" data-field-id=\"0\"><fieldset><legend class=\"wpforms-field-label\">Ad\u0131n\u0131z Soyad\u0131n\u0131z <span class=\"wpforms-required-label\" aria-hidden=\"true\">*<\/span><\/legend><div class=\"wpforms-field-row wpforms-field-medium\"><div class=\"wpforms-field-row-block wpforms-first wpforms-one-half\"><input type=\"text\" id=\"wpforms-205-field_0\" class=\"wpforms-field-name-first wpforms-field-required\" name=\"wpforms[fields][0][first]\" aria-errormessage=\"wpforms-205-field_0-error\" required><label for=\"wpforms-205-field_0\" class=\"wpforms-field-sublabel after\">First<\/label><\/div><div class=\"wpforms-field-row-block wpforms-one-half\"><input type=\"text\" id=\"wpforms-205-field_0-last\" class=\"wpforms-field-name-last wpforms-field-required\" name=\"wpforms[fields][0][last]\" aria-errormessage=\"wpforms-205-field_0-last-error\" required><label for=\"wpforms-205-field_0-last\" class=\"wpforms-field-sublabel after\">Last<\/label><\/div><\/div><\/fieldset><\/div><div id=\"wpforms-205-field_1-container\" class=\"wpforms-field wpforms-field-email\" data-field-id=\"1\"><label class=\"wpforms-field-label\" for=\"wpforms-205-field_1\">E-posta <span class=\"wpforms-required-label\" aria-hidden=\"true\">*<\/span><\/label><input type=\"email\" id=\"wpforms-205-field_1\" class=\"wpforms-field-medium wpforms-field-required\" name=\"wpforms[fields][1]\" spellcheck=\"false\" aria-errormessage=\"wpforms-205-field_1-error\" required><\/div><div id=\"wpforms-205-field_3-container\" class=\"wpforms-field wpforms-field-number\" data-field-id=\"3\"><label class=\"wpforms-field-label\" for=\"wpforms-205-field_3\">Telefon <span class=\"wpforms-required-label\" aria-hidden=\"true\">*<\/span><\/label><input type=\"number\" id=\"wpforms-205-field_3\" class=\"wpforms-field-medium wpforms-field-required\" name=\"wpforms[fields][3]\" step=\"any\" aria-errormessage=\"wpforms-205-field_3-error\" required><\/div><div id=\"wpforms-205-field_2-container\" class=\"wpforms-field wpforms-field-textarea\" data-field-id=\"2\"><label class=\"wpforms-field-label\" for=\"wpforms-205-field_2\">Yorum veya Mesaj\u0131n\u0131z<\/label><textarea id=\"wpforms-205-field_2\" class=\"wpforms-field-medium\" name=\"wpforms[fields][2]\" aria-errormessage=\"wpforms-205-field_2-error\" ><\/textarea><\/div><\/div><!-- .wpforms-field-container --><div class=\"wpforms-recaptcha-container wpforms-is-recaptcha wpforms-is-recaptcha-type-v3\" ><input type=\"hidden\" name=\"wpforms[recaptcha]\" value=\"\"><\/div><div class=\"wpforms-submit-container\" ><input type=\"hidden\" name=\"wpforms[id]\" value=\"205\"><input type=\"hidden\" name=\"page_title\" value=\"\"><input type=\"hidden\" name=\"page_url\" value=\"https:\/\/www.eskamarket.com\/ar\/wp-json\/wp\/v2\/pages\/988\"><input type=\"hidden\" name=\"url_referer\" value=\"\"><button type=\"submit\" name=\"wpforms[submit]\" id=\"wpforms-submit-205\" class=\"wpforms-submit\" data-alt-text=\"G\u00f6nderiliyor...\" data-submit-text=\"G\u00f6nder\" aria-live=\"assertive\" value=\"wpforms-submit\">G\u00f6nder<\/button><img loading=\"lazy\" decoding=\"async\" src=\"https:\/\/www.eskamarket.com\/wp-content\/plugins\/wpforms-lite\/assets\/images\/submit-spin.svg\" class=\"wpforms-submit-spinner\" style=\"display: none;\" width=\"26\" height=\"26\" alt=\"Loading\"><\/div><\/form><\/div>  <!-- .wpforms-container -->\n","protected":false},"excerpt":{"rendered":"<p>eskamarket.com Eska Bili\u015fim ve Dan\u0131\u015fmanl\u0131k Hizmetleri Alsu Ayano\u011flu \u0639\u0646\u0648\u0627\u0646 \u0627\u0644\u0645\u0631\u0627\u0633\u0644\u0629 : \u062c\u0648\u0644\u0643\u0648\u0643\u0644\u0631 \u0645\u0627\u0647\u0627\u0644\u064a\u0633\u064a \u0646\u0627\u0631\u064a\u0646 \u0633\u0648\u0643\u0627\u0643 \u0631\u0642\u0645: 8\/4 35471 \u0645\u0646\u062f\u0631\u064a\u0633 \u0625\u0632\u0645\u064a\u0631 \u062a\u0631\u0643\u064a\u0627 \u062a\u0644\u064a\u0641\u0648\u0646 +90 554 770 70 90 \u0647\u0627\u062a\u0641 \u0645\u062d\u0645\u0648\u0644 +90 554 770 70 90 \u0627\u0644\u0628\u0631\u064a\u062f \u0627\u0644\u0625\u0644\u0643\u062a\u0631\u0648\u0646\u064a: destek@eskamarket.com<\/p>\n","protected":false},"author":1,"featured_media":0,"parent":0,"menu_order":0,"comment_status":"closed","ping_status":"closed","template":"","meta":{"_joinchat":[],"footnotes":""},"class_list":["post-988","page","type-page","status-publish","hentry"],"_links":{"self":[{"href":"https:\/\/www.eskamarket.com\/ar\/wp-json\/wp\/v2\/pages\/988","targetHints":{"allow":["GET"]}}],"collection":[{"href":"https:\/\/www.eskamarket.com\/ar\/wp-json\/wp\/v2\/pages"}],"about":[{"href":"https:\/\/www.eskamarket.com\/ar\/wp-json\/wp\/v2\/types\/page"}],"author":[{"embeddable":true,"href":"https:\/\/www.eskamarket.com\/ar\/wp-json\/wp\/v2\/users\/1"}],"replies":[{"embeddable":true,"href":"https:\/\/www.eskamarket.com\/ar\/wp-json\/wp\/v2\/comments?post=988"}],"version-history":[{"count":1,"href":"https:\/\/www.eskamarket.com\/ar\/wp-json\/wp\/v2\/pages\/988\/revisions"}],"predecessor-version":[{"id":991,"href":"https:\/\/www.eskamarket.com\/ar\/wp-json\/wp\/v2\/pages\/988\/revisions\/991"}],"wp:attachment":[{"href":"https:\/\/www.eskamarket.com\/ar\/wp-json\/wp\/v2\/media?parent=988"}],"curies":[{"name":"wp","href":"https:\/\/api.w.org\/{rel}","templated":true}]}}